{"id":2066,"date":"2018-09-21T00:29:36","date_gmt":"2018-09-20T22:29:36","guid":{"rendered":"https:\/\/sbv-asgm.ch\/?page_id=2066"},"modified":"2024-06-13T15:07:38","modified_gmt":"2024-06-13T13:07:38","slug":"impressum","status":"publish","type":"page","link":"https:\/\/sbv-asgm.ch\/fr\/impressum\/","title":{"rendered":"Impressum"},"content":{"rendered":"<div id='grid-top'  class='av-layout-grid-container av-jlkld06b-2312b7cdc114b9f52da6688e90ca0a55 entry-content-wrapper main_color av-flex-cells av-break-at-tablet  avia-builder-el-0  el_before_av_section  avia-builder-el-first   container_wrap sidebar_right'  >\n\n<style type=\"text\/css\" data-created_by=\"avia_inline_auto\" id=\"style-css-av-jkzq5-76547d0ed4de32ab606b660e9aea37fb\">\n.flex_cell.av-jkzq5-76547d0ed4de32ab606b660e9aea37fb{\nvertical-align:top;\n}\n.responsive #top #wrap_all .flex_cell.av-jkzq5-76547d0ed4de32ab606b660e9aea37fb{\npadding:0px 0px 0px 0px !important;\n}\n<\/style>\n<div class='flex_cell av-jkzq5-76547d0ed4de32ab606b660e9aea37fb av-gridrow-cell av_two_third no_margin  avia-builder-el-1  el_before_av_cell_one_third  avia-builder-el-first  content-align-top av-zero-padding'  ><div class='flex_cell_inner'><div  class='avia-slideshow av-k4q18lsm-354af697af368f91cc41788bbe21d6fc avia-slideshow-no scaling av_slideshow avia-slide-slider  avia-builder-el-2  avia-builder-el-no-sibling  grid-top-slider av-slideshow-ui av-control-default av-slideshow-manual av-loop-once av-loop-manual-endless av-default-height-applied avia-slideshow-1' data-slideshow-options=\"{&quot;animation&quot;:&quot;slide&quot;,&quot;autoplay&quot;:false,&quot;loop_autoplay&quot;:&quot;once&quot;,&quot;interval&quot;:5,&quot;loop_manual&quot;:&quot;manual-endless&quot;,&quot;autoplay_stopper&quot;:false,&quot;noNavigation&quot;:false,&quot;bg_slider&quot;:false,&quot;keep_padding&quot;:false,&quot;hoverpause&quot;:false,&quot;show_slide_delay&quot;:0}\"  itemprop=\"image\" itemscope=\"itemscope\" itemtype=\"https:\/\/schema.org\/ImageObject\" ><ul class='avia-slideshow-inner ' style='padding-bottom: 48.636363636364%;'><li  class='avia-slideshow-slide av-k4q18lsm-354af697af368f91cc41788bbe21d6fc__0  av-single-slide slide-1 slide-odd'><div data-rel='slideshow-1' class='avia-slide-wrap '   ><img decoding=\"async\" fetchpriority=\"high\" class=\"wp-image-14019 avia-img-lazy-loading-not-14019\"  src=\"https:\/\/sbv-asgm.ch\/wp-content\/uploads\/thomas-waelti-ursi-goetz-pizalun-1100x535-1.jpg\" width=\"1100\" height=\"535\" title='Ursi Goetz, Pizalun (Photo Thomas W\u00e4lti)' alt='Ursi Goetz, Pizalun (Photo Thomas W\u00e4lti)'  itemprop=\"thumbnailUrl\" srcset=\"https:\/\/sbv-asgm.ch\/wp-content\/uploads\/thomas-waelti-ursi-goetz-pizalun-1100x535-1.jpg 1100w, https:\/\/sbv-asgm.ch\/wp-content\/uploads\/thomas-waelti-ursi-goetz-pizalun-1100x535-1-300x146.jpg 300w, https:\/\/sbv-asgm.ch\/wp-content\/uploads\/thomas-waelti-ursi-goetz-pizalun-1100x535-1-1030x501.jpg 1030w, https:\/\/sbv-asgm.ch\/wp-content\/uploads\/thomas-waelti-ursi-goetz-pizalun-1100x535-1-768x374.jpg 768w, https:\/\/sbv-asgm.ch\/wp-content\/uploads\/thomas-waelti-ursi-goetz-pizalun-1100x535-1-705x343.jpg 705w\" sizes=\"(max-width: 1100px) 100vw, 1100px\" \/><\/div><\/li><\/ul><\/div>\n<\/div><\/div>\n<style type=\"text\/css\" data-created_by=\"avia_inline_auto\" id=\"style-css-av-afdzh-79facdb0da670d6e7674da534145b6b2\">\n.flex_cell.av-afdzh-79facdb0da670d6e7674da534145b6b2{\nvertical-align:middle;\n}\n.responsive #top #wrap_all .flex_cell.av-afdzh-79facdb0da670d6e7674da534145b6b2{\npadding:10px 30px 0px 30px !important;\n}\n<\/style>\n<div class='flex_cell av-afdzh-79facdb0da670d6e7674da534145b6b2 av-gridrow-cell av_one_third no_margin  avia-builder-el-3  el_after_av_cell_two_third  avia-builder-el-last  grid-top-bf content-align-middle'  ><div class='flex_cell_inner'><section  class='av_textblock_section av-jlklc0tk-71c9ae695cabee779fc61d9514ce9f7c '   itemscope=\"itemscope\" itemtype=\"https:\/\/schema.org\/CreativeWork\" ><div class='avia_textblock h1-menu'  itemprop=\"text\" ><h1>Impressum<\/h1>\n<ul>\n<li><a href=\"#domaine\">Domaine<\/a><\/li>\n<li><a href=\"#projet\">Projet<\/a><\/li>\n<\/ul>\n<\/div><\/section>\n<\/div><\/div>\n<\/div>\n<div id='domaine'  class='avia-section av-jlkqkni4-a00636f2fba80e84f15683f20ce9bd81 main_color avia-section-default avia-no-border-styling  avia-builder-el-5  el_after_av_layout_row  el_before_av_section  avia-bg-style-scroll container_wrap sidebar_right'  ><div class='container av-section-cont-open' ><div class='template-page content  av-content-small alpha units'><div class='post-entry post-entry-type-page post-entry-2066'><div class='entry-content-wrapper clearfix'>\n\n<style type=\"text\/css\" data-created_by=\"avia_inline_auto\" id=\"style-css-av-hl10c-f1561dbc3ae2daaeaf4cc36dd59dee6a\">\n.flex_column.av-hl10c-f1561dbc3ae2daaeaf4cc36dd59dee6a{\nborder-radius:0px 0px 0px 0px;\npadding:0px 0px 0px 0px;\n}\n<\/style>\n<div  class='flex_column av-hl10c-f1561dbc3ae2daaeaf4cc36dd59dee6a av_one_full  avia-builder-el-6  avia-builder-el-no-sibling  first av-break-at-tablet flex_column_div av-zero-column-padding  '     ><p>\n<style type=\"text\/css\" data-created_by=\"avia_inline_auto\" id=\"style-css-av-4dhu8y-22fa63f17bc2c8eb0f81c40972d2ebaf\">\n#top .av-special-heading.av-4dhu8y-22fa63f17bc2c8eb0f81c40972d2ebaf{\npadding-bottom:20px;\n}\nbody .av-special-heading.av-4dhu8y-22fa63f17bc2c8eb0f81c40972d2ebaf .av-special-heading-tag .heading-char{\nfont-size:25px;\n}\n.av-special-heading.av-4dhu8y-22fa63f17bc2c8eb0f81c40972d2ebaf .av-subheading{\nfont-size:15px;\n}\n<\/style>\n<div  class='av-special-heading av-4dhu8y-22fa63f17bc2c8eb0f81c40972d2ebaf av-special-heading-h2 blockquote modern-quote  avia-builder-el-7  el_before_av_textblock  avia-builder-el-first '><h2 class='av-special-heading-tag '  itemprop=\"headline\"  ><span id=\"domaine\"><\/span>sbv-asgm.ch<\/h2><div class=\"special-heading-border\"><div class=\"special-heading-inner-border\"><\/div><\/div><\/div><br \/>\n<section  class='av_textblock_section av-jlzkxqfi-7da6c56dfbe0c472643183e0defd325e '   itemscope=\"itemscope\" itemtype=\"https:\/\/schema.org\/CreativeWork\" ><div class='avia_textblock'  itemprop=\"text\" ><p>Association suisse<br \/>\ndes guides de montagnes ASGM<br \/>\nPierre Mathey<br \/>\nMonbijoustrasse 61<br \/>\n3000 Berne 14<br \/>\nSwitzerland<\/p>\n<p><a href=\"mailto:pierre.mathey@4000plus.ch\">pierre.mathey@4000plus.ch<\/a><\/p>\n<\/div><\/section><\/p><\/div>\n\n<\/div><\/div><\/div><!-- close content main div --><\/div><\/div><div id='projet'  class='avia-section av-jlkqkni4-c52ff2a49851ae36ae83540347ab0be5 main_color avia-section-default avia-no-border-styling  avia-builder-el-9  el_after_av_section  avia-builder-el-last  avia-bg-style-scroll container_wrap sidebar_right'  ><div class='container av-section-cont-open' ><div class='template-page content  av-content-small alpha units'><div class='post-entry post-entry-type-page post-entry-2066'><div class='entry-content-wrapper clearfix'>\n\n<style type=\"text\/css\" data-created_by=\"avia_inline_auto\" id=\"style-css-av-av_heading-7cd402b32ee1ae5633272ecb8c116c3b\">\n#top .av-special-heading.av-av_heading-7cd402b32ee1ae5633272ecb8c116c3b{\npadding-bottom:20px;\n}\nbody .av-special-heading.av-av_heading-7cd402b32ee1ae5633272ecb8c116c3b .av-special-heading-tag .heading-char{\nfont-size:25px;\n}\n.av-special-heading.av-av_heading-7cd402b32ee1ae5633272ecb8c116c3b .av-subheading{\nfont-size:15px;\n}\n<\/style>\n<div  class='av-special-heading av-av_heading-7cd402b32ee1ae5633272ecb8c116c3b av-special-heading-h2 blockquote modern-quote  avia-builder-el-10  el_before_av_one_full  avia-builder-el-first '><h2 class='av-special-heading-tag '  itemprop=\"headline\"  ><span id=\"projet\"><\/span>Projet<\/h2><div class=\"special-heading-border\"><div class=\"special-heading-inner-border\"><\/div><\/div><\/div>\n\n<style type=\"text\/css\" data-created_by=\"avia_inline_auto\" id=\"style-css-av-hl10c-c720bd9bbdc6cd3f0caeca6c50c6a98f\">\n.flex_column.av-hl10c-c720bd9bbdc6cd3f0caeca6c50c6a98f{\nborder-radius:0px 0px 0px 0px;\npadding:0px 0px 0px 0px;\n}\n<\/style>\n<div  class='flex_column av-hl10c-c720bd9bbdc6cd3f0caeca6c50c6a98f av_one_full  avia-builder-el-11  el_after_av_heading  el_before_av_one_half  first flex_column_div av-zero-column-padding  '     ><p><section  class='av_textblock_section av-jlzkzoxc-855ce0ea284cf067d25db06397804ec1 '   itemscope=\"itemscope\" itemtype=\"https:\/\/schema.org\/CreativeWork\" ><div class='avia_textblock'  itemprop=\"text\" ><p><a href=\"https:\/\/sbv-asgm.ch\/fr\"><img loading=\"lazy\" decoding=\"async\" class=\"alignnone size-full wp-image-14090\" src=\"https:\/\/sbv-asgm.ch\/wp-content\/uploads\/logo-sbv-asgm-356x114-1.jpg\" alt=\"Association suisse des guides de montagnes ASGM\" width=\"356\" height=\"114\" srcset=\"https:\/\/sbv-asgm.ch\/wp-content\/uploads\/logo-sbv-asgm-356x114-1.jpg 356w, https:\/\/sbv-asgm.ch\/wp-content\/uploads\/logo-sbv-asgm-356x114-1-300x96.jpg 300w\" sizes=\"auto, (max-width: 356px) 100vw, 356px\" \/><\/a><br \/>\nPierre Mathey, Secr\u00e9taire g\u00e9n\u00e9ral<\/p>\n<\/div><\/section><br \/>\n<section  class='av_textblock_section av-jlzkzoxc-855ce0ea284cf067d25db06397804ec1 '   itemscope=\"itemscope\" itemtype=\"https:\/\/schema.org\/CreativeWork\" ><div class='avia_textblock'  itemprop=\"text\" ><p><img loading=\"lazy\" decoding=\"async\" class=\"alignnone size-full wp-image-14393\" src=\"https:\/\/sbv-asgm.ch\/wp-content\/uploads\/2019-logo-artes-kulturtechnologie-130x144-1.png\" alt=\"artes kulturtechnologie fabian perren MA \u2013 implementable solutions\" width=\"130\" height=\"144\" \/><\/p>\n<\/div><\/section><\/p><\/div>\n<style type=\"text\/css\" data-created_by=\"avia_inline_auto\" id=\"style-css-av-hl10c-c720bd9bbdc6cd3f0caeca6c50c6a98f\">\n.flex_column.av-hl10c-c720bd9bbdc6cd3f0caeca6c50c6a98f{\nborder-radius:0px 0px 0px 0px;\npadding:0px 0px 0px 0px;\n}\n<\/style>\n<div  class='flex_column av-hl10c-c720bd9bbdc6cd3f0caeca6c50c6a98f av_one_half  avia-builder-el-14  el_after_av_one_full  el_before_av_one_half  first flex_column_div av-zero-column-padding  column-top-margin'     ><p><section  class='av_textblock_section av-jlzkzoxc-59d2a74e0347e9bb020aee13b591ee65 '   itemscope=\"itemscope\" itemtype=\"https:\/\/schema.org\/CreativeWork\" ><div class='avia_textblock'  itemprop=\"text\" ><p><strong>Photos<br \/>\n<\/strong>Urs Wellauer<br \/>\nAnton Dinkel<br \/>\nThomas W\u00e4lti<\/p>\n<\/div><\/section><br \/>\n<section  class='av_textblock_section av-jlzkzoxc-855ce0ea284cf067d25db06397804ec1 '   itemscope=\"itemscope\" itemtype=\"https:\/\/schema.org\/CreativeWork\" ><div class='avia_textblock'  itemprop=\"text\" ><p><strong>Slider photos \u00ab\u00a0Formations additionelles\u00a0\u00bb (page d&rsquo;accueil)<\/strong><br \/>\nClub Alpin Suisse SAC, Swiss Snowsports, Jeunesse + Sport, Remont\u00e9es M\u00e9caniques Suisses, Swiss Cycling Guide, Swiss Outdoor Association, CI Murs d&rsquo;escalade<\/p>\n<\/div><\/section><\/p><\/div>\n<style type=\"text\/css\" data-created_by=\"avia_inline_auto\" id=\"style-css-av-hl10c-f63348b300614cf539986af9a193497d\">\n.flex_column.av-hl10c-f63348b300614cf539986af9a193497d{\nborder-radius:0px 0px 0px 0px;\npadding:0px 0px 0px 0px;\n}\n<\/style>\n<div  class='flex_column av-hl10c-f63348b300614cf539986af9a193497d av_one_half  avia-builder-el-17  el_after_av_one_half  el_before_av_one_full  flex_column_div av-zero-column-padding  column-top-margin'     ><\/div>\n<style type=\"text\/css\" data-created_by=\"avia_inline_auto\" id=\"style-css-av-hl10c-c720bd9bbdc6cd3f0caeca6c50c6a98f\">\n.flex_column.av-hl10c-c720bd9bbdc6cd3f0caeca6c50c6a98f{\nborder-radius:0px 0px 0px 0px;\npadding:0px 0px 0px 0px;\n}\n<\/style>\n<div  class='flex_column av-hl10c-c720bd9bbdc6cd3f0caeca6c50c6a98f av_one_full  avia-builder-el-18  el_after_av_one_half  el_before_av_one_full  first flex_column_div av-zero-column-padding  column-top-margin'     ><section  class='av_textblock_section av-jlzkzoxc-855ce0ea284cf067d25db06397804ec1 '   itemscope=\"itemscope\" itemtype=\"https:\/\/schema.org\/CreativeWork\" ><div class='avia_textblock'  itemprop=\"text\" ><p><strong>Espace membre, section \u00ab\u00a0Interne\u00a0\u00bb, recherche de guides de montagne, Tarifs &amp; CG<br \/>\n<\/strong><\/p>\n<p><a href=\"https:\/\/www.e-hist.ch\/\" target=\"_blank\" rel=\"noopener noreferrer\"><img loading=\"lazy\" decoding=\"async\" class=\"alignnone size-full wp-image-14078\" src=\"https:\/\/sbv-asgm.ch\/wp-content\/uploads\/logo-e-hist-102x55-1.jpg\" alt=\"e-hist - Services informatiques (non seulement) pour l'histoire\" width=\"102\" height=\"55\" \/><\/a><br \/>\nDr. Gerold Ritter<br \/>\nProgrammation et graphisme<\/p>\n<\/div><\/section><\/div>\n<style type=\"text\/css\" data-created_by=\"avia_inline_auto\" id=\"style-css-av-hl10c-c720bd9bbdc6cd3f0caeca6c50c6a98f\">\n.flex_column.av-hl10c-c720bd9bbdc6cd3f0caeca6c50c6a98f{\nborder-radius:0px 0px 0px 0px;\npadding:0px 0px 0px 0px;\n}\n<\/style>\n<div  class='flex_column av-hl10c-c720bd9bbdc6cd3f0caeca6c50c6a98f av_one_full  avia-builder-el-20  el_after_av_one_full  avia-builder-el-last  first flex_column_div av-zero-column-padding  column-top-margin'     ><section  class='av_textblock_section av-jlzkzoxc-eecc1d384d8b26898c9c29409a749f19 '   itemscope=\"itemscope\" itemtype=\"https:\/\/schema.org\/CreativeWork\" ><div class='avia_textblock'  itemprop=\"text\" ><p><strong>Site internet<br \/>\n<\/strong><\/p>\n<p><a href=\"https:\/\/artesmedia.ch\" target=\"_blank\" rel=\"noopener noreferrer\"><img loading=\"lazy\" decoding=\"async\" class=\"alignnone size-full wp-image-13414\" src=\"https:\/\/sbv-asgm.ch\/wp-content\/uploads\/logo-artesmedia-260x60-1.png\" alt=\"artesmedia.ch by artes kulturtechnologie\" width=\"260\" height=\"60\" \/><\/a><br \/>\nWebdesign, design graphique,<br \/>\ntexte, SEO<\/p>\n<\/div><\/section><\/div><\/div><\/div><\/div><!-- close content main div --><\/div><\/div><div id='after_section_2'  class='main_color av_default_container_wrap container_wrap sidebar_right'  ><div class='container av-section-cont-open' ><div class='template-page content  av-content-small alpha units'><div class='post-entry post-entry-type-page post-entry-2066'><div class='entry-content-wrapper clearfix'>\n","protected":false},"excerpt":{"rendered":"","protected":false},"author":17,"featured_media":0,"parent":0,"menu_order":81,"comment_status":"closed","ping_status":"closed","template":"","meta":{"_acf_changed":false,"footnotes":"","_links_to":"","_links_to_target":""},"class_list":["post-2066","page","type-page","status-publish","hentry"],"acf":[],"yoast_head":"<!-- This site is optimized with the Yoast SEO plugin v27.4 - https:\/\/yoast.com\/product\/yoast-seo-wordpress\/ -->\n<title>Impressum - Schweizer Bergf\u00fchrerverband SBV-ASGM<\/title>\n<meta name=\"robots\" content=\"index, follow, max-snippet:-1, max-image-preview:large, max-video-preview:-1\" \/>\n<link rel=\"canonical\" href=\"https:\/\/sbv-asgm.ch\/fr\/impressum\/\" \/>\n<meta property=\"og:locale\" content=\"fr_FR\" \/>\n<meta property=\"og:type\" content=\"article\" \/>\n<meta property=\"og:title\" content=\"Impressum - Schweizer Bergf\u00fchrerverband SBV-ASGM\" \/>\n<meta property=\"og:url\" content=\"https:\/\/sbv-asgm.ch\/fr\/impressum\/\" \/>\n<meta property=\"og:site_name\" content=\"Schweizer Bergf\u00fchrerverband SBV-ASGM\" \/>\n<meta property=\"article:modified_time\" content=\"2024-06-13T13:07:38+00:00\" \/>\n<meta property=\"og:image\" content=\"https:\/\/sbv-asgm.ch\/wp-content\/uploads\/logo-sbv-asgm-356x114-1.jpg\" \/>\n<meta name=\"twitter:card\" content=\"summary_large_image\" \/>\n<meta name=\"twitter:label1\" content=\"Dur\u00e9e de lecture estim\u00e9e\" \/>\n\t<meta name=\"twitter:data1\" content=\"8 minutes\" \/>\n<script type=\"application\/ld+json\" class=\"yoast-schema-graph\">{\"@context\":\"https:\\\/\\\/schema.org\",\"@graph\":[{\"@type\":\"WebPage\",\"@id\":\"https:\\\/\\\/sbv-asgm.ch\\\/fr\\\/impressum\\\/\",\"url\":\"https:\\\/\\\/sbv-asgm.ch\\\/fr\\\/impressum\\\/\",\"name\":\"Impressum - Schweizer Bergf\u00fchrerverband SBV-ASGM\",\"isPartOf\":{\"@id\":\"https:\\\/\\\/sbv-asgm.ch\\\/fr\\\/#website\"},\"primaryImageOfPage\":{\"@id\":\"https:\\\/\\\/sbv-asgm.ch\\\/fr\\\/impressum\\\/#primaryimage\"},\"image\":{\"@id\":\"https:\\\/\\\/sbv-asgm.ch\\\/fr\\\/impressum\\\/#primaryimage\"},\"thumbnailUrl\":\"https:\\\/\\\/sbv-asgm.ch\\\/wp-content\\\/uploads\\\/logo-sbv-asgm-356x114-1.jpg\",\"datePublished\":\"2018-09-20T22:29:36+00:00\",\"dateModified\":\"2024-06-13T13:07:38+00:00\",\"breadcrumb\":{\"@id\":\"https:\\\/\\\/sbv-asgm.ch\\\/fr\\\/impressum\\\/#breadcrumb\"},\"inLanguage\":\"fr-FR\",\"potentialAction\":[{\"@type\":\"ReadAction\",\"target\":[\"https:\\\/\\\/sbv-asgm.ch\\\/fr\\\/impressum\\\/\"]}]},{\"@type\":\"ImageObject\",\"inLanguage\":\"fr-FR\",\"@id\":\"https:\\\/\\\/sbv-asgm.ch\\\/fr\\\/impressum\\\/#primaryimage\",\"url\":\"https:\\\/\\\/sbv-asgm.ch\\\/wp-content\\\/uploads\\\/logo-sbv-asgm-356x114-1.jpg\",\"contentUrl\":\"https:\\\/\\\/sbv-asgm.ch\\\/wp-content\\\/uploads\\\/logo-sbv-asgm-356x114-1.jpg\"},{\"@type\":\"BreadcrumbList\",\"@id\":\"https:\\\/\\\/sbv-asgm.ch\\\/fr\\\/impressum\\\/#breadcrumb\",\"itemListElement\":[{\"@type\":\"ListItem\",\"position\":1,\"name\":\"Startseite\",\"item\":\"https:\\\/\\\/sbv-asgm.ch\\\/fr\\\/\"},{\"@type\":\"ListItem\",\"position\":2,\"name\":\"Impressum\"}]},{\"@type\":\"WebSite\",\"@id\":\"https:\\\/\\\/sbv-asgm.ch\\\/fr\\\/#website\",\"url\":\"https:\\\/\\\/sbv-asgm.ch\\\/fr\\\/\",\"name\":\"Schweizer Bergf\u00fchrerverband SBV-ASGM\",\"description\":\"Bergf\u00fchrer, Wanderleiter, Kletterlehrer, H\u00f6henarbeiter\",\"publisher\":{\"@id\":\"https:\\\/\\\/sbv-asgm.ch\\\/fr\\\/#organization\"},\"potentialAction\":[{\"@type\":\"SearchAction\",\"target\":{\"@type\":\"EntryPoint\",\"urlTemplate\":\"https:\\\/\\\/sbv-asgm.ch\\\/fr\\\/?s={search_term_string}\"},\"query-input\":{\"@type\":\"PropertyValueSpecification\",\"valueRequired\":true,\"valueName\":\"search_term_string\"}}],\"inLanguage\":\"fr-FR\"},{\"@type\":\"Organization\",\"@id\":\"https:\\\/\\\/sbv-asgm.ch\\\/fr\\\/#organization\",\"name\":\"Schweizer Bergf\u00fchrerverband SBV-ASGM\",\"alternateName\":\"SBV-ASGM\",\"url\":\"https:\\\/\\\/sbv-asgm.ch\\\/fr\\\/\",\"logo\":{\"@type\":\"ImageObject\",\"inLanguage\":\"fr-FR\",\"@id\":\"https:\\\/\\\/sbv-asgm.ch\\\/fr\\\/#\\\/schema\\\/logo\\\/image\\\/\",\"url\":\"https:\\\/\\\/sbv-asgm.ch\\\/wp-content\\\/uploads\\\/logo-sbv-asgm.png\",\"contentUrl\":\"https:\\\/\\\/sbv-asgm.ch\\\/wp-content\\\/uploads\\\/logo-sbv-asgm.png\",\"width\":400,\"height\":130,\"caption\":\"Schweizer Bergf\u00fchrerverband SBV-ASGM\"},\"image\":{\"@id\":\"https:\\\/\\\/sbv-asgm.ch\\\/fr\\\/#\\\/schema\\\/logo\\\/image\\\/\"}}]}<\/script>\n<!-- \/ Yoast SEO plugin. -->","yoast_head_json":{"title":"Impressum - Schweizer Bergf\u00fchrerverband SBV-ASGM","robots":{"index":"index","follow":"follow","max-snippet":"max-snippet:-1","max-image-preview":"max-image-preview:large","max-video-preview":"max-video-preview:-1"},"canonical":"https:\/\/sbv-asgm.ch\/fr\/impressum\/","og_locale":"fr_FR","og_type":"article","og_title":"Impressum - Schweizer Bergf\u00fchrerverband SBV-ASGM","og_url":"https:\/\/sbv-asgm.ch\/fr\/impressum\/","og_site_name":"Schweizer Bergf\u00fchrerverband SBV-ASGM","article_modified_time":"2024-06-13T13:07:38+00:00","og_image":[{"url":"https:\/\/sbv-asgm.ch\/wp-content\/uploads\/logo-sbv-asgm-356x114-1.jpg","type":"","width":"","height":""}],"twitter_card":"summary_large_image","twitter_misc":{"Dur\u00e9e de lecture estim\u00e9e":"8 minutes"},"schema":{"@context":"https:\/\/schema.org","@graph":[{"@type":"WebPage","@id":"https:\/\/sbv-asgm.ch\/fr\/impressum\/","url":"https:\/\/sbv-asgm.ch\/fr\/impressum\/","name":"Impressum - Schweizer Bergf\u00fchrerverband SBV-ASGM","isPartOf":{"@id":"https:\/\/sbv-asgm.ch\/fr\/#website"},"primaryImageOfPage":{"@id":"https:\/\/sbv-asgm.ch\/fr\/impressum\/#primaryimage"},"image":{"@id":"https:\/\/sbv-asgm.ch\/fr\/impressum\/#primaryimage"},"thumbnailUrl":"https:\/\/sbv-asgm.ch\/wp-content\/uploads\/logo-sbv-asgm-356x114-1.jpg","datePublished":"2018-09-20T22:29:36+00:00","dateModified":"2024-06-13T13:07:38+00:00","breadcrumb":{"@id":"https:\/\/sbv-asgm.ch\/fr\/impressum\/#breadcrumb"},"inLanguage":"fr-FR","potentialAction":[{"@type":"ReadAction","target":["https:\/\/sbv-asgm.ch\/fr\/impressum\/"]}]},{"@type":"ImageObject","inLanguage":"fr-FR","@id":"https:\/\/sbv-asgm.ch\/fr\/impressum\/#primaryimage","url":"https:\/\/sbv-asgm.ch\/wp-content\/uploads\/logo-sbv-asgm-356x114-1.jpg","contentUrl":"https:\/\/sbv-asgm.ch\/wp-content\/uploads\/logo-sbv-asgm-356x114-1.jpg"},{"@type":"BreadcrumbList","@id":"https:\/\/sbv-asgm.ch\/fr\/impressum\/#breadcrumb","itemListElement":[{"@type":"ListItem","position":1,"name":"Startseite","item":"https:\/\/sbv-asgm.ch\/fr\/"},{"@type":"ListItem","position":2,"name":"Impressum"}]},{"@type":"WebSite","@id":"https:\/\/sbv-asgm.ch\/fr\/#website","url":"https:\/\/sbv-asgm.ch\/fr\/","name":"Schweizer Bergf\u00fchrerverband SBV-ASGM","description":"Bergf\u00fchrer, Wanderleiter, Kletterlehrer, H\u00f6henarbeiter","publisher":{"@id":"https:\/\/sbv-asgm.ch\/fr\/#organization"},"potentialAction":[{"@type":"SearchAction","target":{"@type":"EntryPoint","urlTemplate":"https:\/\/sbv-asgm.ch\/fr\/?s={search_term_string}"},"query-input":{"@type":"PropertyValueSpecification","valueRequired":true,"valueName":"search_term_string"}}],"inLanguage":"fr-FR"},{"@type":"Organization","@id":"https:\/\/sbv-asgm.ch\/fr\/#organization","name":"Schweizer Bergf\u00fchrerverband SBV-ASGM","alternateName":"SBV-ASGM","url":"https:\/\/sbv-asgm.ch\/fr\/","logo":{"@type":"ImageObject","inLanguage":"fr-FR","@id":"https:\/\/sbv-asgm.ch\/fr\/#\/schema\/logo\/image\/","url":"https:\/\/sbv-asgm.ch\/wp-content\/uploads\/logo-sbv-asgm.png","contentUrl":"https:\/\/sbv-asgm.ch\/wp-content\/uploads\/logo-sbv-asgm.png","width":400,"height":130,"caption":"Schweizer Bergf\u00fchrerverband SBV-ASGM"},"image":{"@id":"https:\/\/sbv-asgm.ch\/fr\/#\/schema\/logo\/image\/"}}]}},"publishpress_future_action":{"enabled":false,"date":"2026-04-27 14:30:27","action":"change-status","newStatus":"draft","terms":[],"taxonomy":"translation_priority","extraData":[]},"publishpress_future_workflow_manual_trigger":{"enabledWorkflows":[]},"_links":{"self":[{"href":"https:\/\/sbv-asgm.ch\/fr\/wp-json\/wp\/v2\/pages\/2066","targetHints":{"allow":["GET"]}}],"collection":[{"href":"https:\/\/sbv-asgm.ch\/fr\/wp-json\/wp\/v2\/pages"}],"about":[{"href":"https:\/\/sbv-asgm.ch\/fr\/wp-json\/wp\/v2\/types\/page"}],"author":[{"embeddable":true,"href":"https:\/\/sbv-asgm.ch\/fr\/wp-json\/wp\/v2\/users\/17"}],"replies":[{"embeddable":true,"href":"https:\/\/sbv-asgm.ch\/fr\/wp-json\/wp\/v2\/comments?post=2066"}],"version-history":[{"count":43,"href":"https:\/\/sbv-asgm.ch\/fr\/wp-json\/wp\/v2\/pages\/2066\/revisions"}],"predecessor-version":[{"id":34671,"href":"https:\/\/sbv-asgm.ch\/fr\/wp-json\/wp\/v2\/pages\/2066\/revisions\/34671"}],"wp:attachment":[{"href":"https:\/\/sbv-asgm.ch\/fr\/wp-json\/wp\/v2\/media?parent=2066"}],"curies":[{"name":"wp","href":"https:\/\/api.w.org\/{rel}","templated":true}]}}