{"id":2078,"date":"2018-09-21T00:57:03","date_gmt":"2018-09-20T22:57:03","guid":{"rendered":"https:\/\/sbv-asgm.ch\/?page_id=2078"},"modified":"2020-04-05T22:05:09","modified_gmt":"2020-04-05T20:05:09","slug":"informations-juridiques","status":"publish","type":"page","link":"https:\/\/sbv-asgm.ch\/fr\/informations-juridiques\/","title":{"rendered":"Informations juridiques"},"content":{"rendered":"<div id='grid-top'  class='av-layout-grid-container av-jlkld06b-2312b7cdc114b9f52da6688e90ca0a55 entry-content-wrapper main_color av-flex-cells av-break-at-tablet  avia-builder-el-0  el_before_av_section  avia-builder-el-first   container_wrap sidebar_right'  >\n\n<style type=\"text\/css\" data-created_by=\"avia_inline_auto\" id=\"style-css-av-jkzq5-76547d0ed4de32ab606b660e9aea37fb\">\n.flex_cell.av-jkzq5-76547d0ed4de32ab606b660e9aea37fb{\nvertical-align:top;\n}\n.responsive #top #wrap_all .flex_cell.av-jkzq5-76547d0ed4de32ab606b660e9aea37fb{\npadding:0px 0px 0px 0px !important;\n}\n<\/style>\n<div class='flex_cell av-jkzq5-76547d0ed4de32ab606b660e9aea37fb av-gridrow-cell av_two_third no_margin  avia-builder-el-1  el_before_av_cell_one_third  avia-builder-el-first  content-align-top av-zero-padding'  ><div class='flex_cell_inner'><div  class='avia-slideshow av-k4q18am7-82448bfb94be63467d0e9bee0eaf7793 avia-slideshow-no scaling av_slideshow avia-slide-slider  avia-builder-el-2  avia-builder-el-no-sibling  grid-top-slider av-slideshow-ui av-control-default av-slideshow-manual av-loop-once av-loop-manual-endless av-default-height-applied avia-slideshow-1' data-slideshow-options=\"{&quot;animation&quot;:&quot;slide&quot;,&quot;autoplay&quot;:false,&quot;loop_autoplay&quot;:&quot;once&quot;,&quot;interval&quot;:5,&quot;loop_manual&quot;:&quot;manual-endless&quot;,&quot;autoplay_stopper&quot;:false,&quot;noNavigation&quot;:false,&quot;bg_slider&quot;:false,&quot;keep_padding&quot;:false,&quot;hoverpause&quot;:false,&quot;show_slide_delay&quot;:0}\"  itemprop=\"image\" itemscope=\"itemscope\" itemtype=\"https:\/\/schema.org\/ImageObject\" ><ul class='avia-slideshow-inner ' style='padding-bottom: 48.636363636364%;'><li  class='avia-slideshow-slide av-k4q18am7-82448bfb94be63467d0e9bee0eaf7793__0  av-single-slide slide-1 slide-odd'><div data-rel='slideshow-1' class='avia-slide-wrap '   ><img decoding=\"async\" fetchpriority=\"high\" class=\"wp-image-14016 avia-img-lazy-loading-not-14016\"  src=\"https:\/\/sbv-asgm.ch\/wp-content\/uploads\/thomas-waelti-sina-goetz-aostatal-1100x535-1.jpg\" width=\"1100\" height=\"535\" title='Sina Goetz dans la Vall\u00e9e d&#039;Aoste (Photo Thomas W\u00e4lti)' alt='Sina Goetz dans la Vall\u00e9e d&#039;Aoste (Photo Thomas W\u00e4lti)'  itemprop=\"thumbnailUrl\" srcset=\"https:\/\/sbv-asgm.ch\/wp-content\/uploads\/thomas-waelti-sina-goetz-aostatal-1100x535-1.jpg 1100w, https:\/\/sbv-asgm.ch\/wp-content\/uploads\/thomas-waelti-sina-goetz-aostatal-1100x535-1-300x146.jpg 300w, https:\/\/sbv-asgm.ch\/wp-content\/uploads\/thomas-waelti-sina-goetz-aostatal-1100x535-1-1030x501.jpg 1030w, https:\/\/sbv-asgm.ch\/wp-content\/uploads\/thomas-waelti-sina-goetz-aostatal-1100x535-1-768x374.jpg 768w, https:\/\/sbv-asgm.ch\/wp-content\/uploads\/thomas-waelti-sina-goetz-aostatal-1100x535-1-705x343.jpg 705w\" sizes=\"(max-width: 1100px) 100vw, 1100px\" \/><\/div><\/li><\/ul><\/div>\n<\/div><\/div>\n<style type=\"text\/css\" data-created_by=\"avia_inline_auto\" id=\"style-css-av-afdzh-79facdb0da670d6e7674da534145b6b2\">\n.flex_cell.av-afdzh-79facdb0da670d6e7674da534145b6b2{\nvertical-align:middle;\n}\n.responsive #top #wrap_all .flex_cell.av-afdzh-79facdb0da670d6e7674da534145b6b2{\npadding:10px 30px 0px 30px !important;\n}\n<\/style>\n<div class='flex_cell av-afdzh-79facdb0da670d6e7674da534145b6b2 av-gridrow-cell av_one_third no_margin  avia-builder-el-3  el_after_av_cell_two_third  avia-builder-el-last  grid-top-bf content-align-middle'  ><div class='flex_cell_inner'><section  class='av_textblock_section av-jlklc0tk-71c9ae695cabee779fc61d9514ce9f7c '   itemscope=\"itemscope\" itemtype=\"https:\/\/schema.org\/CreativeWork\" ><div class='avia_textblock h1-menu'  itemprop=\"text\" ><h1>Informations juridiques<\/h1>\n<\/div><\/section>\n<\/div><\/div>\n<\/div>\n<div id='downloads'  class='avia-section av-jlkqkni4-e22fc70cf33a5e569f0a97f9b1e71c85 main_color avia-section-default avia-no-border-styling  avia-builder-el-5  el_after_av_layout_row  avia-builder-el-last  avia-bg-style-scroll container_wrap sidebar_right'  ><div class='container av-section-cont-open' ><div class='template-page content  av-content-small alpha units'><div class='post-entry post-entry-type-page post-entry-2078'><div class='entry-content-wrapper clearfix'>\n\n<style type=\"text\/css\" data-created_by=\"avia_inline_auto\" id=\"style-css-av-hl10c-f1561dbc3ae2daaeaf4cc36dd59dee6a\">\n.flex_column.av-hl10c-f1561dbc3ae2daaeaf4cc36dd59dee6a{\nborder-radius:0px 0px 0px 0px;\npadding:0px 0px 0px 0px;\n}\n<\/style>\n<div  class='flex_column av-hl10c-f1561dbc3ae2daaeaf4cc36dd59dee6a av_two_third  avia-builder-el-6  el_before_av_one_third  avia-builder-el-first  first av-break-at-tablet flex_column_div av-zero-column-padding  '     ><div  class='togglecontainer av-k528jazv-4ddfb64c8c96c84d884ecf86b837f91d  avia-builder-el-7  avia-builder-el-no-sibling ' >\n<section class='av_toggle_section av-7lsnke-2bd9a379d96aa9d033555a1ef0db1287'  itemscope=\"itemscope\" itemtype=\"https:\/\/schema.org\/CreativeWork\" ><div role=\"tablist\" class=\"single_toggle\" data-tags=\"{Tout} \"  ><p id='toggle-toggle-id-1' data-fake-id='#toggle-id-1' class='toggler  av-title-above '  itemprop=\"headline\"  role='tab' tabindex='0' aria-controls='toggle-id-1' data-slide-speed=\"200\" data-title=\"Responsabilit\u00e9\" data-title-open=\"\" data-aria_collapsed=\"Cliquez pour \u00e9tendre : Responsabilit\u00e9\" data-aria_expanded=\"Cliquez pour r\u00e9duire : Responsabilit\u00e9\">Responsabilit\u00e9<span class=\"toggle_icon\"><span class=\"vert_icon\"><\/span><span class=\"hor_icon\"><\/span><\/span><\/p><div id='toggle-id-1' aria-labelledby='toggle-toggle-id-1' role='region' class='toggle_wrap  av-title-above'  ><div class='toggle_content invers-color '  itemprop=\"text\" ><p>Les informations et les liens contenus sur notre site Web sont fournis uniquement \u00e0 titre d\u2019information pour les visiteurs. Nous d\u00e9clinons toute responsabilit\u00e9 quant \u00e0 l\u2019exactitude et \u00e0 l\u2019exhaustivit\u00e9 du contenu des informations \u00e0 tout moment. Nous d\u00e9clinons toute responsabilit\u00e9 pour d\u2019\u00e9ventuels dommages li\u00e9s \u00e0 l\u2019utilisation de notre site Web et des informations qu\u2019il contient. Nous attirons \u00e9galement votre attention sur le fait que la simple utilisation de notre site Internet ne cr\u00e9e pas de relation contractuelle entre le visiteur du site Internet et l\u2019Association suisse des guides de montagne.<\/p>\n<\/div><\/div><\/div><\/section>\n<section class='av_toggle_section av-5c59ny-8f3ae840680c2931c2b8f3cda80cc897'  itemscope=\"itemscope\" itemtype=\"https:\/\/schema.org\/CreativeWork\" ><div role=\"tablist\" class=\"single_toggle\" data-tags=\"{Tout} \"  ><p id='toggle-toggle-id-2' data-fake-id='#toggle-id-2' class='toggler  av-title-above '  itemprop=\"headline\"  role='tab' tabindex='0' aria-controls='toggle-id-2' data-slide-speed=\"200\" data-title=\"Renvois et liens\" data-title-open=\"\" data-aria_collapsed=\"Cliquez pour \u00e9tendre : Renvois et liens\" data-aria_expanded=\"Cliquez pour r\u00e9duire : Renvois et liens\">Renvois et liens<span class=\"toggle_icon\"><span class=\"vert_icon\"><\/span><span class=\"hor_icon\"><\/span><\/span><\/p><div id='toggle-id-2' aria-labelledby='toggle-toggle-id-2' role='region' class='toggle_wrap  av-title-above'  ><div class='toggle_content invers-color '  itemprop=\"text\" ><p>Les renvois et liens vers d\u2019autres sites Internet ne sont pas de notre responsabilit\u00e9. L\u2019acc\u00e8s \u00e0 ces sites et leur utilisation se font aux risques des utilisateurs. Nous d\u00e9clarons express\u00e9ment que nous n\u2019avons aucune influence sur la forme, le contenu et les offres des sites auxquels elles renvoient. Les informations et services offerts par ces sites sont enti\u00e8rement de la responsabilit\u00e9 de leurs auteurs.<\/p>\n<p>Nous rejettons toute responsabilit\u00e9 pour de tels sites Internet.<\/p>\n<\/div><\/div><\/div><\/section>\n<section class='av_toggle_section av-4un4ha-5252d0559a6fd645d76b81e7dd3c59ed'  itemscope=\"itemscope\" itemtype=\"https:\/\/schema.org\/CreativeWork\" ><div role=\"tablist\" class=\"single_toggle\" data-tags=\"{Tout} \"  ><p id='toggle-toggle-id-3' data-fake-id='#toggle-id-3' class='toggler  av-title-above '  itemprop=\"headline\"  role='tab' tabindex='0' aria-controls='toggle-id-3' data-slide-speed=\"200\" data-title=\"Protection des donn\u00e9es\" data-title-open=\"\" data-aria_collapsed=\"Cliquez pour \u00e9tendre : Protection des donn\u00e9es\" data-aria_expanded=\"Cliquez pour r\u00e9duire : Protection des donn\u00e9es\">Protection des donn\u00e9es<span class=\"toggle_icon\"><span class=\"vert_icon\"><\/span><span class=\"hor_icon\"><\/span><\/span><\/p><div id='toggle-id-3' aria-labelledby='toggle-toggle-id-3' role='region' class='toggle_wrap  av-title-above'  ><div class='toggle_content invers-color '  itemprop=\"text\" ><p>Lorsque vous acc\u00e9dez \u00e0 notre site Web, les donn\u00e9es suivantes sont stock\u00e9es dans des fichiers journaux : Adresse IP, date, heure, demande de navigateur et informations g\u00e9n\u00e9rales sur le syst\u00e8me d\u2019exploitation ou le navigateur utilis\u00e9.<\/p>\n<p>Lorsque vous nous contactez volontairement, votre adresse e-mail est stock\u00e9e dans une base de donn\u00e9es s\u00e9par\u00e9e, qui n\u2019est pas li\u00e9e aux fichiers journaux anonymes. Vous avez la possibilit\u00e9 d\u2019annuler votre inscription \u00e0 tout moment.<\/p>\n<p>En \u00e9troite collaboration avec nos h\u00e9bergeurs et op\u00e9rateurs de bases de donn\u00e9es, nous nous effor\u00e7ons de prot\u00e9ger au mieux les bases de donn\u00e9es contre tout acc\u00e8s non autoris\u00e9, perte, utilisation abusive ou falsification.<\/p>\n<p>Les donn\u00e9es personnelles qui nous sont transmises ou que nous collectons seront trait\u00e9es de mani\u00e8re strictement confidentielle et ne seront ni vendues ni transmises \u00e0 des tiers.<\/p>\n<p>Selon la loi f\u00e9d\u00e9rale sur la surveillance de la correspondance par poste et t\u00e9l\u00e9communication (LSCPT) il existe une obligation l\u00e9gale de conserver durant au moins six mois les donn\u00e9es de connexion.<\/p>\n<p>Veuillez consulter notre d<a href=\"https:\/\/sbv-asgm.ch\/fr\/declaration-de-confidentialite\/\">\u00e9claration de confidentialit\u00e9<\/a> pour plus d\u2019informations.<\/p>\n<\/div><\/div><\/div><\/section>\n<section class='av_toggle_section av-27872m-efece0d48bb8a591351f0fa75f34c802'  itemscope=\"itemscope\" itemtype=\"https:\/\/schema.org\/CreativeWork\" ><div role=\"tablist\" class=\"single_toggle\" data-tags=\"{Tout} \"  ><p id='toggle-toggle-id-4' data-fake-id='#toggle-id-4' class='toggler  av-title-above '  itemprop=\"headline\"  role='tab' tabindex='0' aria-controls='toggle-id-4' data-slide-speed=\"200\" data-title=\"Droits d\u2019auteur\" data-title-open=\"\" data-aria_collapsed=\"Cliquez pour \u00e9tendre : Droits d\u2019auteur\" data-aria_expanded=\"Cliquez pour r\u00e9duire : Droits d\u2019auteur\">Droits d\u2019auteur<span class=\"toggle_icon\"><span class=\"vert_icon\"><\/span><span class=\"hor_icon\"><\/span><\/span><\/p><div id='toggle-id-4' aria-labelledby='toggle-toggle-id-4' role='region' class='toggle_wrap  av-title-above'  ><div class='toggle_content invers-color '  itemprop=\"text\" ><p>Les informations que rec\u00e8le notre site internet sont mises \u00e0 la disposition du public. Le t\u00e9l\u00e9chargement ou la copie de textes, d\u2019illustrations, de photographies ou d\u2019autres donn\u00e9es n\u2019entra\u00eene aucun transfert de droits sur les contenus.<\/p>\n<p>Les droits d\u2019auteur et tous les autres droits li\u00e9s aux textes, illustrations, photographies et autres donn\u00e9es plac\u00e9s sur notre site internet sont notre propri\u00e9t\u00e9 exclusive ou celle des d\u00e9tenteurs express\u00e9ment cit\u00e9s. Certaines pages peuvent toutefois contenir des \u00e9l\u00e9ments de textes et des images prot\u00e9g\u00e9s par le copyright de tiers. Toute reproduction est subordonn\u00e9e \u00e0 l\u2019autorisation \u00e9crite pr\u00e9alable du d\u00e9tenteur des droits.<\/p>\n<p>Sauf sp\u00e9cification contraire, toutes les marques figurant sur notre site internet sont prot\u00e9g\u00e9es par le droit des marques. La pr\u00e9sente clause s\u2019applique notamment aux notre noms de marques, au logo de l\u2019entreprise et autres symboles.<\/p>\n<p>Toute violation \u00e9ventuelle des droits d\u2019auteur de tiers n\u2019est pas intentionnelle. Si vous constatez une telle infraction, veuillez nous en informer imm\u00e9diatement : <a href=\"mailto:info@sbv-asgm.ch\">info@sbv-asgm.ch<\/a>. Merci.<\/p>\n<\/div><\/div><\/div><\/section>\n<\/div><\/div>\n<style type=\"text\/css\" data-created_by=\"avia_inline_auto\" id=\"style-css-av-b76bg-2a9c2fb4265f151576df734a5d1870b9\">\n.flex_column.av-b76bg-2a9c2fb4265f151576df734a5d1870b9{\nborder-radius:0px 0px 0px 0px;\npadding:0px 0px 0px 0px;\n}\n<\/style>\n<div  class='flex_column av-b76bg-2a9c2fb4265f151576df734a5d1870b9 av_one_third  avia-builder-el-8  el_after_av_two_third  avia-builder-el-last  av-break-at-tablet flex_column_div av-zero-column-padding  '     ><\/div><\/div><\/div><\/div><!-- close content main div --><\/div><\/div><div id='after_section_1'  class='main_color av_default_container_wrap container_wrap sidebar_right'  ><div class='container av-section-cont-open' ><div class='template-page content  av-content-small alpha units'><div class='post-entry post-entry-type-page post-entry-2078'><div class='entry-content-wrapper clearfix'>\n","protected":false},"excerpt":{"rendered":"","protected":false},"author":17,"featured_media":0,"parent":0,"menu_order":87,"comment_status":"closed","ping_status":"closed","template":"","meta":{"_acf_changed":false,"footnotes":"","_links_to":"","_links_to_target":""},"class_list":["post-2078","page","type-page","status-publish","hentry"],"acf":[],"yoast_head":"<!-- This site is optimized with the Yoast SEO plugin v27.4 - https:\/\/yoast.com\/product\/yoast-seo-wordpress\/ -->\n<title>Informations juridiques - Schweizer Bergf\u00fchrerverband SBV-ASGM<\/title>\n<meta name=\"robots\" content=\"index, follow, max-snippet:-1, max-image-preview:large, max-video-preview:-1\" \/>\n<link rel=\"canonical\" href=\"https:\/\/sbv-asgm.ch\/fr\/informations-juridiques\/\" \/>\n<meta property=\"og:locale\" content=\"fr_FR\" \/>\n<meta property=\"og:type\" content=\"article\" \/>\n<meta property=\"og:title\" content=\"Informations juridiques - Schweizer Bergf\u00fchrerverband SBV-ASGM\" \/>\n<meta property=\"og:url\" content=\"https:\/\/sbv-asgm.ch\/fr\/informations-juridiques\/\" \/>\n<meta property=\"og:site_name\" content=\"Schweizer Bergf\u00fchrerverband SBV-ASGM\" \/>\n<meta property=\"article:modified_time\" content=\"2020-04-05T20:05:09+00:00\" \/>\n<meta name=\"twitter:card\" content=\"summary_large_image\" \/>\n<meta name=\"twitter:label1\" content=\"Dur\u00e9e de lecture estim\u00e9e\" \/>\n\t<meta name=\"twitter:data1\" content=\"6 minutes\" \/>\n<script type=\"application\/ld+json\" class=\"yoast-schema-graph\">{\"@context\":\"https:\\\/\\\/schema.org\",\"@graph\":[{\"@type\":\"WebPage\",\"@id\":\"https:\\\/\\\/sbv-asgm.ch\\\/fr\\\/informations-juridiques\\\/\",\"url\":\"https:\\\/\\\/sbv-asgm.ch\\\/fr\\\/informations-juridiques\\\/\",\"name\":\"Informations juridiques - Schweizer Bergf\u00fchrerverband SBV-ASGM\",\"isPartOf\":{\"@id\":\"https:\\\/\\\/sbv-asgm.ch\\\/fr\\\/#website\"},\"datePublished\":\"2018-09-20T22:57:03+00:00\",\"dateModified\":\"2020-04-05T20:05:09+00:00\",\"breadcrumb\":{\"@id\":\"https:\\\/\\\/sbv-asgm.ch\\\/fr\\\/informations-juridiques\\\/#breadcrumb\"},\"inLanguage\":\"fr-FR\",\"potentialAction\":[{\"@type\":\"ReadAction\",\"target\":[\"https:\\\/\\\/sbv-asgm.ch\\\/fr\\\/informations-juridiques\\\/\"]}]},{\"@type\":\"BreadcrumbList\",\"@id\":\"https:\\\/\\\/sbv-asgm.ch\\\/fr\\\/informations-juridiques\\\/#breadcrumb\",\"itemListElement\":[{\"@type\":\"ListItem\",\"position\":1,\"name\":\"Startseite\",\"item\":\"https:\\\/\\\/sbv-asgm.ch\\\/fr\\\/\"},{\"@type\":\"ListItem\",\"position\":2,\"name\":\"Informations juridiques\"}]},{\"@type\":\"WebSite\",\"@id\":\"https:\\\/\\\/sbv-asgm.ch\\\/fr\\\/#website\",\"url\":\"https:\\\/\\\/sbv-asgm.ch\\\/fr\\\/\",\"name\":\"Schweizer Bergf\u00fchrerverband SBV-ASGM\",\"description\":\"Bergf\u00fchrer, Wanderleiter, Kletterlehrer, H\u00f6henarbeiter\",\"publisher\":{\"@id\":\"https:\\\/\\\/sbv-asgm.ch\\\/fr\\\/#organization\"},\"potentialAction\":[{\"@type\":\"SearchAction\",\"target\":{\"@type\":\"EntryPoint\",\"urlTemplate\":\"https:\\\/\\\/sbv-asgm.ch\\\/fr\\\/?s={search_term_string}\"},\"query-input\":{\"@type\":\"PropertyValueSpecification\",\"valueRequired\":true,\"valueName\":\"search_term_string\"}}],\"inLanguage\":\"fr-FR\"},{\"@type\":\"Organization\",\"@id\":\"https:\\\/\\\/sbv-asgm.ch\\\/fr\\\/#organization\",\"name\":\"Schweizer Bergf\u00fchrerverband SBV-ASGM\",\"alternateName\":\"SBV-ASGM\",\"url\":\"https:\\\/\\\/sbv-asgm.ch\\\/fr\\\/\",\"logo\":{\"@type\":\"ImageObject\",\"inLanguage\":\"fr-FR\",\"@id\":\"https:\\\/\\\/sbv-asgm.ch\\\/fr\\\/#\\\/schema\\\/logo\\\/image\\\/\",\"url\":\"https:\\\/\\\/sbv-asgm.ch\\\/wp-content\\\/uploads\\\/logo-sbv-asgm.png\",\"contentUrl\":\"https:\\\/\\\/sbv-asgm.ch\\\/wp-content\\\/uploads\\\/logo-sbv-asgm.png\",\"width\":400,\"height\":130,\"caption\":\"Schweizer Bergf\u00fchrerverband SBV-ASGM\"},\"image\":{\"@id\":\"https:\\\/\\\/sbv-asgm.ch\\\/fr\\\/#\\\/schema\\\/logo\\\/image\\\/\"}}]}<\/script>\n<!-- \/ Yoast SEO plugin. -->","yoast_head_json":{"title":"Informations juridiques - Schweizer Bergf\u00fchrerverband SBV-ASGM","robots":{"index":"index","follow":"follow","max-snippet":"max-snippet:-1","max-image-preview":"max-image-preview:large","max-video-preview":"max-video-preview:-1"},"canonical":"https:\/\/sbv-asgm.ch\/fr\/informations-juridiques\/","og_locale":"fr_FR","og_type":"article","og_title":"Informations juridiques - Schweizer Bergf\u00fchrerverband SBV-ASGM","og_url":"https:\/\/sbv-asgm.ch\/fr\/informations-juridiques\/","og_site_name":"Schweizer Bergf\u00fchrerverband SBV-ASGM","article_modified_time":"2020-04-05T20:05:09+00:00","twitter_card":"summary_large_image","twitter_misc":{"Dur\u00e9e de lecture estim\u00e9e":"6 minutes"},"schema":{"@context":"https:\/\/schema.org","@graph":[{"@type":"WebPage","@id":"https:\/\/sbv-asgm.ch\/fr\/informations-juridiques\/","url":"https:\/\/sbv-asgm.ch\/fr\/informations-juridiques\/","name":"Informations juridiques - Schweizer Bergf\u00fchrerverband SBV-ASGM","isPartOf":{"@id":"https:\/\/sbv-asgm.ch\/fr\/#website"},"datePublished":"2018-09-20T22:57:03+00:00","dateModified":"2020-04-05T20:05:09+00:00","breadcrumb":{"@id":"https:\/\/sbv-asgm.ch\/fr\/informations-juridiques\/#breadcrumb"},"inLanguage":"fr-FR","potentialAction":[{"@type":"ReadAction","target":["https:\/\/sbv-asgm.ch\/fr\/informations-juridiques\/"]}]},{"@type":"BreadcrumbList","@id":"https:\/\/sbv-asgm.ch\/fr\/informations-juridiques\/#breadcrumb","itemListElement":[{"@type":"ListItem","position":1,"name":"Startseite","item":"https:\/\/sbv-asgm.ch\/fr\/"},{"@type":"ListItem","position":2,"name":"Informations juridiques"}]},{"@type":"WebSite","@id":"https:\/\/sbv-asgm.ch\/fr\/#website","url":"https:\/\/sbv-asgm.ch\/fr\/","name":"Schweizer Bergf\u00fchrerverband SBV-ASGM","description":"Bergf\u00fchrer, Wanderleiter, Kletterlehrer, H\u00f6henarbeiter","publisher":{"@id":"https:\/\/sbv-asgm.ch\/fr\/#organization"},"potentialAction":[{"@type":"SearchAction","target":{"@type":"EntryPoint","urlTemplate":"https:\/\/sbv-asgm.ch\/fr\/?s={search_term_string}"},"query-input":{"@type":"PropertyValueSpecification","valueRequired":true,"valueName":"search_term_string"}}],"inLanguage":"fr-FR"},{"@type":"Organization","@id":"https:\/\/sbv-asgm.ch\/fr\/#organization","name":"Schweizer Bergf\u00fchrerverband SBV-ASGM","alternateName":"SBV-ASGM","url":"https:\/\/sbv-asgm.ch\/fr\/","logo":{"@type":"ImageObject","inLanguage":"fr-FR","@id":"https:\/\/sbv-asgm.ch\/fr\/#\/schema\/logo\/image\/","url":"https:\/\/sbv-asgm.ch\/wp-content\/uploads\/logo-sbv-asgm.png","contentUrl":"https:\/\/sbv-asgm.ch\/wp-content\/uploads\/logo-sbv-asgm.png","width":400,"height":130,"caption":"Schweizer Bergf\u00fchrerverband SBV-ASGM"},"image":{"@id":"https:\/\/sbv-asgm.ch\/fr\/#\/schema\/logo\/image\/"}}]}},"publishpress_future_action":{"enabled":false,"date":"2026-04-27 14:30:28","action":"change-status","newStatus":"draft","terms":[],"taxonomy":"translation_priority","extraData":[]},"publishpress_future_workflow_manual_trigger":{"enabledWorkflows":[]},"_links":{"self":[{"href":"https:\/\/sbv-asgm.ch\/fr\/wp-json\/wp\/v2\/pages\/2078","targetHints":{"allow":["GET"]}}],"collection":[{"href":"https:\/\/sbv-asgm.ch\/fr\/wp-json\/wp\/v2\/pages"}],"about":[{"href":"https:\/\/sbv-asgm.ch\/fr\/wp-json\/wp\/v2\/types\/page"}],"author":[{"embeddable":true,"href":"https:\/\/sbv-asgm.ch\/fr\/wp-json\/wp\/v2\/users\/17"}],"replies":[{"embeddable":true,"href":"https:\/\/sbv-asgm.ch\/fr\/wp-json\/wp\/v2\/comments?post=2078"}],"version-history":[{"count":21,"href":"https:\/\/sbv-asgm.ch\/fr\/wp-json\/wp\/v2\/pages\/2078\/revisions"}],"predecessor-version":[{"id":14430,"href":"https:\/\/sbv-asgm.ch\/fr\/wp-json\/wp\/v2\/pages\/2078\/revisions\/14430"}],"wp:attachment":[{"href":"https:\/\/sbv-asgm.ch\/fr\/wp-json\/wp\/v2\/media?parent=2078"}],"curies":[{"name":"wp","href":"https:\/\/api.w.org\/{rel}","templated":true}]}}