{"id":37373,"date":"2024-06-17T22:52:44","date_gmt":"2024-06-17T20:52:44","guid":{"rendered":"https:\/\/sbv-asgm.ch\/?page_id=37373"},"modified":"2025-12-09T09:32:31","modified_gmt":"2025-12-09T08:32:31","slug":"soirees-dinformation-sur-les-metiers-et-les-formations-de-lasgm","status":"publish","type":"page","link":"https:\/\/sbv-asgm.ch\/fr\/soirees-dinformation-sur-les-metiers-et-les-formations-de-lasgm\/","title":{"rendered":"Soir\u00e9es d&rsquo;information sur les m\u00e9tiers et les formations de l&rsquo;ASGM"},"content":{"rendered":"<section  class='av_textblock_section av-m528r3on-90531d303557f0e4565befeaf1d10251 '   itemscope=\"itemscope\" itemtype=\"https:\/\/schema.org\/CreativeWork\" ><div class='avia_textblock'  itemprop=\"text\" ><p>Les soir\u00e9es d&rsquo;information sont organis\u00e9es par l&rsquo;ASGM avec le soutien du CAS. Elles s&rsquo;adressent \u00e0 tous ceux qui s&rsquo;int\u00e9ressent aux professions de guide de montagne, de professeur d&rsquo;escalade et d&rsquo;accompagnateur en montagne.<\/p>\n<p>Les soir\u00e9es ont lieu dans diff\u00e9rentes r\u00e9gions, soit en allemand, soit en fran\u00e7ais. Elles offrent la meilleure opportunit\u00e9 de s&rsquo;informer personnellement sur les formations et de discuter avec des guides de montagne, des accompagnateurs de randonn\u00e9e et des moniteurs d&rsquo;escalade exp\u00e9riment\u00e9s.<\/p>\n<p><span style=\"text-decoration: underline;\"><strong>L&rsquo;inscription doit \u00eatre effectu\u00e9e au plus tard une semaine avant l&rsquo;\u00e9v\u00e9nement.<\/strong><\/span><\/p>\n<\/div><\/section>\n<div  class='flex_column av-m528jych-388df87b411c25ce6c7cf36b7ba278d5 av_one_half  avia-builder-el-1  el_after_av_textblock  el_before_av_one_half  first flex_column_div  column-top-margin'     ><p>\n<style type=\"text\/css\" data-created_by=\"avia_inline_auto\" id=\"style-css-av-m528n7dy-51000fd25a88755bae18923f741d345b\">\n#top .av-special-heading.av-m528n7dy-51000fd25a88755bae18923f741d345b{\npadding-bottom:10px;\n}\nbody .av-special-heading.av-m528n7dy-51000fd25a88755bae18923f741d345b .av-special-heading-tag .heading-char{\nfont-size:25px;\n}\n.av-special-heading.av-m528n7dy-51000fd25a88755bae18923f741d345b .av-subheading{\nfont-size:15px;\n}\n<\/style>\n<div  class='av-special-heading av-m528n7dy-51000fd25a88755bae18923f741d345b av-special-heading-h3  avia-builder-el-2  el_before_av_textblock  avia-builder-el-first '><h3 class='av-special-heading-tag '  itemprop=\"headline\"  >GUIDE DE MONTAGNE<\/h3><div class=\"special-heading-border\"><div class=\"special-heading-inner-border\"><\/div><\/div><\/div><br \/>\n<section  class='av_textblock_section av-m528ntxd-a438b0fc8ed21558cd2bd2fa9263dab3 '   itemscope=\"itemscope\" itemtype=\"https:\/\/schema.org\/CreativeWork\" ><div class='avia_textblock'  itemprop=\"text\" ><h3>Fran\u00e7ais<\/h3>\n<p><strong>Martigny: <\/strong><strong>Mardi, 26 mai 2026, <\/strong>18h00 \u2014 jusqu&rsquo;\u00e0 env. 19h30, Salle du Vampire, Rue des Petits-Epineys 7, 1920 Martigny<\/p>\n<h3>Allemand<\/h3>\n<p><strong>Sargans: Montag, 2. M\u00e4rz 2026<\/strong><br \/>\n18:30 \u2014 Hotel Post, Bahnhofstr. 1, 7320 Sargans<\/p>\n<p><strong>Bern: Lundi, 25 mai 2026, <\/strong>18h30 \u2014 jusqu&rsquo;\u00e0 env, 20h00, SBV Gesch\u00e4ftsstelle, Sitzungszimmer \u201ePal\u00fc\u201c, Monbijoustrasse 61, 3007 Bern<\/p>\n<\/div><\/section><\/p><\/div>\n<div  class='flex_column av-16hu3q5-9a78e784638dc10f5cf3da022509e014 av_one_half  avia-builder-el-4  el_after_av_one_half  el_before_av_one_half  flex_column_div  column-top-margin'     ><p>\n<style type=\"text\/css\" data-created_by=\"avia_inline_auto\" id=\"style-css-av-m528ob0n-87fd96ef4896870dd3a2e18aee087708\">\n#top .av-special-heading.av-m528ob0n-87fd96ef4896870dd3a2e18aee087708{\npadding-bottom:10px;\n}\nbody .av-special-heading.av-m528ob0n-87fd96ef4896870dd3a2e18aee087708 .av-special-heading-tag .heading-char{\nfont-size:25px;\n}\n.av-special-heading.av-m528ob0n-87fd96ef4896870dd3a2e18aee087708 .av-subheading{\nfont-size:15px;\n}\n<\/style>\n<div  class='av-special-heading av-m528ob0n-87fd96ef4896870dd3a2e18aee087708 av-special-heading-h3  avia-builder-el-5  el_before_av_textblock  avia-builder-el-first '><h3 class='av-special-heading-tag '  itemprop=\"headline\"  >ACCOMPAGNATEUR\/TRICE EN MONTAGNE<\/h3><div class=\"special-heading-border\"><div class=\"special-heading-inner-border\"><\/div><\/div><\/div><br \/>\n<section  class='av_textblock_section av-m528ou12-071fc28d897e31c37d2dd7944cbfdfcb '   itemscope=\"itemscope\" itemtype=\"https:\/\/schema.org\/CreativeWork\" ><div class='avia_textblock'  itemprop=\"text\" ><h3>Fran\u00e7ais<\/h3>\n<p><strong>Martigny: Mardi, 26 mai 2026<br \/>\n<\/strong>20h00 \u2013 Salle du Vampire, Rue des Petits-Epineys 7, 1920 Martigny<\/p>\n<p><strong>Lausanne: Mercredi, 29 avril 2026<\/strong><br \/>\n18h30 \u2014 H\u00f4tel Alpha-Palmiers, Rue du Petit-Ch\u00eane 34, 1003 Lausanne<\/p>\n<h3>Allemand<\/h3>\n<p><strong>Basel<\/strong>: <strong>Dienstag, 12. Mai 2026<\/strong><br \/>\n18h30 \u2014 Viaduktstrasse 8, B\u00fcrogemeinschaft 3. Stock, Basel<\/p>\n<p><strong>Z\u00fcrich<\/strong>: <strong>Mittwoch, 20. Mai 2026<\/strong><br \/>\n18h30 \u2014 KV Business School Z\u00fcrich AG, Bildungszentrum Sihlpost, Sihlpostgasse 2, 8004 Z\u00fcrich<\/p>\n<p><strong>Bern: Donnerstag, 21. Mai 2026<\/strong><br \/>\n18:30 Uhr\u2014 SBV Gesch\u00e4ftsstelle, Sitzungszimmer \u201ePal\u00fc\u201c, Monbijoustrasse 61, 3007 Bern<\/p>\n<p><strong>Chur: <\/strong><strong>Dienstag, 19. Mai 2026<\/strong><br \/>\n18h30 \u2014 ibW H\u00f6here Fachschule S\u00fcdostschweiz, \u00a0G\u00fcrtelstrasse 48, 7001 Chur<\/p>\n<\/div><\/section><\/p><\/div>\n<div  class='flex_column av-jl2bel-2d988d5af28b7ea91f503693401e25ba av_one_half  avia-builder-el-7  el_after_av_one_half  el_before_av_one_third  first flex_column_div  column-top-margin'     ><p>\n<style type=\"text\/css\" data-created_by=\"avia_inline_auto\" id=\"style-css-av-m528rweb-11b1fa67fa263cea2b1fdb0352a37b60\">\n#top .av-special-heading.av-m528rweb-11b1fa67fa263cea2b1fdb0352a37b60{\npadding-bottom:10px;\n}\nbody .av-special-heading.av-m528rweb-11b1fa67fa263cea2b1fdb0352a37b60 .av-special-heading-tag .heading-char{\nfont-size:25px;\n}\n.av-special-heading.av-m528rweb-11b1fa67fa263cea2b1fdb0352a37b60 .av-subheading{\nfont-size:15px;\n}\n<\/style>\n<div  class='av-special-heading av-m528rweb-11b1fa67fa263cea2b1fdb0352a37b60 av-special-heading-h3  avia-builder-el-8  el_before_av_textblock  avia-builder-el-first '><h3 class='av-special-heading-tag '  itemprop=\"headline\"  >PROFESSEUR\/E D\u2019ESCALADE<\/h3><div class=\"special-heading-border\"><div class=\"special-heading-inner-border\"><\/div><\/div><\/div><br \/>\n<section  class='av_textblock_section av-m528sjdj-b7aee6cb867088c36c57fdfd8e1f3bde '   itemscope=\"itemscope\" itemtype=\"https:\/\/schema.org\/CreativeWork\" ><div class='avia_textblock'  itemprop=\"text\" ><h3>Fran\u00e7ais &amp; Allemand<\/h3>\n<p><strong>Bern: Donnerstag, 21. Mai 2026<\/strong><br \/>\n18:30 \u2014 ca. 20:00 Uhr, SBV Gesch\u00e4ftsstelle, Sitzungszimmer \u201eBalmhorn\u201c, Monbijoustrasse 61, 3007 Bern<\/p>\n<\/div><\/section><\/p><\/div>\n<div  class='flex_column av-m528yyua-e575e8ec27b639fe45104d39995fe149 av_one_third  avia-builder-el-10  el_after_av_one_half  avia-builder-el-last  flex_column_div  column-top-margin'     ><p>\n<style type=\"text\/css\" data-created_by=\"avia_inline_auto\" id=\"style-css-av-m52924gj-d6ce18a64bc6996d60048c456c6d3c31\">\n#top .av-special-heading.av-m52924gj-d6ce18a64bc6996d60048c456c6d3c31{\npadding-bottom:10px;\n}\nbody .av-special-heading.av-m52924gj-d6ce18a64bc6996d60048c456c6d3c31 .av-special-heading-tag .heading-char{\nfont-size:25px;\n}\n.av-special-heading.av-m52924gj-d6ce18a64bc6996d60048c456c6d3c31 .av-subheading{\nfont-size:15px;\n}\n<\/style>\n<div  class='av-special-heading av-m52924gj-d6ce18a64bc6996d60048c456c6d3c31 av-special-heading-h3  avia-builder-el-11  el_before_av_textblock  avia-builder-el-first '><h3 class='av-special-heading-tag '  itemprop=\"headline\"  >Inscription<\/h3><div class=\"special-heading-border\"><div class=\"special-heading-inner-border\"><\/div><\/div><\/div><br \/>\n<section  class='av_textblock_section av-m52928tt-9f791afceaa381b1c5c49eff5d17320e '   itemscope=\"itemscope\" itemtype=\"https:\/\/schema.org\/CreativeWork\" ><div class='avia_textblock'  itemprop=\"text\" ><p><b>L&rsquo;inscription est obligatoire dans tous les cas et doit \u00eatre effectu\u00e9e au plus tard une semaine avant la date pr\u00e9vue. Merci !<\/b><\/p>\n<\/div><\/section><br \/>\n<section  class='av_textblock_section av-m52904iu-032f3b32a4ac2cfd785c21493ea4c076 '   itemscope=\"itemscope\" itemtype=\"https:\/\/schema.org\/CreativeWork\" ><div class='avia_textblock'  itemprop=\"text\" >\n<div class=\"wpcf7 no-js\" id=\"wpcf7-f27862-o1\" lang=\"de-DE\" dir=\"ltr\" data-wpcf7-id=\"27862\">\n<div class=\"screen-reader-response\"><p role=\"status\" aria-live=\"polite\" aria-atomic=\"true\"><\/p> <ul><\/ul><\/div>\n<form action=\"\/fr\/wp-json\/wp\/v2\/pages\/37373#wpcf7-f27862-o1\" method=\"post\" class=\"wpcf7-form init\" aria-label=\"Kontaktformular\" novalidate=\"novalidate\" data-status=\"init\">\n<fieldset class=\"hidden-fields-container\"><input type=\"hidden\" name=\"_wpcf7\" value=\"27862\" \/><input type=\"hidden\" name=\"_wpcf7_version\" value=\"6.1.5\" \/><input type=\"hidden\" name=\"_wpcf7_locale\" value=\"de_DE\" \/><input type=\"hidden\" name=\"_wpcf7_unit_tag\" value=\"wpcf7-f27862-o1\" \/><input type=\"hidden\" name=\"_wpcf7_container_post\" value=\"0\" \/><input type=\"hidden\" name=\"_wpcf7_posted_data_hash\" value=\"\" \/><input type=\"hidden\" name=\"_wpcf7cf_hidden_group_fields\" value=\"[]\" \/><input type=\"hidden\" name=\"_wpcf7cf_hidden_groups\" value=\"[]\" \/><input type=\"hidden\" name=\"_wpcf7cf_visible_groups\" value=\"[]\" \/><input type=\"hidden\" name=\"_wpcf7cf_repeaters\" value=\"[]\" \/><input type=\"hidden\" name=\"_wpcf7cf_steps\" value=\"{}\" \/><input type=\"hidden\" name=\"_wpcf7cf_options\" value=\"{&quot;form_id&quot;:27862,&quot;conditions&quot;:[],&quot;settings&quot;:{&quot;animation&quot;:&quot;yes&quot;,&quot;animation_intime&quot;:200,&quot;animation_outtime&quot;:200,&quot;conditions_ui&quot;:&quot;normal&quot;,&quot;notice_dismissed&quot;:false}}\" \/><input type=\"hidden\" name=\"_wpcf7dtx_version\" value=\"5.0.5\" \/><input type=\"hidden\" name=\"_wpcf7_recaptcha_response\" value=\"\" \/>\n<\/fieldset>\n<div class=\"cf\">\n\t<p><label><br \/>\n<span class=\"wpcf7-form-control-wrap\" data-name=\"termin\"><select class=\"wpcf7-form-control wpcf7-select wpcf7-validates-as-required\" aria-required=\"true\" aria-invalid=\"false\" name=\"termin\"><option value=\"\">Termin w\u00e4hlen \/ Choisir une date *<\/option><option value=\"Bergf\u00fchrer D, Mo 2.3.2026, Sargans (Anmeldung geschlossen, Anlass ausgebucht!)\">Bergf\u00fchrer D, Mo 2.3.2026, Sargans (Anmeldung geschlossen, Anlass ausgebucht!)<\/option><option value=\"Bergf\u00fchrer D, Mo 25.5.2026, Bern\">Bergf\u00fchrer D, Mo 25.5.2026, Bern<\/option><option value=\"Guide de montagne F, Ma 26.5.2026, Martigny\">Guide de montagne F, Ma 26.5.2026, Martigny<\/option><option value=\"Wanderleiter D, Mi 20.5.2026, Z\u00fcrich\">Wanderleiter D, Mi 20.5.2026, Z\u00fcrich<\/option><option value=\"Wanderleiter D, Do 21.5.2026, Bern\">Wanderleiter D, Do 21.5.2026, Bern<\/option><option value=\"Wanderleiter D, Die 12.5.2026, Basel\">Wanderleiter D, Die 12.5.2026, Basel<\/option><option value=\"Wanderleiter D, Die 19.5.2026, Chur\">Wanderleiter D, Die 19.5.2026, Chur<\/option><option value=\"Accompagnateur en montagne F, Me 29.4.2026, Lausanne\">Accompagnateur en montagne F, Me 29.4.2026, Lausanne<\/option><option value=\"Accompagnateur en montagne F, Ma 26.5.2026, Martigny\">Accompagnateur en montagne F, Ma 26.5.2026, Martigny<\/option><option value=\"Kletterlehrer\/Professeur d\u2019escalade D\/F, Do\/Je 21.5.2026, Bern\/Berne\">Kletterlehrer\/Professeur d\u2019escalade D\/F, Do\/Je 21.5.2026, Bern\/Berne<\/option><\/select><\/span><br \/>\n<\/label><br \/>\n<label><br \/>\n<span class=\"wpcf7-form-control-wrap\" data-name=\"nachname\"><input size=\"40\" maxlength=\"400\" class=\"wpcf7-form-control wpcf7-text wpcf7-validates-as-required\" aria-required=\"true\" aria-invalid=\"false\" placeholder=\"Familienname \/ Nom *\" value=\"\" type=\"text\" name=\"nachname\" \/><\/span> <\/label><br \/>\n<label><br \/>\n<span class=\"wpcf7-form-control-wrap\" data-name=\"vorname\"><input size=\"40\" maxlength=\"400\" class=\"wpcf7-form-control wpcf7-text wpcf7-validates-as-required\" aria-required=\"true\" aria-invalid=\"false\" placeholder=\"Vorname \/ Pr\u00e9nom *\" value=\"\" type=\"text\" name=\"vorname\" \/><\/span><br \/>\n<\/label><br \/>\n<label><br \/>\n<span class=\"wpcf7-form-control-wrap\" data-name=\"strasse\"><input size=\"40\" maxlength=\"400\" class=\"wpcf7-form-control wpcf7-text wpcf7-validates-as-required\" aria-required=\"true\" aria-invalid=\"false\" placeholder=\"Strasse \/ Rue *\" value=\"\" type=\"text\" name=\"strasse\" \/><\/span><\/label><br \/>\n<label><br \/>\n<span class=\"wpcf7-form-control-wrap\" data-name=\"ort\"><input size=\"40\" maxlength=\"400\" class=\"wpcf7-form-control wpcf7-text wpcf7-validates-as-required\" aria-required=\"true\" aria-invalid=\"false\" placeholder=\"Ort \/ Lieu *\" value=\"\" type=\"text\" name=\"ort\" \/><\/span><br \/>\n<\/label><br \/>\n<label><br \/>\n<span class=\"wpcf7-form-control-wrap\" data-name=\"email-adresse\"><input size=\"40\" maxlength=\"400\" class=\"wpcf7-form-control wpcf7-email wpcf7-validates-as-required wpcf7-text wpcf7-validates-as-email\" aria-required=\"true\" aria-invalid=\"false\" placeholder=\"E-Mail *\" value=\"\" type=\"email\" name=\"email-adresse\" \/><\/span><br \/>\n<\/label>\n\t<\/p>\n\t<p><input class=\"wpcf7-form-control wpcf7-submit has-spinner\" type=\"submit\" value=\"Senden \/ Envoyer\" \/>\n\t<\/p>\n<\/div>\n<p><! -- END div cf>\n<\/p><div class=\"wpcf7-response-output\" aria-hidden=\"true\"><\/div>\n<\/form>\n<\/div>\n\n<\/div><\/section><\/p><\/div>\n","protected":false},"excerpt":{"rendered":"","protected":false},"author":10,"featured_media":0,"parent":0,"menu_order":5,"comment_status":"closed","ping_status":"closed","template":"","meta":{"_acf_changed":false,"footnotes":"","_links_to":"","_links_to_target":""},"class_list":["post-37373","page","type-page","status-publish","hentry"],"acf":[],"yoast_head":"<!-- This site is optimized with the Yoast SEO plugin v27.4 - https:\/\/yoast.com\/product\/yoast-seo-wordpress\/ -->\n<title>Soir\u00e9es d&#039;information sur les m\u00e9tiers et les formations de l&#039;ASGM - Schweizer Bergf\u00fchrerverband SBV-ASGM<\/title>\n<meta name=\"robots\" content=\"index, follow, max-snippet:-1, max-image-preview:large, max-video-preview:-1\" \/>\n<link rel=\"canonical\" href=\"https:\/\/sbv-asgm.ch\/fr\/soirees-dinformation-sur-les-metiers-et-les-formations-de-lasgm\/\" \/>\n<meta property=\"og:locale\" content=\"fr_FR\" \/>\n<meta property=\"og:type\" content=\"article\" \/>\n<meta property=\"og:title\" content=\"Soir\u00e9es d&#039;information sur les m\u00e9tiers et les formations de l&#039;ASGM - Schweizer Bergf\u00fchrerverband SBV-ASGM\" \/>\n<meta property=\"og:url\" content=\"https:\/\/sbv-asgm.ch\/fr\/soirees-dinformation-sur-les-metiers-et-les-formations-de-lasgm\/\" \/>\n<meta property=\"og:site_name\" content=\"Schweizer Bergf\u00fchrerverband SBV-ASGM\" \/>\n<meta property=\"article:modified_time\" content=\"2025-12-09T08:32:31+00:00\" \/>\n<meta name=\"twitter:card\" content=\"summary_large_image\" \/>\n<meta name=\"twitter:label1\" content=\"Dur\u00e9e de lecture estim\u00e9e\" \/>\n\t<meta name=\"twitter:data1\" content=\"2 minutes\" \/>\n<script type=\"application\/ld+json\" class=\"yoast-schema-graph\">{\"@context\":\"https:\\\/\\\/schema.org\",\"@graph\":[{\"@type\":\"WebPage\",\"@id\":\"https:\\\/\\\/sbv-asgm.ch\\\/fr\\\/soirees-dinformation-sur-les-metiers-et-les-formations-de-lasgm\\\/\",\"url\":\"https:\\\/\\\/sbv-asgm.ch\\\/fr\\\/soirees-dinformation-sur-les-metiers-et-les-formations-de-lasgm\\\/\",\"name\":\"Soir\u00e9es d'information sur les m\u00e9tiers et les formations de l'ASGM - Schweizer Bergf\u00fchrerverband SBV-ASGM\",\"isPartOf\":{\"@id\":\"https:\\\/\\\/sbv-asgm.ch\\\/fr\\\/#website\"},\"datePublished\":\"2024-06-17T20:52:44+00:00\",\"dateModified\":\"2025-12-09T08:32:31+00:00\",\"breadcrumb\":{\"@id\":\"https:\\\/\\\/sbv-asgm.ch\\\/fr\\\/soirees-dinformation-sur-les-metiers-et-les-formations-de-lasgm\\\/#breadcrumb\"},\"inLanguage\":\"fr-FR\",\"potentialAction\":[{\"@type\":\"ReadAction\",\"target\":[\"https:\\\/\\\/sbv-asgm.ch\\\/fr\\\/soirees-dinformation-sur-les-metiers-et-les-formations-de-lasgm\\\/\"]}]},{\"@type\":\"BreadcrumbList\",\"@id\":\"https:\\\/\\\/sbv-asgm.ch\\\/fr\\\/soirees-dinformation-sur-les-metiers-et-les-formations-de-lasgm\\\/#breadcrumb\",\"itemListElement\":[{\"@type\":\"ListItem\",\"position\":1,\"name\":\"Startseite\",\"item\":\"https:\\\/\\\/sbv-asgm.ch\\\/fr\\\/\"},{\"@type\":\"ListItem\",\"position\":2,\"name\":\"Soir\u00e9es d&#8217;information sur les m\u00e9tiers et les formations de l&#8217;ASGM\"}]},{\"@type\":\"WebSite\",\"@id\":\"https:\\\/\\\/sbv-asgm.ch\\\/fr\\\/#website\",\"url\":\"https:\\\/\\\/sbv-asgm.ch\\\/fr\\\/\",\"name\":\"Schweizer Bergf\u00fchrerverband SBV-ASGM\",\"description\":\"Bergf\u00fchrer, Wanderleiter, Kletterlehrer, H\u00f6henarbeiter\",\"publisher\":{\"@id\":\"https:\\\/\\\/sbv-asgm.ch\\\/fr\\\/#organization\"},\"potentialAction\":[{\"@type\":\"SearchAction\",\"target\":{\"@type\":\"EntryPoint\",\"urlTemplate\":\"https:\\\/\\\/sbv-asgm.ch\\\/fr\\\/?s={search_term_string}\"},\"query-input\":{\"@type\":\"PropertyValueSpecification\",\"valueRequired\":true,\"valueName\":\"search_term_string\"}}],\"inLanguage\":\"fr-FR\"},{\"@type\":\"Organization\",\"@id\":\"https:\\\/\\\/sbv-asgm.ch\\\/fr\\\/#organization\",\"name\":\"Schweizer Bergf\u00fchrerverband SBV-ASGM\",\"alternateName\":\"SBV-ASGM\",\"url\":\"https:\\\/\\\/sbv-asgm.ch\\\/fr\\\/\",\"logo\":{\"@type\":\"ImageObject\",\"inLanguage\":\"fr-FR\",\"@id\":\"https:\\\/\\\/sbv-asgm.ch\\\/fr\\\/#\\\/schema\\\/logo\\\/image\\\/\",\"url\":\"https:\\\/\\\/sbv-asgm.ch\\\/wp-content\\\/uploads\\\/logo-sbv-asgm.png\",\"contentUrl\":\"https:\\\/\\\/sbv-asgm.ch\\\/wp-content\\\/uploads\\\/logo-sbv-asgm.png\",\"width\":400,\"height\":130,\"caption\":\"Schweizer Bergf\u00fchrerverband SBV-ASGM\"},\"image\":{\"@id\":\"https:\\\/\\\/sbv-asgm.ch\\\/fr\\\/#\\\/schema\\\/logo\\\/image\\\/\"}}]}<\/script>\n<!-- \/ Yoast SEO plugin. -->","yoast_head_json":{"title":"Soir\u00e9es d'information sur les m\u00e9tiers et les formations de l'ASGM - Schweizer Bergf\u00fchrerverband SBV-ASGM","robots":{"index":"index","follow":"follow","max-snippet":"max-snippet:-1","max-image-preview":"max-image-preview:large","max-video-preview":"max-video-preview:-1"},"canonical":"https:\/\/sbv-asgm.ch\/fr\/soirees-dinformation-sur-les-metiers-et-les-formations-de-lasgm\/","og_locale":"fr_FR","og_type":"article","og_title":"Soir\u00e9es d'information sur les m\u00e9tiers et les formations de l'ASGM - Schweizer Bergf\u00fchrerverband SBV-ASGM","og_url":"https:\/\/sbv-asgm.ch\/fr\/soirees-dinformation-sur-les-metiers-et-les-formations-de-lasgm\/","og_site_name":"Schweizer Bergf\u00fchrerverband SBV-ASGM","article_modified_time":"2025-12-09T08:32:31+00:00","twitter_card":"summary_large_image","twitter_misc":{"Dur\u00e9e de lecture estim\u00e9e":"2 minutes"},"schema":{"@context":"https:\/\/schema.org","@graph":[{"@type":"WebPage","@id":"https:\/\/sbv-asgm.ch\/fr\/soirees-dinformation-sur-les-metiers-et-les-formations-de-lasgm\/","url":"https:\/\/sbv-asgm.ch\/fr\/soirees-dinformation-sur-les-metiers-et-les-formations-de-lasgm\/","name":"Soir\u00e9es d'information sur les m\u00e9tiers et les formations de l'ASGM - Schweizer Bergf\u00fchrerverband SBV-ASGM","isPartOf":{"@id":"https:\/\/sbv-asgm.ch\/fr\/#website"},"datePublished":"2024-06-17T20:52:44+00:00","dateModified":"2025-12-09T08:32:31+00:00","breadcrumb":{"@id":"https:\/\/sbv-asgm.ch\/fr\/soirees-dinformation-sur-les-metiers-et-les-formations-de-lasgm\/#breadcrumb"},"inLanguage":"fr-FR","potentialAction":[{"@type":"ReadAction","target":["https:\/\/sbv-asgm.ch\/fr\/soirees-dinformation-sur-les-metiers-et-les-formations-de-lasgm\/"]}]},{"@type":"BreadcrumbList","@id":"https:\/\/sbv-asgm.ch\/fr\/soirees-dinformation-sur-les-metiers-et-les-formations-de-lasgm\/#breadcrumb","itemListElement":[{"@type":"ListItem","position":1,"name":"Startseite","item":"https:\/\/sbv-asgm.ch\/fr\/"},{"@type":"ListItem","position":2,"name":"Soir\u00e9es d&#8217;information sur les m\u00e9tiers et les formations de l&#8217;ASGM"}]},{"@type":"WebSite","@id":"https:\/\/sbv-asgm.ch\/fr\/#website","url":"https:\/\/sbv-asgm.ch\/fr\/","name":"Schweizer Bergf\u00fchrerverband SBV-ASGM","description":"Bergf\u00fchrer, Wanderleiter, Kletterlehrer, H\u00f6henarbeiter","publisher":{"@id":"https:\/\/sbv-asgm.ch\/fr\/#organization"},"potentialAction":[{"@type":"SearchAction","target":{"@type":"EntryPoint","urlTemplate":"https:\/\/sbv-asgm.ch\/fr\/?s={search_term_string}"},"query-input":{"@type":"PropertyValueSpecification","valueRequired":true,"valueName":"search_term_string"}}],"inLanguage":"fr-FR"},{"@type":"Organization","@id":"https:\/\/sbv-asgm.ch\/fr\/#organization","name":"Schweizer Bergf\u00fchrerverband SBV-ASGM","alternateName":"SBV-ASGM","url":"https:\/\/sbv-asgm.ch\/fr\/","logo":{"@type":"ImageObject","inLanguage":"fr-FR","@id":"https:\/\/sbv-asgm.ch\/fr\/#\/schema\/logo\/image\/","url":"https:\/\/sbv-asgm.ch\/wp-content\/uploads\/logo-sbv-asgm.png","contentUrl":"https:\/\/sbv-asgm.ch\/wp-content\/uploads\/logo-sbv-asgm.png","width":400,"height":130,"caption":"Schweizer Bergf\u00fchrerverband SBV-ASGM"},"image":{"@id":"https:\/\/sbv-asgm.ch\/fr\/#\/schema\/logo\/image\/"}}]}},"publishpress_future_action":{"enabled":false,"date":"2026-04-27 16:29:39","action":"change-status","newStatus":"draft","terms":[],"taxonomy":"translation_priority","extraData":[]},"publishpress_future_workflow_manual_trigger":{"enabledWorkflows":[]},"_links":{"self":[{"href":"https:\/\/sbv-asgm.ch\/fr\/wp-json\/wp\/v2\/pages\/37373","targetHints":{"allow":["GET"]}}],"collection":[{"href":"https:\/\/sbv-asgm.ch\/fr\/wp-json\/wp\/v2\/pages"}],"about":[{"href":"https:\/\/sbv-asgm.ch\/fr\/wp-json\/wp\/v2\/types\/page"}],"author":[{"embeddable":true,"href":"https:\/\/sbv-asgm.ch\/fr\/wp-json\/wp\/v2\/users\/10"}],"replies":[{"embeddable":true,"href":"https:\/\/sbv-asgm.ch\/fr\/wp-json\/wp\/v2\/comments?post=37373"}],"version-history":[{"count":20,"href":"https:\/\/sbv-asgm.ch\/fr\/wp-json\/wp\/v2\/pages\/37373\/revisions"}],"predecessor-version":[{"id":37375,"href":"https:\/\/sbv-asgm.ch\/fr\/wp-json\/wp\/v2\/pages\/37373\/revisions\/37375"}],"wp:attachment":[{"href":"https:\/\/sbv-asgm.ch\/fr\/wp-json\/wp\/v2\/media?parent=37373"}],"curies":[{"name":"wp","href":"https:\/\/api.w.org\/{rel}","templated":true}]}}