{"id":41359,"date":"2025-12-05T15:58:52","date_gmt":"2025-12-05T14:58:52","guid":{"rendered":"https:\/\/sbv-asgm.ch\/?page_id=41359"},"modified":"2026-01-21T21:18:42","modified_gmt":"2026-01-21T20:18:42","slug":"faqs-haeufig-gestellte-fragen","status":"publish","type":"page","link":"https:\/\/sbv-asgm.ch\/fr\/faqs-haeufig-gestellte-fragen\/","title":{"rendered":"FAQs &#8211; H\u00e4ufig gestellte Fragen"},"content":{"rendered":"<div  class='flex_column av-12htfkf-3f535c7738dbc706fb48422cb0ff3fef av_two_third  avia-builder-el-0  el_before_av_one_third  avia-builder-el-first  first flex_column_div  '     ><section  class='av_textblock_section av-miszopdu-b92b6ce2d50c08da08e285eebe866185 '   itemscope=\"itemscope\" itemtype=\"https:\/\/schema.org\/CreativeWork\" ><div class='avia_textblock'  itemprop=\"text\" ><h1>FAQs &#8211;<br \/>\nH\u00e4ufig gestellte Fragen<\/h1>\n<p>Gib ein Stichwort oder eine Frage ins Suchfeld ein. Via Enter-Taste oder einem Klick auf die Lupe erh\u00e4ltst du passende Antworten.<\/p>\n<p><strong>Beispiele<\/strong>:\u00a0<em>Modul \/ Kursgeld \/\u00a0 Ausbildung unterbrechen \/ stornieren \/ Anruf<\/em><\/p>\n<\/div><\/section><br \/>\n<section  class='av_textblock_section av-miszplem-c79c944451779ab13ab5aef5a2156891 '   itemscope=\"itemscope\" itemtype=\"https:\/\/schema.org\/CreativeWork\" ><div class='avia_textblock'  itemprop=\"text\" ><div class=\"sbv-faq-search-wrap\" data-json=\"https:\/\/sbv-asgm.ch\/wp-content\/uploads\/faqs\/faqs_de.json?v=1762997371\" data-lang=\"de\">\r\n  <div class=\"sbv-faq-searchbar\">\r\n    <input type=\"search\" class=\"sbv-faq-q\" placeholder=\"Suchbegriff eingeben \u2026\" aria-label=\"FAQ suchen\" autocomplete=\"off\">\r\n    <button type=\"button\" class=\"sbv-faq-btn\" aria-label=\"Suche\" title=\"Suche\">\r\n      <svg class=\"icon\" viewBox=\"0 0 24 24\" aria-hidden=\"true\" focusable=\"false\">\r\n        <circle cx=\"11\" cy=\"11\" r=\"7\" fill=\"none\" stroke=\"currentColor\" stroke-width=\"2\"><\/circle>\r\n        <line x1=\"16.65\" y1=\"16.65\" x2=\"22\" y2=\"22\" stroke=\"currentColor\" stroke-width=\"2\"><\/line>\r\n      <\/svg>\r\n    <\/button>\r\n    <div class=\"sbv-suggest\" role=\"listbox\" aria-label=\"Vorschl\u00e4ge\"><\/div>\r\n  <\/div>\r\n\r\n  <div class=\"sbv-faq-count\" aria-live=\"polite\" data-show=\"1\"><\/div>\r\n  <div class=\"sbv-faq-groups\" aria-live=\"polite\"><\/div>\r\n  <div class=\"sbv-faq-nores\">Keine Treffer.<\/div>\r\n<\/div>\r\n\n<\/div><\/section><\/p><\/div><div  class='flex_column av-rsdej3-e71836d34d46211addb52f3247dcd8fe av_one_third  avia-builder-el-3  el_after_av_two_third  avia-builder-el-last  flex_column_div  '     ><\/div><\/p>\n","protected":false},"excerpt":{"rendered":"","protected":false},"author":17,"featured_media":0,"parent":0,"menu_order":26,"comment_status":"closed","ping_status":"closed","template":"","meta":{"footnotes":"","_links_to":"","_links_to_target":""},"class_list":["post-41359","page","type-page","status-publish","hentry"],"yoast_head":"<!-- This site is optimized with the Yoast SEO plugin v27.4 - https:\/\/yoast.com\/product\/yoast-seo-wordpress\/ -->\n<title>FAQs - H\u00e4ufig gestellte Fragen - Schweizer Bergf\u00fchrerverband SBV-ASGM<\/title>\n<meta name=\"robots\" content=\"index, follow, max-snippet:-1, max-image-preview:large, max-video-preview:-1\" \/>\n<link rel=\"canonical\" href=\"https:\/\/sbv-asgm.ch\/fr\/faqs-haeufig-gestellte-fragen\/\" \/>\n<meta property=\"og:locale\" content=\"fr_FR\" \/>\n<meta property=\"og:type\" content=\"article\" \/>\n<meta property=\"og:title\" content=\"FAQs - H\u00e4ufig gestellte Fragen - Schweizer Bergf\u00fchrerverband SBV-ASGM\" \/>\n<meta property=\"og:url\" content=\"https:\/\/sbv-asgm.ch\/fr\/faqs-haeufig-gestellte-fragen\/\" \/>\n<meta property=\"og:site_name\" content=\"Schweizer Bergf\u00fchrerverband SBV-ASGM\" \/>\n<meta property=\"article:modified_time\" content=\"2026-01-21T20:18:42+00:00\" \/>\n<meta name=\"twitter:card\" content=\"summary_large_image\" \/>\n<meta name=\"twitter:label1\" content=\"Dur\u00e9e de lecture estim\u00e9e\" \/>\n\t<meta name=\"twitter:data1\" content=\"1 minute\" \/>\n<script type=\"application\/ld+json\" class=\"yoast-schema-graph\">{\"@context\":\"https:\\\/\\\/schema.org\",\"@graph\":[{\"@type\":\"WebPage\",\"@id\":\"https:\\\/\\\/sbv-asgm.ch\\\/fr\\\/faqs-haeufig-gestellte-fragen\\\/\",\"url\":\"https:\\\/\\\/sbv-asgm.ch\\\/fr\\\/faqs-haeufig-gestellte-fragen\\\/\",\"name\":\"FAQs - H\u00e4ufig gestellte Fragen - Schweizer Bergf\u00fchrerverband SBV-ASGM\",\"isPartOf\":{\"@id\":\"https:\\\/\\\/sbv-asgm.ch\\\/fr\\\/#website\"},\"datePublished\":\"2025-12-05T14:58:52+00:00\",\"dateModified\":\"2026-01-21T20:18:42+00:00\",\"breadcrumb\":{\"@id\":\"https:\\\/\\\/sbv-asgm.ch\\\/fr\\\/faqs-haeufig-gestellte-fragen\\\/#breadcrumb\"},\"inLanguage\":\"fr-FR\",\"potentialAction\":[{\"@type\":\"ReadAction\",\"target\":[\"https:\\\/\\\/sbv-asgm.ch\\\/fr\\\/faqs-haeufig-gestellte-fragen\\\/\"]}]},{\"@type\":\"BreadcrumbList\",\"@id\":\"https:\\\/\\\/sbv-asgm.ch\\\/fr\\\/faqs-haeufig-gestellte-fragen\\\/#breadcrumb\",\"itemListElement\":[{\"@type\":\"ListItem\",\"position\":1,\"name\":\"Startseite\",\"item\":\"https:\\\/\\\/sbv-asgm.ch\\\/fr\\\/accociation-suisse-des-guides-de-montagne-sbv-asgm\\\/\"},{\"@type\":\"ListItem\",\"position\":2,\"name\":\"FAQs &#8211; H\u00e4ufig gestellte Fragen\"}]},{\"@type\":\"WebSite\",\"@id\":\"https:\\\/\\\/sbv-asgm.ch\\\/fr\\\/#website\",\"url\":\"https:\\\/\\\/sbv-asgm.ch\\\/fr\\\/\",\"name\":\"Schweizer Bergf\u00fchrerverband SBV-ASGM\",\"description\":\"Bergf\u00fchrer, Wanderleiter, Kletterlehrer, H\u00f6henarbeiter\",\"publisher\":{\"@id\":\"https:\\\/\\\/sbv-asgm.ch\\\/fr\\\/#organization\"},\"potentialAction\":[{\"@type\":\"SearchAction\",\"target\":{\"@type\":\"EntryPoint\",\"urlTemplate\":\"https:\\\/\\\/sbv-asgm.ch\\\/fr\\\/?s={search_term_string}\"},\"query-input\":{\"@type\":\"PropertyValueSpecification\",\"valueRequired\":true,\"valueName\":\"search_term_string\"}}],\"inLanguage\":\"fr-FR\"},{\"@type\":\"Organization\",\"@id\":\"https:\\\/\\\/sbv-asgm.ch\\\/fr\\\/#organization\",\"name\":\"Schweizer Bergf\u00fchrerverband SBV-ASGM\",\"alternateName\":\"SBV-ASGM\",\"url\":\"https:\\\/\\\/sbv-asgm.ch\\\/fr\\\/\",\"logo\":{\"@type\":\"ImageObject\",\"inLanguage\":\"fr-FR\",\"@id\":\"https:\\\/\\\/sbv-asgm.ch\\\/fr\\\/#\\\/schema\\\/logo\\\/image\\\/\",\"url\":\"https:\\\/\\\/sbv-asgm.ch\\\/wp-content\\\/uploads\\\/logo-sbv-asgm.png\",\"contentUrl\":\"https:\\\/\\\/sbv-asgm.ch\\\/wp-content\\\/uploads\\\/logo-sbv-asgm.png\",\"width\":400,\"height\":130,\"caption\":\"Schweizer Bergf\u00fchrerverband SBV-ASGM\"},\"image\":{\"@id\":\"https:\\\/\\\/sbv-asgm.ch\\\/fr\\\/#\\\/schema\\\/logo\\\/image\\\/\"}}]}<\/script>\n<!-- \/ Yoast SEO plugin. -->","yoast_head_json":{"title":"FAQs - H\u00e4ufig gestellte Fragen - Schweizer Bergf\u00fchrerverband SBV-ASGM","robots":{"index":"index","follow":"follow","max-snippet":"max-snippet:-1","max-image-preview":"max-image-preview:large","max-video-preview":"max-video-preview:-1"},"canonical":"https:\/\/sbv-asgm.ch\/fr\/faqs-haeufig-gestellte-fragen\/","og_locale":"fr_FR","og_type":"article","og_title":"FAQs - H\u00e4ufig gestellte Fragen - Schweizer Bergf\u00fchrerverband SBV-ASGM","og_url":"https:\/\/sbv-asgm.ch\/fr\/faqs-haeufig-gestellte-fragen\/","og_site_name":"Schweizer Bergf\u00fchrerverband SBV-ASGM","article_modified_time":"2026-01-21T20:18:42+00:00","twitter_card":"summary_large_image","twitter_misc":{"Dur\u00e9e de lecture estim\u00e9e":"1 minute"},"schema":{"@context":"https:\/\/schema.org","@graph":[{"@type":"WebPage","@id":"https:\/\/sbv-asgm.ch\/fr\/faqs-haeufig-gestellte-fragen\/","url":"https:\/\/sbv-asgm.ch\/fr\/faqs-haeufig-gestellte-fragen\/","name":"FAQs - H\u00e4ufig gestellte Fragen - Schweizer Bergf\u00fchrerverband SBV-ASGM","isPartOf":{"@id":"https:\/\/sbv-asgm.ch\/fr\/#website"},"datePublished":"2025-12-05T14:58:52+00:00","dateModified":"2026-01-21T20:18:42+00:00","breadcrumb":{"@id":"https:\/\/sbv-asgm.ch\/fr\/faqs-haeufig-gestellte-fragen\/#breadcrumb"},"inLanguage":"fr-FR","potentialAction":[{"@type":"ReadAction","target":["https:\/\/sbv-asgm.ch\/fr\/faqs-haeufig-gestellte-fragen\/"]}]},{"@type":"BreadcrumbList","@id":"https:\/\/sbv-asgm.ch\/fr\/faqs-haeufig-gestellte-fragen\/#breadcrumb","itemListElement":[{"@type":"ListItem","position":1,"name":"Startseite","item":"https:\/\/sbv-asgm.ch\/fr\/accociation-suisse-des-guides-de-montagne-sbv-asgm\/"},{"@type":"ListItem","position":2,"name":"FAQs &#8211; H\u00e4ufig gestellte Fragen"}]},{"@type":"WebSite","@id":"https:\/\/sbv-asgm.ch\/fr\/#website","url":"https:\/\/sbv-asgm.ch\/fr\/","name":"Schweizer Bergf\u00fchrerverband SBV-ASGM","description":"Bergf\u00fchrer, Wanderleiter, Kletterlehrer, H\u00f6henarbeiter","publisher":{"@id":"https:\/\/sbv-asgm.ch\/fr\/#organization"},"potentialAction":[{"@type":"SearchAction","target":{"@type":"EntryPoint","urlTemplate":"https:\/\/sbv-asgm.ch\/fr\/?s={search_term_string}"},"query-input":{"@type":"PropertyValueSpecification","valueRequired":true,"valueName":"search_term_string"}}],"inLanguage":"fr-FR"},{"@type":"Organization","@id":"https:\/\/sbv-asgm.ch\/fr\/#organization","name":"Schweizer Bergf\u00fchrerverband SBV-ASGM","alternateName":"SBV-ASGM","url":"https:\/\/sbv-asgm.ch\/fr\/","logo":{"@type":"ImageObject","inLanguage":"fr-FR","@id":"https:\/\/sbv-asgm.ch\/fr\/#\/schema\/logo\/image\/","url":"https:\/\/sbv-asgm.ch\/wp-content\/uploads\/logo-sbv-asgm.png","contentUrl":"https:\/\/sbv-asgm.ch\/wp-content\/uploads\/logo-sbv-asgm.png","width":400,"height":130,"caption":"Schweizer Bergf\u00fchrerverband SBV-ASGM"},"image":{"@id":"https:\/\/sbv-asgm.ch\/fr\/#\/schema\/logo\/image\/"}}]}},"publishpress_future_action":{"enabled":false,"date":"2026-05-01 15:08:07","action":"change-status","newStatus":"draft","terms":[],"taxonomy":"translation_priority","extraData":[]},"publishpress_future_workflow_manual_trigger":{"enabledWorkflows":[]},"_links":{"self":[{"href":"https:\/\/sbv-asgm.ch\/fr\/wp-json\/wp\/v2\/pages\/41359","targetHints":{"allow":["GET"]}}],"collection":[{"href":"https:\/\/sbv-asgm.ch\/fr\/wp-json\/wp\/v2\/pages"}],"about":[{"href":"https:\/\/sbv-asgm.ch\/fr\/wp-json\/wp\/v2\/types\/page"}],"author":[{"embeddable":true,"href":"https:\/\/sbv-asgm.ch\/fr\/wp-json\/wp\/v2\/users\/17"}],"replies":[{"embeddable":true,"href":"https:\/\/sbv-asgm.ch\/fr\/wp-json\/wp\/v2\/comments?post=41359"}],"version-history":[{"count":3,"href":"https:\/\/sbv-asgm.ch\/fr\/wp-json\/wp\/v2\/pages\/41359\/revisions"}],"predecessor-version":[{"id":42268,"href":"https:\/\/sbv-asgm.ch\/fr\/wp-json\/wp\/v2\/pages\/41359\/revisions\/42268"}],"wp:attachment":[{"href":"https:\/\/sbv-asgm.ch\/fr\/wp-json\/wp\/v2\/media?parent=41359"}],"curies":[{"name":"wp","href":"https:\/\/api.w.org\/{rel}","templated":true}]}}