{"id":43062,"date":"2026-03-01T17:31:26","date_gmt":"2026-03-01T16:31:26","guid":{"rendered":"https:\/\/sbv-asgm.ch\/?page_id=43062"},"modified":"2026-04-24T13:36:18","modified_gmt":"2026-04-24T11:36:18","slug":"avec-lasgm-en-route-en-toute-confiance","status":"publish","type":"page","link":"https:\/\/sbv-asgm.ch\/fr\/avec-lasgm-en-route-en-toute-confiance\/","title":{"rendered":"Avec l\u2019ASGM, en course de mani\u00e8re responsable"},"content":{"rendered":"<div id='av_section_1'  class='avia-section av-1mmmjp4-63459ab28af523825333fd27aad0f5b7 main_color avia-section-default avia-no-border-styling  avia-builder-el-0  el_before_av_section  avia-builder-el-first  avia-bg-style-scroll container_wrap sidebar_right'  ><div class='container av-section-cont-open' ><main  role=\"main\" itemprop=\"mainContentOfPage\"  class='template-page content  av-content-small alpha units'><div class='post-entry post-entry-type-page post-entry-43062'><div class='entry-content-wrapper clearfix'>\n\n<style type=\"text\/css\" data-created_by=\"avia_inline_auto\" id=\"style-css-av-mkabs052-94d28db275b81b533b91ab2a0f6b02a2\">\n#top .av-special-heading.av-mkabs052-94d28db275b81b533b91ab2a0f6b02a2{\npadding-bottom:10px;\n}\nbody .av-special-heading.av-mkabs052-94d28db275b81b533b91ab2a0f6b02a2 .av-special-heading-tag .heading-char{\nfont-size:25px;\n}\n.av-special-heading.av-mkabs052-94d28db275b81b533b91ab2a0f6b02a2 .av-subheading{\nfont-size:15px;\n}\n<\/style>\n<div  class='av-special-heading av-mkabs052-94d28db275b81b533b91ab2a0f6b02a2 av-special-heading-h1 blockquote modern-quote  avia-builder-el-1  el_before_av_three_fifth  avia-builder-el-first '><h1 class='av-special-heading-tag '  itemprop=\"headline\"  >Avec l\u2019ASGM,<br \/>\nen course de mani\u00e8re responsable<\/h1><div class=\"special-heading-border\"><div class=\"special-heading-inner-border\"><\/div><\/div><\/div>\n<div  class='flex_column av-1936yqg-588cd54bc99e1debdc9a3209b9a1188f av_three_fifth  avia-builder-el-2  el_after_av_heading  el_before_av_two_fifth  first av-break-at-tablet flex_column_div  '     ><section  class='av_textblock_section av-mm9pzh7b-f1b7f320deccbe63f2546fcd23f784f8 '   itemscope=\"itemscope\" itemtype=\"https:\/\/schema.org\/CreativeWork\" ><div class='avia_textblock linklist-vertical'  itemprop=\"text\" ><p>Le fait de proposer \u00e0 titre professionnel des activit\u00e9s \u00e0 risque (p. ex. des courses guid\u00e9es avec des guides de montagne, accompagnateurs en montagne, professeurs d\u2019escalade, ainsi que des guides de canyoning) est soumis \u00e0 autorisation en Suisse. L\u2019absence d\u2019une telle autorisation est ill\u00e9gale et peut entra\u00eener de lourdes amendes, une responsabilit\u00e9 en cas d\u2019accident et des poursuites p\u00e9nales.<\/p>\n<p>Une exp\u00e9rience en pleine nature sereine repose sur la confiance mutuelle. C\u2019est pourquoi, en tant qu\u2019h\u00f4te, tu es \u00e9galement invit\u00e9 \u00e0 v\u00e9rifier que ton guide remplit les exigences l\u00e9gales.<\/p>\n<h2>Seules les personnes disposant de la formation ad\u00e9quate et d\u2019une autorisation sont habilit\u00e9es \u00e0 guider l\u00e9galement en Suisse.<\/h2>\n<ul>\n<li><a href=\"https:\/\/www.apps.baspo.admin.ch\/riskv\/CMS\/riskvcms.asp?spr=f&amp;art=P\" target=\"_blank\" rel=\"noopener\">Professionnels autoris\u00e9s en Suisse<\/a><\/li>\n<\/ul>\n<h2>Proposer des activit\u00e9s \u00e0 risque sans formation ni autorisation est ill\u00e9gal en Suisse.<\/h2>\n<ul>\n<li><a href=\"https:\/\/sbv-asgm.ch\/wp-content\/uploads\/SBV-2025-Wegleitung-Fuehren-ohne-Bewilligung-V08_Kurzfassung_02.2026.pdf\" target=\"_blank\" rel=\"noopener\">Feuille d\u2019information \u00ab Guider sans autorisation \u00bb, vers. 02.2026<\/a><\/li>\n<\/ul>\n<h2>Les droits et obligations des prestataires d\u2019activit\u00e9s \u00e0 risque sont strictement r\u00e9glement\u00e9s par la loi en Suisse.<\/h2>\n<ul>\n<li><a href=\"https:\/\/www.fedlex.admin.ch\/eli\/oc\/2013\/87\/fr\" target=\"_blank\" rel=\"noopener\">Loi f\u00e9d\u00e9rale sur les guides de montagne et les organisateurs d&rsquo;autres activit\u00e9s \u00e0 risque<\/a><\/li>\n<li class=\"erlasstitel botschafttitel \"><a href=\"https:\/\/www.fedlex.admin.ch\/eli\/cc\/2019\/124\/fr\" target=\"_blank\" rel=\"noopener\">Ordonnance sur les guides de montagne et les organisateurs d\u2019autres activit\u00e9s \u00e0 risque<\/a><\/li>\n<li><a href=\"https:\/\/sbv-asgm.ch\/wp-content\/uploads\/7.1_Explications_ordonnance_sur_les_activites_a_risque_20211018.pdf\" target=\"_blank\" rel=\"noopener\">Explications relatives \u00e0 l\u2019ordonnance sur les activit\u00e9s \u00e0 risque<\/a><\/li>\n<li><a href=\"https:\/\/sbv-asgm.ch\/wp-content\/uploads\/A_f_Rechte-Pflichten-Aspiranten_Vers_08.2022.pdf\" target=\"_blank\" rel=\"noopener\">Droits et devoirs des aspirant\/-es-guides, Vers. 08.2022<\/a><\/li>\n<\/ul>\n<\/div><\/section><\/div><div  class='flex_column av-1pb976t-54a6f1ab8b9f6bbb2a05852a6063fc92 av_two_fifth  avia-builder-el-4  el_after_av_three_fifth  avia-builder-el-last  av-break-at-tablet flex_column_div  '     ><p>\n<style type=\"text\/css\" data-created_by=\"avia_inline_auto\" id=\"style-css-av-mm9qd0gq-e9d0bb47fe8220510766e39894f8aa8f\">\n#top .hr.hr-invisible.av-mm9qd0gq-e9d0bb47fe8220510766e39894f8aa8f{\nheight:10px;\n}\n<\/style>\n<div  class='hr av-mm9qd0gq-e9d0bb47fe8220510766e39894f8aa8f hr-invisible  avia-builder-el-5  el_before_av_textblock  avia-builder-el-first '><span class='hr-inner '><span class=\"hr-inner-style\"><\/span><\/span><\/div><br \/>\n<section  class='av_textblock_section av-mm9p2pve-8656581bd40a40df7e82f06f9021c067 '   itemscope=\"itemscope\" itemtype=\"https:\/\/schema.org\/CreativeWork\" ><div class='avia_textblock linklist-vertical'  itemprop=\"text\" ><h2>Offrire attivit\u00e0 a rischio senza formazione e autorizzazione \u00e8 illegale in Svizzera.<\/h2>\n<p>Un\u2019esperienza nella natura spensierata si basa sulla fiducia reciproca. Per questo anche tu, come ospite, sei invitato a verificare che la tua guida soddisfi i requisiti di legge.<\/p>\n<ul>\n<li><a href=\"https:\/\/www.admin.ch\/opc\/it\/official-compilation\/2013\/441.pdf\" target=\"_blank\" rel=\"noopener\">Legge federale<\/a><\/li>\n<li><a href=\"https:\/\/www.admin.ch\/opc\/it\/classified-compilation\/20180563\/index.html\" target=\"_blank\" rel=\"noopener\">Ordinanza sulle attivit\u00e0 a rischio<\/a><\/li>\n<\/ul>\n<h2>Offering risk activities without proper training and authorization is illegal in Switzerland.<\/h2>\n<p>A carefree experience in nature is built on mutual trust. This is why you, as a guest, are also encouraged to ensure that your guide meets the legal requirements.<\/p>\n<ul>\n<li><a href=\"https:\/\/www.admin.ch\/opc\/en\/classified-compilation\/20180563\/index.html\" target=\"_blank\" rel=\"noopener\">High-Risk Activities Ordinance<\/a><\/li>\n<\/ul>\n<\/div><\/section><\/p><\/div><\/div><\/div><\/main><!-- close content main element --><\/div><\/div><div id='av_section_2'  class='avia-section av-6hayw3a-9d9117a854fd66ed79f6f54aa2ef0146 main_color avia-section-default avia-no-border-styling  avia-builder-el-7  el_after_av_section  avia-builder-el-last  avia-bg-style-scroll container_wrap sidebar_right'  ><div class='container av-section-cont-open' ><div class='template-page content  av-content-small alpha units'><div class='post-entry post-entry-type-page post-entry-43062'><div class='entry-content-wrapper clearfix'>\n\n<style type=\"text\/css\" data-created_by=\"avia_inline_auto\" id=\"style-css-av-m837xy-7ad0cdef9c6cc3de40ae0c7320a7b1ff\">\n#top .av-special-heading.av-m837xy-7ad0cdef9c6cc3de40ae0c7320a7b1ff{\npadding-bottom:0;\n}\nbody .av-special-heading.av-m837xy-7ad0cdef9c6cc3de40ae0c7320a7b1ff .av-special-heading-tag .heading-char{\nfont-size:25px;\n}\n.av-special-heading.av-m837xy-7ad0cdef9c6cc3de40ae0c7320a7b1ff .av-subheading{\nfont-size:15px;\n}\n<\/style>\n<div  class='av-special-heading av-m837xy-7ad0cdef9c6cc3de40ae0c7320a7b1ff av-special-heading-h2 blockquote modern-quote  avia-builder-el-8  el_before_av_one_third  avia-builder-el-first '><h2 class='av-special-heading-tag '  itemprop=\"headline\"  >Plus de s\u00e9curit\u00e9 dans l\u2019aventure<\/h2><div class=\"special-heading-border\"><div class=\"special-heading-inner-border\"><\/div><\/div><\/div>\n<div  class='flex_column av-5omcohi-f69ce693506a265148c1f69e9638fd45 av_one_third  avia-builder-el-9  el_after_av_heading  el_before_av_one_third  first av-break-at-tablet flex_column_div  '     ><p>\n<style type=\"text\/css\" data-created_by=\"avia_inline_auto\" id=\"style-css-av-58u4kqe-5f3095d89c3ba7fa6b00e45ef5bf9eb6\">\n.avia-image-container.av-58u4kqe-5f3095d89c3ba7fa6b00e45ef5bf9eb6 img.avia_image{\nbox-shadow:none;\n}\n.avia-image-container.av-58u4kqe-5f3095d89c3ba7fa6b00e45ef5bf9eb6 .av-image-caption-overlay-center{\ncolor:#ffffff;\n}\n<\/style>\n<div  class='avia-image-container av-58u4kqe-5f3095d89c3ba7fa6b00e45ef5bf9eb6 av-styling- avia-align-center  avia-builder-el-10  el_before_av_textblock  avia-builder-el-first '   itemprop=\"image\" itemscope=\"itemscope\" itemtype=\"https:\/\/schema.org\/ImageObject\" ><div class=\"avia-image-container-inner\"><div class=\"avia-image-overlay-wrap\"><img decoding=\"async\" fetchpriority=\"high\" class='wp-image-43351 avia-img-lazy-loading-not-43351 avia_image ' src=\"https:\/\/sbv-asgm.ch\/wp-content\/uploads\/app-white-risk-sfl.jpg\" alt='' title='app-white-risk-sfl'  height=\"1474\" width=\"1020\"  itemprop=\"thumbnailUrl\" srcset=\"https:\/\/sbv-asgm.ch\/wp-content\/uploads\/app-white-risk-sfl.jpg 1020w, https:\/\/sbv-asgm.ch\/wp-content\/uploads\/app-white-risk-sfl-208x300.jpg 208w, https:\/\/sbv-asgm.ch\/wp-content\/uploads\/app-white-risk-sfl-713x1030.jpg 713w, https:\/\/sbv-asgm.ch\/wp-content\/uploads\/app-white-risk-sfl-768x1110.jpg 768w, https:\/\/sbv-asgm.ch\/wp-content\/uploads\/app-white-risk-sfl-488x705.jpg 488w\" sizes=\"(max-width: 1020px) 100vw, 1020px\" \/><\/div><\/div><\/div><br \/>\n<section  class='av_textblock_section av-4tuf4uu-8d029494e0580cc7f1abfb970d334180 '   itemscope=\"itemscope\" itemtype=\"https:\/\/schema.org\/CreativeWork\" ><div class='avia_textblock linklist-vertical'  itemprop=\"text\" ><h3>White Risk App<\/h3>\n<p>L\u2019application de l\u2019nstitut pour l\u2019\u00e9tude de la neige et des avalanches WSL. Elle fournit le bulletin d\u2019avalanches actuel, des donn\u00e9es sur la neige et la m\u00e9t\u00e9o ainsi que des outils professionnels pour la planification de courses \u00e0 ski, en snowboard et en raquettes.<\/p>\n<ul>\n<li><a href=\"https:\/\/apps.apple.com\/ch\/app\/white-risk\/id339374432?l=fr-FR\" target=\"_blank\" rel=\"noopener\">App Store<\/a><\/li>\n<li><a href=\"https:\/\/play.google.com\/store\/apps\/details?id=ch.slf.whiteriskmobile&amp;hl=fr&amp;gl=US&amp;pli=1\" target=\"_blank\" rel=\"noopener\">Google Play<\/a><\/li>\n<li><a href=\"https:\/\/www.slf.ch\/fr\/services-et-produits\/portail-white-risk\/\" target=\"_blank\" rel=\"noopener\">slf.ch<\/a><\/li>\n<\/ul>\n<\/div><\/section><br \/>\n\n<style type=\"text\/css\" data-created_by=\"avia_inline_auto\" id=\"style-css-av-4bvb3g6-abc566f9f1102abe58163f3de9849020\">\n#top .hr.hr-invisible.av-4bvb3g6-abc566f9f1102abe58163f3de9849020{\nheight:10px;\n}\n<\/style>\n<div  class='hr av-4bvb3g6-abc566f9f1102abe58163f3de9849020 hr-invisible  avia-builder-el-12  el_after_av_textblock  avia-builder-el-last '><span class='hr-inner '><span class=\"hr-inner-style\"><\/span><\/span><\/div><\/p><\/div><div  class='flex_column av-421lgye-162bd553209842c4ceaa96310e47e46a av_one_third  avia-builder-el-13  el_after_av_one_third  el_before_av_one_third  av-break-at-tablet flex_column_div  '     ><p>\n<style type=\"text\/css\" data-created_by=\"avia_inline_auto\" id=\"style-css-av-3cfs112-efd9917db43a784e9be2d1a9c612aa13\">\n.avia-image-container.av-3cfs112-efd9917db43a784e9be2d1a9c612aa13 img.avia_image{\nbox-shadow:none;\n}\n.avia-image-container.av-3cfs112-efd9917db43a784e9be2d1a9c612aa13 .av-image-caption-overlay-center{\ncolor:#ffffff;\n}\n<\/style>\n<div  class='avia-image-container av-3cfs112-efd9917db43a784e9be2d1a9c612aa13 av-styling- avia-align-center  avia-builder-el-14  el_before_av_textblock  avia-builder-el-first '   itemprop=\"image\" itemscope=\"itemscope\" itemtype=\"https:\/\/schema.org\/ImageObject\" ><div class=\"avia-image-container-inner\"><div class=\"avia-image-overlay-wrap\"><img decoding=\"async\" fetchpriority=\"high\" class='wp-image-43349 avia-img-lazy-loading-not-43349 avia_image ' src=\"https:\/\/sbv-asgm.ch\/wp-content\/uploads\/app-echosos-ubique.jpg\" alt='' title='app-echosos-ubique'  height=\"1474\" width=\"1020\"  itemprop=\"thumbnailUrl\" srcset=\"https:\/\/sbv-asgm.ch\/wp-content\/uploads\/app-echosos-ubique.jpg 1020w, https:\/\/sbv-asgm.ch\/wp-content\/uploads\/app-echosos-ubique-208x300.jpg 208w, https:\/\/sbv-asgm.ch\/wp-content\/uploads\/app-echosos-ubique-713x1030.jpg 713w, https:\/\/sbv-asgm.ch\/wp-content\/uploads\/app-echosos-ubique-768x1110.jpg 768w, https:\/\/sbv-asgm.ch\/wp-content\/uploads\/app-echosos-ubique-488x705.jpg 488w\" sizes=\"(max-width: 1020px) 100vw, 1020px\" \/><\/div><\/div><\/div><br \/>\n<section  class='av_textblock_section av-331s8wm-e6cd4cfbde042e023f3c1cd9ace254af '   itemscope=\"itemscope\" itemtype=\"https:\/\/schema.org\/CreativeWork\" ><div class='avia_textblock linklist-vertical'  itemprop=\"text\" ><h3>EchoSOS App<\/h3>\n<p>L&rsquo;application d\u2019urgence gratuite qui affiche automatiquement le bon num\u00e9ro d\u2019appel d\u2019urgence partout dans le monde, transmet ta position GPS aux services de secours et met \u00e0 disposition des informations m\u00e9dicales importantes pour les premiers intervenants.<\/p>\n<ul>\n<li><a href=\"https:\/\/apps.apple.com\/ch\/app\/echosos\/id613058743\" target=\"_blank\" rel=\"noopener\">App Store<\/a><\/li>\n<li><a href=\"https:\/\/play.google.com\/store\/apps\/details?id=ch.mobilemed.echo112&amp;hl=de&amp;gl=US\" target=\"_blank\" rel=\"noopener\">Google Play<\/a><\/li>\n<li><a href=\"https:\/\/www.ubique.ch\" target=\"_blank\" rel=\"noopener\">ubique.ch<\/a><\/li>\n<\/ul>\n<\/div><\/section><br \/>\n\n<style type=\"text\/css\" data-created_by=\"avia_inline_auto\" id=\"style-css-av-2ntolee-3719b946ac8facbf97c6d90a6211bcdc\">\n#top .hr.hr-invisible.av-2ntolee-3719b946ac8facbf97c6d90a6211bcdc{\nheight:10px;\n}\n<\/style>\n<div  class='hr av-2ntolee-3719b946ac8facbf97c6d90a6211bcdc hr-invisible  avia-builder-el-16  el_after_av_textblock  avia-builder-el-last '><span class='hr-inner '><span class=\"hr-inner-style\"><\/span><\/span><\/div><\/p><\/div><div  class='flex_column av-28grbw6-c33d875dd610c6af36043ded35acc340 av_one_third  avia-builder-el-17  el_after_av_one_third  avia-builder-el-last  av-break-at-tablet flex_column_div  '     ><p>\n<style type=\"text\/css\" data-created_by=\"avia_inline_auto\" id=\"style-css-av-1ptrt4m-237d1d71a04feeca33571046a89225ae\">\n.avia-image-container.av-1ptrt4m-237d1d71a04feeca33571046a89225ae img.avia_image{\nbox-shadow:none;\n}\n.avia-image-container.av-1ptrt4m-237d1d71a04feeca33571046a89225ae .av-image-caption-overlay-center{\ncolor:#ffffff;\n}\n<\/style>\n<div  class='avia-image-container av-1ptrt4m-237d1d71a04feeca33571046a89225ae av-styling- avia-align-center  avia-builder-el-18  el_before_av_textblock  avia-builder-el-first '   itemprop=\"image\" itemscope=\"itemscope\" itemtype=\"https:\/\/schema.org\/ImageObject\" ><div class=\"avia-image-container-inner\"><div class=\"avia-image-overlay-wrap\"><img decoding=\"async\" fetchpriority=\"high\" class='wp-image-43350 avia-img-lazy-loading-not-43350 avia_image ' src=\"https:\/\/sbv-asgm.ch\/wp-content\/uploads\/app-meteo-schweiz.jpg\" alt='' title='app-meteo-schweiz'  height=\"1474\" width=\"1020\"  itemprop=\"thumbnailUrl\" srcset=\"https:\/\/sbv-asgm.ch\/wp-content\/uploads\/app-meteo-schweiz.jpg 1020w, https:\/\/sbv-asgm.ch\/wp-content\/uploads\/app-meteo-schweiz-208x300.jpg 208w, https:\/\/sbv-asgm.ch\/wp-content\/uploads\/app-meteo-schweiz-713x1030.jpg 713w, https:\/\/sbv-asgm.ch\/wp-content\/uploads\/app-meteo-schweiz-768x1110.jpg 768w, https:\/\/sbv-asgm.ch\/wp-content\/uploads\/app-meteo-schweiz-488x705.jpg 488w\" sizes=\"(max-width: 1020px) 100vw, 1020px\" \/><\/div><\/div><\/div><br \/>\n<section  class='av_textblock_section av-14r0zsm-557b05d1f766608e6af959f7ef36796c '   itemscope=\"itemscope\" itemtype=\"https:\/\/schema.org\/CreativeWork\" ><div class='avia_textblock linklist-vertical'  itemprop=\"text\" ><h3>MeteoSwiss App<\/h3>\n<p>L\u2019application m\u00e9t\u00e9o officielle de la Conf\u00e9d\u00e9ration. Elle propose des pr\u00e9visions locales pr\u00e9cises, des alertes intemp\u00e9ries par notification push ainsi que des donn\u00e9es m\u00e9t\u00e9orologiques compl\u00e8tes pour toute la Suisse. Compacte, claire et toujours \u00e0 jour.<\/p>\n<ul>\n<li><a href=\"https:\/\/apps.apple.com\/ch\/app\/meteoswiss\/id589772015?l=de\" target=\"_blank\" rel=\"noopener\">App Store<\/a><\/li>\n<li><a href=\"https:\/\/play.google.com\/store\/apps\/details?id=ch.admin.meteoswiss&amp;hl=de_CH\" target=\"_blank\" rel=\"noopener\">Google Play<\/a><\/li>\n<li><a href=\"https:\/\/www.meteoschweiz.admin.ch\/service-und-publikationen\/service\/wetter-und-klimaprodukte\/meteoswiss-app.html\" target=\"_blank\" rel=\"noopener\">meteoschweiz.ch<\/a><\/li>\n<\/ul>\n<\/div><\/section><br \/>\n\n<style type=\"text\/css\" data-created_by=\"avia_inline_auto\" id=\"style-css-av-jnbvw6-ce551b8703a1b04c3104d85849890ee5\">\n#top .hr.hr-invisible.av-jnbvw6-ce551b8703a1b04c3104d85849890ee5{\nheight:10px;\n}\n<\/style>\n<div  class='hr av-jnbvw6-ce551b8703a1b04c3104d85849890ee5 hr-invisible  avia-builder-el-20  el_after_av_textblock  avia-builder-el-last '><span class='hr-inner '><span class=\"hr-inner-style\"><\/span><\/span><\/div><\/p><\/div>\n<\/div><\/div><\/div><!-- close content main div --><\/div><\/div><div id='after_section_2'  class='main_color av_default_container_wrap container_wrap sidebar_right'  ><div class='container av-section-cont-open' ><div class='template-page content  av-content-small alpha units'><div class='post-entry post-entry-type-page post-entry-43062'><div class='entry-content-wrapper clearfix'><\/p>\n","protected":false},"excerpt":{"rendered":"","protected":false},"author":17,"featured_media":0,"parent":0,"menu_order":7,"comment_status":"closed","ping_status":"closed","template":"","meta":{"footnotes":"","_links_to":"","_links_to_target":""},"class_list":["post-43062","page","type-page","status-publish","hentry"],"yoast_head":"<!-- This site is optimized with the Yoast SEO plugin v27.4 - https:\/\/yoast.com\/product\/yoast-seo-wordpress\/ -->\n<title>Avec l\u2019ASGM, en course de mani\u00e8re responsable - Schweizer Bergf\u00fchrerverband SBV-ASGM<\/title>\n<meta name=\"robots\" content=\"index, follow, max-snippet:-1, max-image-preview:large, max-video-preview:-1\" \/>\n<link rel=\"canonical\" href=\"https:\/\/sbv-asgm.ch\/fr\/avec-lasgm-en-route-en-toute-confiance\/\" \/>\n<meta property=\"og:locale\" content=\"fr_FR\" \/>\n<meta property=\"og:type\" content=\"article\" \/>\n<meta property=\"og:title\" content=\"Avec l\u2019ASGM, en course de mani\u00e8re responsable - Schweizer Bergf\u00fchrerverband SBV-ASGM\" \/>\n<meta property=\"og:url\" content=\"https:\/\/sbv-asgm.ch\/fr\/avec-lasgm-en-route-en-toute-confiance\/\" \/>\n<meta property=\"og:site_name\" content=\"Schweizer Bergf\u00fchrerverband SBV-ASGM\" \/>\n<meta property=\"article:modified_time\" content=\"2026-04-24T11:36:18+00:00\" \/>\n<meta name=\"twitter:card\" content=\"summary_large_image\" \/>\n<meta name=\"twitter:label1\" content=\"Dur\u00e9e de lecture estim\u00e9e\" \/>\n\t<meta name=\"twitter:data1\" content=\"3 minutes\" \/>\n<script type=\"application\/ld+json\" class=\"yoast-schema-graph\">{\"@context\":\"https:\\\/\\\/schema.org\",\"@graph\":[{\"@type\":\"WebPage\",\"@id\":\"https:\\\/\\\/sbv-asgm.ch\\\/fr\\\/avec-lasgm-en-route-en-toute-confiance\\\/\",\"url\":\"https:\\\/\\\/sbv-asgm.ch\\\/fr\\\/avec-lasgm-en-route-en-toute-confiance\\\/\",\"name\":\"Avec l\u2019ASGM, en course de mani\u00e8re responsable - Schweizer Bergf\u00fchrerverband SBV-ASGM\",\"isPartOf\":{\"@id\":\"https:\\\/\\\/sbv-asgm.ch\\\/fr\\\/#website\"},\"datePublished\":\"2026-03-01T16:31:26+00:00\",\"dateModified\":\"2026-04-24T11:36:18+00:00\",\"breadcrumb\":{\"@id\":\"https:\\\/\\\/sbv-asgm.ch\\\/fr\\\/avec-lasgm-en-route-en-toute-confiance\\\/#breadcrumb\"},\"inLanguage\":\"fr-FR\",\"potentialAction\":[{\"@type\":\"ReadAction\",\"target\":[\"https:\\\/\\\/sbv-asgm.ch\\\/fr\\\/avec-lasgm-en-route-en-toute-confiance\\\/\"]}]},{\"@type\":\"BreadcrumbList\",\"@id\":\"https:\\\/\\\/sbv-asgm.ch\\\/fr\\\/avec-lasgm-en-route-en-toute-confiance\\\/#breadcrumb\",\"itemListElement\":[{\"@type\":\"ListItem\",\"position\":1,\"name\":\"Startseite\",\"item\":\"https:\\\/\\\/sbv-asgm.ch\\\/fr\\\/accociation-suisse-des-guides-de-montagne-sbv-asgm\\\/\"},{\"@type\":\"ListItem\",\"position\":2,\"name\":\"Avec l\u2019ASGM, en course de mani\u00e8re responsable\"}]},{\"@type\":\"WebSite\",\"@id\":\"https:\\\/\\\/sbv-asgm.ch\\\/fr\\\/#website\",\"url\":\"https:\\\/\\\/sbv-asgm.ch\\\/fr\\\/\",\"name\":\"Schweizer Bergf\u00fchrerverband SBV-ASGM\",\"description\":\"Bergf\u00fchrer, Wanderleiter, Kletterlehrer, H\u00f6henarbeiter\",\"publisher\":{\"@id\":\"https:\\\/\\\/sbv-asgm.ch\\\/fr\\\/#organization\"},\"potentialAction\":[{\"@type\":\"SearchAction\",\"target\":{\"@type\":\"EntryPoint\",\"urlTemplate\":\"https:\\\/\\\/sbv-asgm.ch\\\/fr\\\/?s={search_term_string}\"},\"query-input\":{\"@type\":\"PropertyValueSpecification\",\"valueRequired\":true,\"valueName\":\"search_term_string\"}}],\"inLanguage\":\"fr-FR\"},{\"@type\":\"Organization\",\"@id\":\"https:\\\/\\\/sbv-asgm.ch\\\/fr\\\/#organization\",\"name\":\"Schweizer Bergf\u00fchrerverband SBV-ASGM\",\"alternateName\":\"SBV-ASGM\",\"url\":\"https:\\\/\\\/sbv-asgm.ch\\\/fr\\\/\",\"logo\":{\"@type\":\"ImageObject\",\"inLanguage\":\"fr-FR\",\"@id\":\"https:\\\/\\\/sbv-asgm.ch\\\/fr\\\/#\\\/schema\\\/logo\\\/image\\\/\",\"url\":\"https:\\\/\\\/sbv-asgm.ch\\\/wp-content\\\/uploads\\\/logo-sbv-asgm.png\",\"contentUrl\":\"https:\\\/\\\/sbv-asgm.ch\\\/wp-content\\\/uploads\\\/logo-sbv-asgm.png\",\"width\":400,\"height\":130,\"caption\":\"Schweizer Bergf\u00fchrerverband SBV-ASGM\"},\"image\":{\"@id\":\"https:\\\/\\\/sbv-asgm.ch\\\/fr\\\/#\\\/schema\\\/logo\\\/image\\\/\"}}]}<\/script>\n<!-- \/ Yoast SEO plugin. -->","yoast_head_json":{"title":"Avec l\u2019ASGM, en course de mani\u00e8re responsable - Schweizer Bergf\u00fchrerverband SBV-ASGM","robots":{"index":"index","follow":"follow","max-snippet":"max-snippet:-1","max-image-preview":"max-image-preview:large","max-video-preview":"max-video-preview:-1"},"canonical":"https:\/\/sbv-asgm.ch\/fr\/avec-lasgm-en-route-en-toute-confiance\/","og_locale":"fr_FR","og_type":"article","og_title":"Avec l\u2019ASGM, en course de mani\u00e8re responsable - Schweizer Bergf\u00fchrerverband SBV-ASGM","og_url":"https:\/\/sbv-asgm.ch\/fr\/avec-lasgm-en-route-en-toute-confiance\/","og_site_name":"Schweizer Bergf\u00fchrerverband SBV-ASGM","article_modified_time":"2026-04-24T11:36:18+00:00","twitter_card":"summary_large_image","twitter_misc":{"Dur\u00e9e de lecture estim\u00e9e":"3 minutes"},"schema":{"@context":"https:\/\/schema.org","@graph":[{"@type":"WebPage","@id":"https:\/\/sbv-asgm.ch\/fr\/avec-lasgm-en-route-en-toute-confiance\/","url":"https:\/\/sbv-asgm.ch\/fr\/avec-lasgm-en-route-en-toute-confiance\/","name":"Avec l\u2019ASGM, en course de mani\u00e8re responsable - Schweizer Bergf\u00fchrerverband SBV-ASGM","isPartOf":{"@id":"https:\/\/sbv-asgm.ch\/fr\/#website"},"datePublished":"2026-03-01T16:31:26+00:00","dateModified":"2026-04-24T11:36:18+00:00","breadcrumb":{"@id":"https:\/\/sbv-asgm.ch\/fr\/avec-lasgm-en-route-en-toute-confiance\/#breadcrumb"},"inLanguage":"fr-FR","potentialAction":[{"@type":"ReadAction","target":["https:\/\/sbv-asgm.ch\/fr\/avec-lasgm-en-route-en-toute-confiance\/"]}]},{"@type":"BreadcrumbList","@id":"https:\/\/sbv-asgm.ch\/fr\/avec-lasgm-en-route-en-toute-confiance\/#breadcrumb","itemListElement":[{"@type":"ListItem","position":1,"name":"Startseite","item":"https:\/\/sbv-asgm.ch\/fr\/accociation-suisse-des-guides-de-montagne-sbv-asgm\/"},{"@type":"ListItem","position":2,"name":"Avec l\u2019ASGM, en course de mani\u00e8re responsable"}]},{"@type":"WebSite","@id":"https:\/\/sbv-asgm.ch\/fr\/#website","url":"https:\/\/sbv-asgm.ch\/fr\/","name":"Schweizer Bergf\u00fchrerverband SBV-ASGM","description":"Bergf\u00fchrer, Wanderleiter, Kletterlehrer, H\u00f6henarbeiter","publisher":{"@id":"https:\/\/sbv-asgm.ch\/fr\/#organization"},"potentialAction":[{"@type":"SearchAction","target":{"@type":"EntryPoint","urlTemplate":"https:\/\/sbv-asgm.ch\/fr\/?s={search_term_string}"},"query-input":{"@type":"PropertyValueSpecification","valueRequired":true,"valueName":"search_term_string"}}],"inLanguage":"fr-FR"},{"@type":"Organization","@id":"https:\/\/sbv-asgm.ch\/fr\/#organization","name":"Schweizer Bergf\u00fchrerverband SBV-ASGM","alternateName":"SBV-ASGM","url":"https:\/\/sbv-asgm.ch\/fr\/","logo":{"@type":"ImageObject","inLanguage":"fr-FR","@id":"https:\/\/sbv-asgm.ch\/fr\/#\/schema\/logo\/image\/","url":"https:\/\/sbv-asgm.ch\/wp-content\/uploads\/logo-sbv-asgm.png","contentUrl":"https:\/\/sbv-asgm.ch\/wp-content\/uploads\/logo-sbv-asgm.png","width":400,"height":130,"caption":"Schweizer Bergf\u00fchrerverband SBV-ASGM"},"image":{"@id":"https:\/\/sbv-asgm.ch\/fr\/#\/schema\/logo\/image\/"}}]}},"publishpress_future_action":{"enabled":false,"date":"2026-05-01 13:39:29","action":"change-status","newStatus":"draft","terms":[],"taxonomy":"translation_priority","extraData":[]},"publishpress_future_workflow_manual_trigger":{"enabledWorkflows":[]},"_links":{"self":[{"href":"https:\/\/sbv-asgm.ch\/fr\/wp-json\/wp\/v2\/pages\/43062","targetHints":{"allow":["GET"]}}],"collection":[{"href":"https:\/\/sbv-asgm.ch\/fr\/wp-json\/wp\/v2\/pages"}],"about":[{"href":"https:\/\/sbv-asgm.ch\/fr\/wp-json\/wp\/v2\/types\/page"}],"author":[{"embeddable":true,"href":"https:\/\/sbv-asgm.ch\/fr\/wp-json\/wp\/v2\/users\/17"}],"replies":[{"embeddable":true,"href":"https:\/\/sbv-asgm.ch\/fr\/wp-json\/wp\/v2\/comments?post=43062"}],"version-history":[{"count":13,"href":"https:\/\/sbv-asgm.ch\/fr\/wp-json\/wp\/v2\/pages\/43062\/revisions"}],"predecessor-version":[{"id":44924,"href":"https:\/\/sbv-asgm.ch\/fr\/wp-json\/wp\/v2\/pages\/43062\/revisions\/44924"}],"wp:attachment":[{"href":"https:\/\/sbv-asgm.ch\/fr\/wp-json\/wp\/v2\/media?parent=43062"}],"curies":[{"name":"wp","href":"https:\/\/api.w.org\/{rel}","templated":true}]}}