{"id":43292,"date":"2026-01-12T00:22:11","date_gmt":"2026-01-11T23:22:11","guid":{"rendered":"https:\/\/sbv-asgm.ch\/?page_id=43292"},"modified":"2026-03-24T17:20:29","modified_gmt":"2026-03-24T16:20:29","slug":"swiss-mountain-training","status":"publish","type":"page","link":"https:\/\/sbv-asgm.ch\/fr\/swiss-mountain-training\/","title":{"rendered":"Swiss Mountain Training"},"content":{"rendered":"<div id='av_section_1'  class='avia-section av-1mmmjp4-63459ab28af523825333fd27aad0f5b7 main_color avia-section-default avia-no-border-styling  avia-builder-el-0  el_before_av_section  avia-builder-el-first  avia-bg-style-scroll container_wrap sidebar_right'  ><div class='container av-section-cont-open' ><main  role=\"main\" itemprop=\"mainContentOfPage\"  class='template-page content  av-content-small alpha units'><div class='post-entry post-entry-type-page post-entry-43292'><div class='entry-content-wrapper clearfix'>\n\n<style type=\"text\/css\" data-created_by=\"avia_inline_auto\" id=\"style-css-av-mkabs052-a8d9a050e0a38f4fceb5ebf841f78337\">\n#top .av-special-heading.av-mkabs052-a8d9a050e0a38f4fceb5ebf841f78337{\npadding-bottom:10px;\n}\nbody .av-special-heading.av-mkabs052-a8d9a050e0a38f4fceb5ebf841f78337 .av-special-heading-tag .heading-char{\nfont-size:25px;\n}\n.av-special-heading.av-mkabs052-a8d9a050e0a38f4fceb5ebf841f78337 .av-subheading{\nfont-size:15px;\n}\n<\/style>\n<div  class='av-special-heading av-mkabs052-a8d9a050e0a38f4fceb5ebf841f78337 av-special-heading-h1 blockquote modern-quote  avia-builder-el-1  el_before_av_three_fifth  avia-builder-el-first '><h1 class='av-special-heading-tag '  itemprop=\"headline\"  >Swiss Mountain Training<\/h1><div class=\"special-heading-border\"><div class=\"special-heading-inner-border\"><\/div><\/div><\/div>\n<div  class='flex_column av-1936yqg-20671feeaa2f9e61dc5a4920b88458c6 av_three_fifth  avia-builder-el-2  el_after_av_heading  el_before_av_two_fifth  first flex_column_div  '     ><section  class='av_textblock_section av-mkairg7o-c54612ebf94ad5594827d61e69983e2e '   itemscope=\"itemscope\" itemtype=\"https:\/\/schema.org\/CreativeWork\" ><div class='avia_textblock linklist-vertical'  itemprop=\"text\" ><p>La montagne fascine. Mais les sports alpins comportent aussi des risques. Pour que l\u2019exp\u00e9rience en pleine nature ne se termine pas par un accident, il faut des connaissances, de l\u2019exp\u00e9rience et un comportement ad\u00e9quat en situation d\u2019urgence.<\/p>\n<p>Swiss Mountain Training transmet ces comp\u00e9tences au travers d\u2019une formation progressive destin\u00e9e aux randonneurs \u00e0 ski, freeriders et adeptes de raquettes. L\u2019accent est mis sur la pr\u00e9vention, l\u2019\u00e9valuation des risques et les bons r\u00e9flexes en cas de d\u00e9clenchement d\u2019avalanche.<\/p>\n<p>Les cours sont propos\u00e9s depuis 2014 et r\u00e9pondent aux standards de qualit\u00e9 et de s\u00e9curit\u00e9 de l\u2019ASGM. Plus de 8 000 participants ont d\u00e9j\u00e0 obtenu un certificat SMT.<\/p>\n<p>Rejoins-nous. Pour plus de s\u00e9curit\u00e9 lors de ta prochaine aventure.<\/p>\n<p><a href=\"https:\/\/swissmountaintraining.ch\/language\/fr\" target=\"_blank\" rel=\"noopener\">Swiss Mountain Training<\/a><\/p>\n<\/div><\/section><\/div><div  class='flex_column av-umlkl8-931a9f8a338eeefa70c630a005cfd23b av_two_fifth  avia-builder-el-4  el_after_av_three_fifth  avia-builder-el-last  flex_column_div  '     ><style type=\"text\/css\" data-created_by=\"avia_inline_auto\" id=\"style-css-av-mn4tfz8h-89a67e6f8aed1e3af33b7de0a2c97b39\">\n.avia-image-container.av-mn4tfz8h-89a67e6f8aed1e3af33b7de0a2c97b39 img.avia_image{\nbox-shadow:none;\n}\n.avia-image-container.av-mn4tfz8h-89a67e6f8aed1e3af33b7de0a2c97b39 .av-image-caption-overlay-center{\ncolor:#ffffff;\n}\n<\/style>\n<div  class='avia-image-container av-mn4tfz8h-89a67e6f8aed1e3af33b7de0a2c97b39 av-styling- av-img-linked avia-align-center  avia-builder-el-5  avia-builder-el-no-sibling  av-has-copyright av-copyright-always'   itemprop=\"image\" itemscope=\"itemscope\" itemtype=\"https:\/\/schema.org\/ImageObject\" ><div class=\"avia-image-container-inner\"><div class=\"avia-image-overlay-wrap\"><a href=\"https:\/\/swissmountaintraining.ch\/\" class='avia_image '  target=\"_blank\"  rel=\"noopener noreferrer\" aria-label='SWISS MOUNTAIN TRAINING - Pour tous les passionn\u00e9s de sports alpins.'><img decoding=\"async\" fetchpriority=\"high\" class='wp-image-44258 avia-img-lazy-loading-not-44258 avia_image ' src=\"https:\/\/sbv-asgm.ch\/wp-content\/uploads\/swiss_mountain_training.webp\" alt='' title='SWISS MOUNTAIN TRAINING - Pour tous les passionn\u00e9s de sports alpins.'  height=\"871\" width=\"800\"  itemprop=\"thumbnailUrl\" srcset=\"https:\/\/sbv-asgm.ch\/wp-content\/uploads\/swiss_mountain_training.webp 800w, https:\/\/sbv-asgm.ch\/wp-content\/uploads\/swiss_mountain_training-276x300.webp 276w, https:\/\/sbv-asgm.ch\/wp-content\/uploads\/swiss_mountain_training-768x836.webp 768w, https:\/\/sbv-asgm.ch\/wp-content\/uploads\/swiss_mountain_training-648x705.webp 648w\" sizes=\"(max-width: 800px) 100vw, 800px\" \/><\/a><\/div><small class=\"avia-copyright\">&copy; mammut<\/small><\/div><\/div><\/div><\/div><\/div><\/main><!-- close content main element --><\/div><\/div><div id='av_section_2'  class='avia-section av-4yaggfw-f102a7f51ec65ed86ef7499787b84c57 main_color avia-section-default avia-no-border-styling  avia-builder-el-6  el_after_av_section  avia-builder-el-last  avia-bg-style-scroll container_wrap sidebar_right'  ><div class='container av-section-cont-open' ><div class='template-page content  av-content-small alpha units'><div class='post-entry post-entry-type-page post-entry-43292'><div class='entry-content-wrapper clearfix'>\n\n<style type=\"text\/css\" data-created_by=\"avia_inline_auto\" id=\"style-css-av-mn4tazut-228ce21a862cc1bd4de21c483cbed836\">\n#top .av-special-heading.av-mn4tazut-228ce21a862cc1bd4de21c483cbed836{\npadding-bottom:0;\n}\nbody .av-special-heading.av-mn4tazut-228ce21a862cc1bd4de21c483cbed836 .av-special-heading-tag .heading-char{\nfont-size:25px;\n}\n.av-special-heading.av-mn4tazut-228ce21a862cc1bd4de21c483cbed836 .av-subheading{\nfont-size:15px;\n}\n<\/style>\n<div  class='av-special-heading av-mn4tazut-228ce21a862cc1bd4de21c483cbed836 av-special-heading-h2 blockquote modern-quote  avia-builder-el-7  el_before_av_one_third  avia-builder-el-first '><h2 class='av-special-heading-tag '  itemprop=\"headline\"  >Encore plus de s\u00e9curit\u00e9 dans l\u2019aventure<\/h2><div class=\"special-heading-border\"><div class=\"special-heading-inner-border\"><\/div><\/div><\/div>\n<div  class='flex_column av-47z7szg-a1afde410513b91672eda07f6d4bc04f av_one_third  avia-builder-el-8  el_after_av_heading  el_before_av_one_third  first flex_column_div  '     ><p>\n<style type=\"text\/css\" data-created_by=\"avia_inline_auto\" id=\"style-css-av-3xyu4ik-4e465a085aa144dcfcbc9cd0f27744a9\">\n.avia-image-container.av-3xyu4ik-4e465a085aa144dcfcbc9cd0f27744a9 img.avia_image{\nbox-shadow:none;\n}\n.avia-image-container.av-3xyu4ik-4e465a085aa144dcfcbc9cd0f27744a9 .av-image-caption-overlay-center{\ncolor:#ffffff;\n}\n<\/style>\n<div  class='avia-image-container av-3xyu4ik-4e465a085aa144dcfcbc9cd0f27744a9 av-styling- avia-align-center  avia-builder-el-9  el_before_av_textblock  avia-builder-el-first '   itemprop=\"image\" itemscope=\"itemscope\" itemtype=\"https:\/\/schema.org\/ImageObject\" ><div class=\"avia-image-container-inner\"><div class=\"avia-image-overlay-wrap\"><img decoding=\"async\" fetchpriority=\"high\" class='wp-image-44003 avia-img-lazy-loading-not-44003 avia_image ' src=\"https:\/\/sbv-asgm.ch\/wp-content\/uploads\/app-white-risk-sfl.webp\" alt='' title='app-white-risk-sfl'  height=\"790\" width=\"853\"  itemprop=\"thumbnailUrl\" srcset=\"https:\/\/sbv-asgm.ch\/wp-content\/uploads\/app-white-risk-sfl.webp 853w, https:\/\/sbv-asgm.ch\/wp-content\/uploads\/app-white-risk-sfl-300x278.webp 300w, https:\/\/sbv-asgm.ch\/wp-content\/uploads\/app-white-risk-sfl-768x711.webp 768w, https:\/\/sbv-asgm.ch\/wp-content\/uploads\/app-white-risk-sfl-705x653.webp 705w\" sizes=\"(max-width: 853px) 100vw, 853px\" \/><\/div><\/div><\/div><br \/>\n<section  class='av_textblock_section av-3bj5h98-9fc44a65bd6bf2ccab29d66d624e6bfe '   itemscope=\"itemscope\" itemtype=\"https:\/\/schema.org\/CreativeWork\" ><div class='avia_textblock linklist-vertical'  itemprop=\"text\" ><h3>Application White Risk<\/h3>\n<p>L\u2019application officielle de l\u2019Institut pour l\u2019\u00e9tude de la neige et des avalanches fournit le bulletin d\u2019avalanches actuel, des donn\u00e9es sur la neige et la m\u00e9t\u00e9o ainsi que des outils professionnels pour la planification des courses.<\/p>\n<p><a href=\"https:\/\/apps.apple.com\/ch\/app\/white-risk\/id339374432?l=de\" target=\"_blank\" rel=\"noopener\">App Store<\/a><\/p>\n<p><a href=\"https:\/\/play.google.com\/store\/apps\/details?id=ch.slf.whiteriskmobile&amp;hl=de&amp;gl=US&amp;pli=1\" target=\"_blank\" rel=\"noopener\">Google Play<\/a><\/p>\n<p><a href=\"https:\/\/www.slf.ch\/de\/services-und-produkte\/white-risk-portal\/\" target=\"_blank\" rel=\"noopener\">slf.ch<\/a><\/p>\n<\/div><\/section><\/p><\/div><div  class='flex_column av-316kevw-1d554ffb7a14129e4419a43613838ba2 av_one_third  avia-builder-el-11  el_after_av_one_third  el_before_av_one_third  flex_column_div  '     ><p>\n<style type=\"text\/css\" data-created_by=\"avia_inline_auto\" id=\"style-css-av-2oaalcs-7023ce388efa31ba0fc2dcfbad14ef53\">\n.avia-image-container.av-2oaalcs-7023ce388efa31ba0fc2dcfbad14ef53 img.avia_image{\nbox-shadow:none;\n}\n.avia-image-container.av-2oaalcs-7023ce388efa31ba0fc2dcfbad14ef53 .av-image-caption-overlay-center{\ncolor:#ffffff;\n}\n<\/style>\n<div  class='avia-image-container av-2oaalcs-7023ce388efa31ba0fc2dcfbad14ef53 av-styling- avia-align-center  avia-builder-el-12  el_before_av_textblock  avia-builder-el-first '   itemprop=\"image\" itemscope=\"itemscope\" itemtype=\"https:\/\/schema.org\/ImageObject\" ><div class=\"avia-image-container-inner\"><div class=\"avia-image-overlay-wrap\"><img decoding=\"async\" fetchpriority=\"high\" class='wp-image-44001 avia-img-lazy-loading-not-44001 avia_image ' src=\"https:\/\/sbv-asgm.ch\/wp-content\/uploads\/app-echosos-ubique.webp\" alt='' title='app-echosos-ubique'  height=\"790\" width=\"853\"  itemprop=\"thumbnailUrl\" srcset=\"https:\/\/sbv-asgm.ch\/wp-content\/uploads\/app-echosos-ubique.webp 853w, https:\/\/sbv-asgm.ch\/wp-content\/uploads\/app-echosos-ubique-300x278.webp 300w, https:\/\/sbv-asgm.ch\/wp-content\/uploads\/app-echosos-ubique-768x711.webp 768w, https:\/\/sbv-asgm.ch\/wp-content\/uploads\/app-echosos-ubique-705x653.webp 705w\" sizes=\"(max-width: 853px) 100vw, 853px\" \/><\/div><\/div><\/div><br \/>\n<section  class='av_textblock_section av-244ewm4-3210d4cc2d67d0825465b4627cb83ceb '   itemscope=\"itemscope\" itemtype=\"https:\/\/schema.org\/CreativeWork\" ><div class='avia_textblock linklist-vertical'  itemprop=\"text\" ><h3>Application EchoSOS<\/h3>\n<p>L\u2019application d\u2019urgence gratuite qui affiche dans le monde entier le num\u00e9ro d\u2019appel d\u2019urgence appropri\u00e9, transmet ta position aux services de secours via GPS et met \u00e0 disposition des informations m\u00e9dicales pour les premiers secours.<\/p>\n<p><a href=\"https:\/\/apps.apple.com\/ch\/app\/echosos\/id613058743\" target=\"_blank\" rel=\"noopener\">App Store<\/a><\/p>\n<p><a href=\"https:\/\/play.google.com\/store\/apps\/details?id=ch.mobilemed.echo112&amp;hl=de&amp;gl=US\" target=\"_blank\" rel=\"noopener\">Google Play<\/a><\/p>\n<p><a href=\"https:\/\/www.ubique.ch\" target=\"_blank\" rel=\"noopener\">ubique.ch<\/a><\/p>\n<\/div><\/section><\/p><\/div><div  class='flex_column av-1o1j54s-8147a6da069f361142206b175fe11720 av_one_third  avia-builder-el-14  el_after_av_one_third  avia-builder-el-last  flex_column_div  '     ><p>\n<style type=\"text\/css\" data-created_by=\"avia_inline_auto\" id=\"style-css-av-11e3v0c-0ca12bef09fbdc416f8151914d128b45\">\n.avia-image-container.av-11e3v0c-0ca12bef09fbdc416f8151914d128b45 img.avia_image{\nbox-shadow:none;\n}\n.avia-image-container.av-11e3v0c-0ca12bef09fbdc416f8151914d128b45 .av-image-caption-overlay-center{\ncolor:#ffffff;\n}\n<\/style>\n<div  class='avia-image-container av-11e3v0c-0ca12bef09fbdc416f8151914d128b45 av-styling- avia-align-center  avia-builder-el-15  el_before_av_textblock  avia-builder-el-first '   itemprop=\"image\" itemscope=\"itemscope\" itemtype=\"https:\/\/schema.org\/ImageObject\" ><div class=\"avia-image-container-inner\"><div class=\"avia-image-overlay-wrap\"><img decoding=\"async\" fetchpriority=\"high\" class='wp-image-44002 avia-img-lazy-loading-not-44002 avia_image ' src=\"https:\/\/sbv-asgm.ch\/wp-content\/uploads\/app-meteo-schweiz.webp\" alt='' title='app-meteo-schweiz'  height=\"790\" width=\"853\"  itemprop=\"thumbnailUrl\" srcset=\"https:\/\/sbv-asgm.ch\/wp-content\/uploads\/app-meteo-schweiz.webp 853w, https:\/\/sbv-asgm.ch\/wp-content\/uploads\/app-meteo-schweiz-300x278.webp 300w, https:\/\/sbv-asgm.ch\/wp-content\/uploads\/app-meteo-schweiz-768x711.webp 768w, https:\/\/sbv-asgm.ch\/wp-content\/uploads\/app-meteo-schweiz-705x653.webp 705w\" sizes=\"(max-width: 853px) 100vw, 853px\" \/><\/div><\/div><\/div><br \/>\n<section  class='av_textblock_section av-r61ou4-850c15c433b2e07484d5eb94462327f5 '   itemscope=\"itemscope\" itemtype=\"https:\/\/schema.org\/CreativeWork\" ><div class='avia_textblock linklist-vertical'  itemprop=\"text\" ><h3><strong>Application M\u00e9t\u00e9oSuisse<\/strong><\/h3>\n<p>L\u2019application m\u00e9t\u00e9o officielle de la Conf\u00e9d\u00e9ration fournit des pr\u00e9visions locales pr\u00e9cises, des alertes en cas d\u2019intemp\u00e9ries par push ainsi que des donn\u00e9es m\u00e9t\u00e9orologiques compl\u00e8tes. Compacte, claire et toujours \u00e0 jour.<\/p>\n<p><a href=\"https:\/\/apps.apple.com\/ch\/app\/meteoswiss\/id589772015?l=de\" target=\"_blank\" rel=\"noopener\">App Store<\/a><\/p>\n<p><a href=\"https:\/\/play.google.com\/store\/apps\/details?id=ch.admin.meteoswiss&amp;hl=de_CH\" target=\"_blank\" rel=\"noopener\">Google Play<\/a><\/p>\n<p><a href=\"https:\/\/www.meteosuisse.admin.ch\/services-et-publications\/service\/produits-meteorologiques-et-climatiques\/l-app-de-meteosuisse.html\" target=\"_blank\" rel=\"noopener\">meteosuisse.ch<\/a><\/p>\n<\/div><\/section><\/p><\/div>\n<\/div><\/div><\/div><!-- close content main div --><\/div><\/div><div id='after_section_2'  class='main_color av_default_container_wrap container_wrap sidebar_right'  ><div class='container av-section-cont-open' ><div class='template-page content  av-content-small alpha units'><div class='post-entry post-entry-type-page post-entry-43292'><div class='entry-content-wrapper clearfix'><\/p>\n","protected":false},"excerpt":{"rendered":"","protected":false},"author":17,"featured_media":0,"parent":0,"menu_order":21,"comment_status":"closed","ping_status":"closed","template":"","meta":{"footnotes":"","_links_to":"","_links_to_target":""},"class_list":["post-43292","page","type-page","status-publish","hentry"],"yoast_head":"<!-- This site is optimized with the Yoast SEO plugin v27.4 - https:\/\/yoast.com\/product\/yoast-seo-wordpress\/ -->\n<title>Swiss Mountain Training - Schweizer Bergf\u00fchrerverband SBV-ASGM<\/title>\n<meta name=\"robots\" content=\"index, follow, max-snippet:-1, max-image-preview:large, max-video-preview:-1\" \/>\n<link rel=\"canonical\" href=\"https:\/\/sbv-asgm.ch\/fr\/swiss-mountain-training\/\" \/>\n<meta property=\"og:locale\" content=\"fr_FR\" \/>\n<meta property=\"og:type\" content=\"article\" \/>\n<meta property=\"og:title\" content=\"Swiss Mountain Training - Schweizer Bergf\u00fchrerverband SBV-ASGM\" \/>\n<meta property=\"og:url\" content=\"https:\/\/sbv-asgm.ch\/fr\/swiss-mountain-training\/\" \/>\n<meta property=\"og:site_name\" content=\"Schweizer Bergf\u00fchrerverband SBV-ASGM\" \/>\n<meta property=\"article:modified_time\" content=\"2026-03-24T16:20:29+00:00\" \/>\n<meta name=\"twitter:card\" content=\"summary_large_image\" \/>\n<meta name=\"twitter:label1\" content=\"Dur\u00e9e de lecture estim\u00e9e\" \/>\n\t<meta name=\"twitter:data1\" content=\"3 minutes\" \/>\n<script type=\"application\/ld+json\" class=\"yoast-schema-graph\">{\"@context\":\"https:\\\/\\\/schema.org\",\"@graph\":[{\"@type\":\"WebPage\",\"@id\":\"https:\\\/\\\/sbv-asgm.ch\\\/fr\\\/swiss-mountain-training\\\/\",\"url\":\"https:\\\/\\\/sbv-asgm.ch\\\/fr\\\/swiss-mountain-training\\\/\",\"name\":\"Swiss Mountain Training - Schweizer Bergf\u00fchrerverband SBV-ASGM\",\"isPartOf\":{\"@id\":\"https:\\\/\\\/sbv-asgm.ch\\\/fr\\\/#website\"},\"datePublished\":\"2026-01-11T23:22:11+00:00\",\"dateModified\":\"2026-03-24T16:20:29+00:00\",\"breadcrumb\":{\"@id\":\"https:\\\/\\\/sbv-asgm.ch\\\/fr\\\/swiss-mountain-training\\\/#breadcrumb\"},\"inLanguage\":\"fr-FR\",\"potentialAction\":[{\"@type\":\"ReadAction\",\"target\":[\"https:\\\/\\\/sbv-asgm.ch\\\/fr\\\/swiss-mountain-training\\\/\"]}]},{\"@type\":\"BreadcrumbList\",\"@id\":\"https:\\\/\\\/sbv-asgm.ch\\\/fr\\\/swiss-mountain-training\\\/#breadcrumb\",\"itemListElement\":[{\"@type\":\"ListItem\",\"position\":1,\"name\":\"Startseite\",\"item\":\"https:\\\/\\\/sbv-asgm.ch\\\/fr\\\/accociation-suisse-des-guides-de-montagne-sbv-asgm\\\/\"},{\"@type\":\"ListItem\",\"position\":2,\"name\":\"Swiss Mountain Training\"}]},{\"@type\":\"WebSite\",\"@id\":\"https:\\\/\\\/sbv-asgm.ch\\\/fr\\\/#website\",\"url\":\"https:\\\/\\\/sbv-asgm.ch\\\/fr\\\/\",\"name\":\"Schweizer Bergf\u00fchrerverband SBV-ASGM\",\"description\":\"Bergf\u00fchrer, Wanderleiter, Kletterlehrer, H\u00f6henarbeiter\",\"publisher\":{\"@id\":\"https:\\\/\\\/sbv-asgm.ch\\\/fr\\\/#organization\"},\"potentialAction\":[{\"@type\":\"SearchAction\",\"target\":{\"@type\":\"EntryPoint\",\"urlTemplate\":\"https:\\\/\\\/sbv-asgm.ch\\\/fr\\\/?s={search_term_string}\"},\"query-input\":{\"@type\":\"PropertyValueSpecification\",\"valueRequired\":true,\"valueName\":\"search_term_string\"}}],\"inLanguage\":\"fr-FR\"},{\"@type\":\"Organization\",\"@id\":\"https:\\\/\\\/sbv-asgm.ch\\\/fr\\\/#organization\",\"name\":\"Schweizer Bergf\u00fchrerverband SBV-ASGM\",\"alternateName\":\"SBV-ASGM\",\"url\":\"https:\\\/\\\/sbv-asgm.ch\\\/fr\\\/\",\"logo\":{\"@type\":\"ImageObject\",\"inLanguage\":\"fr-FR\",\"@id\":\"https:\\\/\\\/sbv-asgm.ch\\\/fr\\\/#\\\/schema\\\/logo\\\/image\\\/\",\"url\":\"https:\\\/\\\/sbv-asgm.ch\\\/wp-content\\\/uploads\\\/logo-sbv-asgm.png\",\"contentUrl\":\"https:\\\/\\\/sbv-asgm.ch\\\/wp-content\\\/uploads\\\/logo-sbv-asgm.png\",\"width\":400,\"height\":130,\"caption\":\"Schweizer Bergf\u00fchrerverband SBV-ASGM\"},\"image\":{\"@id\":\"https:\\\/\\\/sbv-asgm.ch\\\/fr\\\/#\\\/schema\\\/logo\\\/image\\\/\"}}]}<\/script>\n<!-- \/ Yoast SEO plugin. -->","yoast_head_json":{"title":"Swiss Mountain Training - Schweizer Bergf\u00fchrerverband SBV-ASGM","robots":{"index":"index","follow":"follow","max-snippet":"max-snippet:-1","max-image-preview":"max-image-preview:large","max-video-preview":"max-video-preview:-1"},"canonical":"https:\/\/sbv-asgm.ch\/fr\/swiss-mountain-training\/","og_locale":"fr_FR","og_type":"article","og_title":"Swiss Mountain Training - Schweizer Bergf\u00fchrerverband SBV-ASGM","og_url":"https:\/\/sbv-asgm.ch\/fr\/swiss-mountain-training\/","og_site_name":"Schweizer Bergf\u00fchrerverband SBV-ASGM","article_modified_time":"2026-03-24T16:20:29+00:00","twitter_card":"summary_large_image","twitter_misc":{"Dur\u00e9e de lecture estim\u00e9e":"3 minutes"},"schema":{"@context":"https:\/\/schema.org","@graph":[{"@type":"WebPage","@id":"https:\/\/sbv-asgm.ch\/fr\/swiss-mountain-training\/","url":"https:\/\/sbv-asgm.ch\/fr\/swiss-mountain-training\/","name":"Swiss Mountain Training - Schweizer Bergf\u00fchrerverband SBV-ASGM","isPartOf":{"@id":"https:\/\/sbv-asgm.ch\/fr\/#website"},"datePublished":"2026-01-11T23:22:11+00:00","dateModified":"2026-03-24T16:20:29+00:00","breadcrumb":{"@id":"https:\/\/sbv-asgm.ch\/fr\/swiss-mountain-training\/#breadcrumb"},"inLanguage":"fr-FR","potentialAction":[{"@type":"ReadAction","target":["https:\/\/sbv-asgm.ch\/fr\/swiss-mountain-training\/"]}]},{"@type":"BreadcrumbList","@id":"https:\/\/sbv-asgm.ch\/fr\/swiss-mountain-training\/#breadcrumb","itemListElement":[{"@type":"ListItem","position":1,"name":"Startseite","item":"https:\/\/sbv-asgm.ch\/fr\/accociation-suisse-des-guides-de-montagne-sbv-asgm\/"},{"@type":"ListItem","position":2,"name":"Swiss Mountain Training"}]},{"@type":"WebSite","@id":"https:\/\/sbv-asgm.ch\/fr\/#website","url":"https:\/\/sbv-asgm.ch\/fr\/","name":"Schweizer Bergf\u00fchrerverband SBV-ASGM","description":"Bergf\u00fchrer, Wanderleiter, Kletterlehrer, H\u00f6henarbeiter","publisher":{"@id":"https:\/\/sbv-asgm.ch\/fr\/#organization"},"potentialAction":[{"@type":"SearchAction","target":{"@type":"EntryPoint","urlTemplate":"https:\/\/sbv-asgm.ch\/fr\/?s={search_term_string}"},"query-input":{"@type":"PropertyValueSpecification","valueRequired":true,"valueName":"search_term_string"}}],"inLanguage":"fr-FR"},{"@type":"Organization","@id":"https:\/\/sbv-asgm.ch\/fr\/#organization","name":"Schweizer Bergf\u00fchrerverband SBV-ASGM","alternateName":"SBV-ASGM","url":"https:\/\/sbv-asgm.ch\/fr\/","logo":{"@type":"ImageObject","inLanguage":"fr-FR","@id":"https:\/\/sbv-asgm.ch\/fr\/#\/schema\/logo\/image\/","url":"https:\/\/sbv-asgm.ch\/wp-content\/uploads\/logo-sbv-asgm.png","contentUrl":"https:\/\/sbv-asgm.ch\/wp-content\/uploads\/logo-sbv-asgm.png","width":400,"height":130,"caption":"Schweizer Bergf\u00fchrerverband SBV-ASGM"},"image":{"@id":"https:\/\/sbv-asgm.ch\/fr\/#\/schema\/logo\/image\/"}}]}},"publishpress_future_action":{"enabled":false,"date":"2026-05-01 13:39:06","action":"change-status","newStatus":"draft","terms":[],"taxonomy":"translation_priority","extraData":[]},"publishpress_future_workflow_manual_trigger":{"enabledWorkflows":[]},"_links":{"self":[{"href":"https:\/\/sbv-asgm.ch\/fr\/wp-json\/wp\/v2\/pages\/43292","targetHints":{"allow":["GET"]}}],"collection":[{"href":"https:\/\/sbv-asgm.ch\/fr\/wp-json\/wp\/v2\/pages"}],"about":[{"href":"https:\/\/sbv-asgm.ch\/fr\/wp-json\/wp\/v2\/types\/page"}],"author":[{"embeddable":true,"href":"https:\/\/sbv-asgm.ch\/fr\/wp-json\/wp\/v2\/users\/17"}],"replies":[{"embeddable":true,"href":"https:\/\/sbv-asgm.ch\/fr\/wp-json\/wp\/v2\/comments?post=43292"}],"version-history":[{"count":16,"href":"https:\/\/sbv-asgm.ch\/fr\/wp-json\/wp\/v2\/pages\/43292\/revisions"}],"predecessor-version":[{"id":44268,"href":"https:\/\/sbv-asgm.ch\/fr\/wp-json\/wp\/v2\/pages\/43292\/revisions\/44268"}],"wp:attachment":[{"href":"https:\/\/sbv-asgm.ch\/fr\/wp-json\/wp\/v2\/media?parent=43292"}],"curies":[{"name":"wp","href":"https:\/\/api.w.org\/{rel}","templated":true}]}}