{"id":44157,"date":"2026-01-12T02:23:51","date_gmt":"2026-01-12T01:23:51","guid":{"rendered":"https:\/\/sbv-asgm.ch\/?page_id=44157"},"modified":"2026-03-24T17:24:09","modified_gmt":"2026-03-24T16:24:09","slug":"nature-environnement-et-culture","status":"publish","type":"page","link":"https:\/\/sbv-asgm.ch\/fr\/nature-environnement-et-culture\/","title":{"rendered":"Nature, environnement et culture"},"content":{"rendered":"<div id='av_section_1'  class='avia-section av-10kmvei-b6c7611830848b3f6135058b18c226f5 main_color avia-section-default avia-no-border-styling  avia-builder-el-0  el_before_av_section  avia-builder-el-first  avia-bg-style-scroll container_wrap sidebar_right'  ><div class='container av-section-cont-open' ><main  role=\"main\" itemprop=\"mainContentOfPage\"  class='template-page content  av-content-small alpha units'><div class='post-entry post-entry-type-page post-entry-44157'><div class='entry-content-wrapper clearfix'>\n\n<style type=\"text\/css\" data-created_by=\"avia_inline_auto\" id=\"style-css-av-mkabs052-7581cb7334859482341d9e58a0b92cfd\">\n#top .av-special-heading.av-mkabs052-7581cb7334859482341d9e58a0b92cfd{\npadding-bottom:10px;\n}\nbody .av-special-heading.av-mkabs052-7581cb7334859482341d9e58a0b92cfd .av-special-heading-tag .heading-char{\nfont-size:25px;\n}\n.av-special-heading.av-mkabs052-7581cb7334859482341d9e58a0b92cfd .av-subheading{\nfont-size:15px;\n}\n<\/style>\n<div  class='av-special-heading av-mkabs052-7581cb7334859482341d9e58a0b92cfd av-special-heading-h1 blockquote modern-quote  avia-builder-el-1  el_before_av_three_fifth  avia-builder-el-first '><h1 class='av-special-heading-tag '  itemprop=\"headline\"  >Nature, environnement et culture<\/h1><div class=\"special-heading-border\"><div class=\"special-heading-inner-border\"><\/div><\/div><\/div>\n<div  class='flex_column av-1936yqg-6c488e533e6179ccd50f76d8597219a3 av_three_fifth  avia-builder-el-2  el_after_av_heading  el_before_av_two_fifth  first flex_column_div  '     ><section  class='av_textblock_section av-mkaabxo6-e083e4af6ee8260224ed7c915ffd2a96 '   itemscope=\"itemscope\" itemtype=\"https:\/\/schema.org\/CreativeWork\" ><div class='avia_textblock'  itemprop=\"text\" ><p>L\u2019Association suisse des guides de montagne et ses membres contribuent de mani\u00e8re essentielle \u00e0 la s\u00e9curit\u00e9 en milieu alpin. Nous transmettons des connaissances pr\u00e9cieuses, en particulier pour l\u2019\u00e9valuation des dangers alpins, le choix des itin\u00e9raires, le comportement ad\u00e9quat face aux changements m\u00e9t\u00e9orologiques et en cas d\u2019urgence. En parall\u00e8le, nous encourageons un rapport respectueux avec la nature, notamment en ce qui concerne le comportement dans les milieux sensibles, les zones prot\u00e9g\u00e9es et plus g\u00e9n\u00e9ralement dans l\u2019espace alpin. Ainsi, nous apportons une contribution importante \u00e0 la s\u00e9curit\u00e9 des sports de montagne, \u00e0 la sensibilisation de la population et \u00e0 la protection de l\u2019environnement.<\/p>\n<\/div><\/section><\/div><div  class='flex_column av-10yi9sq-eee9bc4ccdbbc2b77b86889c15fde5ac av_two_fifth  avia-builder-el-4  el_after_av_three_fifth  avia-builder-el-last  flex_column_div  '     ><section  class='av_textblock_section av-mly2wd6f-a57038631258b8bdcee05611fbd53ffd '   itemscope=\"itemscope\" itemtype=\"https:\/\/schema.org\/CreativeWork\" ><div class='avia_textblock'  itemprop=\"text\" ><p><a href=\"https:\/\/sbv-asgm.ch\/wp-content\/uploads\/Lignes-directrices-equipement-reequipement-11.2024.pdf\" target=\"_blank\" rel=\"noopener\">Directives \u00e9quiper\/r\u00e9\u00e9quiper les voies<\/a><\/p>\n<p><a href=\"https:\/\/sbv-asgm.ch\/wp-content\/uploads\/5_Signalisations_itineraires_recommandation_20210903.pdf\" target=\"_blank\" rel=\"noopener\">Directives marquages des itin\u00e9raires<\/a><\/p>\n<p><a href=\"https:\/\/sbv-asgm.ch\/wp-content\/uploads\/Factsheet_Gletscher_F_Online-1.pdf\" target=\"_blank\" rel=\"noopener\">Fiche d\u2019information sur les glaciers<\/a><\/p>\n<p><a href=\"https:\/\/www.dropbox.com\/scl\/fi\/aefelzje89xw22yk1gcov\/Situations-typiques-de-dangers-V4.pdf?rlkey=u6ubpaq7illygj1599ahb1vkr&amp;dl=1\" target=\"_blank\" rel=\"noopener\">Fiche d\u2019information sur les dangers naturels durant la saison estival<\/a><\/p>\n<p><a href=\"https:\/\/sbv-asgm.ch\/wp-content\/uploads\/SBV_Flyer_A5-Format_Merkhilfe_CO2_FR_2025.pdf\" target=\"_blank\" rel=\"noopener\">Fiche d\u2019information ASGM sur les \u00e9missions de CO\u2082<\/a><\/p>\n<\/div><\/section><\/div>\n\n<\/div><\/div><\/main><!-- close content main element --><\/div><\/div><div id='av_section_2'  class='avia-section av-302frju-ed2b84b0b5cc403320bbc7b2c3c354f3 main_color avia-section-default avia-no-border-styling  avia-builder-el-6  el_after_av_section  el_before_av_section  avia-bg-style-scroll container_wrap sidebar_right'  ><div class='container av-section-cont-open' ><div class='template-page content  av-content-small alpha units'><div class='post-entry post-entry-type-page post-entry-44157'><div class='entry-content-wrapper clearfix'>\n\n<style type=\"text\/css\" data-created_by=\"avia_inline_auto\" id=\"style-css-av-mly4nfuf-bceddcd733f55dd15410f610a8504887\">\n#top .av-special-heading.av-mly4nfuf-bceddcd733f55dd15410f610a8504887{\npadding-bottom:10px;\n}\nbody .av-special-heading.av-mly4nfuf-bceddcd733f55dd15410f610a8504887 .av-special-heading-tag .heading-char{\nfont-size:25px;\n}\n.av-special-heading.av-mly4nfuf-bceddcd733f55dd15410f610a8504887 .av-subheading{\nfont-size:15px;\n}\n<\/style>\n<div  class='av-special-heading av-mly4nfuf-bceddcd733f55dd15410f610a8504887 av-special-heading-h2 blockquote modern-quote  avia-builder-el-7  el_before_av_three_fifth  avia-builder-el-first '><h2 class='av-special-heading-tag '  itemprop=\"headline\"  >Alpinisme \u2013<br \/>\nPatrimoine culturel immat\u00e9riel de l\u2019humanit\u00e9<\/h2><div class=\"special-heading-border\"><div class=\"special-heading-inner-border\"><\/div><\/div><\/div>\n<div  class='flex_column av-232sa0q-804bfb4a9fbb92e83d33174d88892dc0 av_three_fifth  avia-builder-el-8  el_after_av_heading  el_before_av_two_fifth  first flex_column_div  '     ><section  class='av_textblock_section av-5yf36i-2b2180c6f70c97278d328fb89e64fba0 '   itemscope=\"itemscope\" itemtype=\"https:\/\/schema.org\/CreativeWork\" ><div class='avia_textblock'  itemprop=\"text\" ><p>Le 11 d\u00e9cembre 2019, l\u2019alpinisme a \u00e9t\u00e9 officiellement inscrit sur la liste du patrimoine culturel immat\u00e9riel de l\u2019UNESCO. L\u2019alpinisme a \u00e9t\u00e9 reconnu parce qu\u2019il cr\u00e9e une identit\u00e9 culturelle, transmet des savoirs de g\u00e9n\u00e9ration en g\u00e9n\u00e9ration et renforce la conscience environnementale.<\/p>\n<p>Cette inscription sur la liste de l\u2019UNESCO n\u2019est pas seulement une reconnaissance, mais aussi un engagement : les \u00c9tats signataires, les communaut\u00e9s, les clubs alpins et les associations se sont engag\u00e9s \u00e0 mettre en \u0153uvre des mesures visant \u00e0 soutenir et prot\u00e9ger la pratique de l\u2019alpinisme afin d\u2019en assurer la p\u00e9rennit\u00e9 et l\u2019\u00e9volution.<\/p>\n<p>En Suisse, l\u2019ASGM assume la responsabilit\u00e9 de ce patrimoine culturel immat\u00e9riel. Elle repr\u00e9sente \u00e9galement l\u2019alpinisme au sein du r\u00e9seau suisse du patrimoine mondial de l\u2019UNESCO (WHES).<\/p>\n<\/div><\/section><\/div><div  class='flex_column av-1crhhei-fc2103f038f63f152b55583ca40197f4 av_two_fifth  avia-builder-el-10  el_after_av_three_fifth  el_before_av_one_full  flex_column_div  '     ><section  class='av_textblock_section av-mly6034t-5fd97f7a2f03ee20ac884f6eae233489 '   itemscope=\"itemscope\" itemtype=\"https:\/\/schema.org\/CreativeWork\" ><div class='avia_textblock'  itemprop=\"text\" ><p><a href=\"https:\/\/ich.unesco.org\/fr\/RL\/l-alpinisme-01471?RL=01471\">Alpinisme UNESCO<\/a><\/p>\n<p><a href=\"https:\/\/www.bak.admin.ch\/bak\/fr\/home\/patrimoine-culturel\/immaterielles-kulturerbe-unesco-lebendige-traditionen\/immaterielles-kulturerbe-unesco-in-der-schweiz\/liste-representative-du-patrimoine-culturel-immateriel\/alpinismus.html\" target=\"_blank\" rel=\"noopener\">Alpinisme \u2013 Office f\u00e9d\u00e9ral de la culture<\/a><\/p>\n<p><a href=\"https:\/\/ourheritage.ch\/article\/world-heritage-experience-switzerland-whes\" target=\"_blank\" rel=\"noopener\">R\u00e9seau suisse du patrimoine mondial de l\u2019UNESCO<\/a><\/p>\n<\/div><\/section><\/div><div  class='flex_column av-je1hve-e8905a24b90161eace9324a1f03338d5 av_one_full  avia-builder-el-12  el_after_av_two_fifth  avia-builder-el-last  first flex_column_div  '     ><\/div>\n\n<\/div><\/div><\/div><!-- close content main div --><\/div><\/div><div id='av_section_3'  class='avia-section av-m2fkpm-a54c49d4da0873383e43ae1760d60ebf main_color avia-section-default avia-no-border-styling  avia-builder-el-14  el_after_av_section  avia-builder-el-last  avia-bg-style-scroll container_wrap sidebar_right'  ><div class='container av-section-cont-open' ><div class='template-page content  av-content-small alpha units'><div class='post-entry post-entry-type-page post-entry-44157'><div class='entry-content-wrapper clearfix'>\n\n<style type=\"text\/css\" data-created_by=\"avia_inline_auto\" id=\"style-css-av-39mi61m-016b2c97ed04dd8d9c955dc9005bc048\">\n#top .av-special-heading.av-39mi61m-016b2c97ed04dd8d9c955dc9005bc048{\npadding-bottom:10px;\n}\nbody .av-special-heading.av-39mi61m-016b2c97ed04dd8d9c955dc9005bc048 .av-special-heading-tag .heading-char{\nfont-size:25px;\n}\n.av-special-heading.av-39mi61m-016b2c97ed04dd8d9c955dc9005bc048 .av-subheading{\nfont-size:15px;\n}\n<\/style>\n<div  class='av-special-heading av-39mi61m-016b2c97ed04dd8d9c955dc9005bc048 av-special-heading-h2 blockquote modern-quote  avia-builder-el-15  el_before_av_three_fifth  avia-builder-el-first '><h2 class='av-special-heading-tag '  itemprop=\"headline\"  >Swisstainable \u2013<br \/>\nDurabilit\u00e9 dans le tourisme<\/h2><div class=\"special-heading-border\"><div class=\"special-heading-inner-border\"><\/div><\/div><\/div>\n<div  class='flex_column av-2wnjwai-be452dbbe243d4067899f72e3e7f17e9 av_three_fifth  avia-builder-el-16  el_after_av_heading  el_before_av_two_fifth  first flex_column_div  '     ><section  class='av_textblock_section av-mly3d6j8-bf488075693fa9d1b5acb01289cd11b1 '   itemscope=\"itemscope\" itemtype=\"https:\/\/schema.org\/CreativeWork\" ><div class='avia_textblock'  itemprop=\"text\" ><p>En tant que d\u00e9tenteur du label <em>Swisstainable<\/em>, l\u2019Association suisse des guides de montagne s\u2019engage pour un d\u00e9veloppement durable du tourisme alpin. Avec plus de 1800 autres organisations, nous participons \u00e0 ce programme qui promeut un rapport respectueux de l\u2019environnement. En tant que membre de l\u2019association <em>Nature &amp; Loisirs<\/em>, nous soutenons \u00e9galement des initiatives intersectorielles visant \u00e0 encourager des comportements respectueux de la nature dans les activit\u00e9s de loisirs et de montagne, et \u00e0 r\u00e9duire les conflits entre utilisation et protection.<\/p>\n<\/div><\/section><\/div><div  class='flex_column av-199ola2-de5cff664a35ae9e4c8263bf689dff4b av_two_fifth  avia-builder-el-18  el_after_av_three_fifth  avia-builder-el-last  flex_column_div  '     ><section  class='av_textblock_section av-mly6jxzt-75f08b43a1d4a3c026e76e4051acc37a '   itemscope=\"itemscope\" itemtype=\"https:\/\/schema.org\/CreativeWork\" ><div class='avia_textblock'  itemprop=\"text\" ><p><a href=\"https:\/\/www.stv-fst.ch\/fr\/durabilite\/centre-de-competences\/swisstainable\" target=\"_blank\" rel=\"noopener\">Association suisse du tourisme<\/a><\/p>\n<p><a href=\"https:\/\/nature-loisirs.ch\/sports-de-neige-et-respect\" target=\"_blank\" rel=\"noopener\">Association Nature &amp; Loisirs<\/a><\/p>\n<\/div><\/section><\/div><\/div><\/div><\/div><!-- close content main div --><\/div><\/div><div id='after_section_3'  class='main_color av_default_container_wrap container_wrap sidebar_right'  ><div class='container av-section-cont-open' ><div class='template-page content  av-content-small alpha units'><div class='post-entry post-entry-type-page post-entry-44157'><div class='entry-content-wrapper clearfix'>\n","protected":false},"excerpt":{"rendered":"","protected":false},"author":17,"featured_media":0,"parent":0,"menu_order":20,"comment_status":"closed","ping_status":"closed","template":"","meta":{"footnotes":"","_links_to":"","_links_to_target":""},"class_list":["post-44157","page","type-page","status-publish","hentry"],"yoast_head":"<!-- This site is optimized with the Yoast SEO plugin v27.4 - https:\/\/yoast.com\/product\/yoast-seo-wordpress\/ -->\n<title>Nature, environnement et culture - Schweizer Bergf\u00fchrerverband SBV-ASGM<\/title>\n<meta name=\"robots\" content=\"index, follow, max-snippet:-1, max-image-preview:large, max-video-preview:-1\" \/>\n<link rel=\"canonical\" href=\"https:\/\/sbv-asgm.ch\/fr\/nature-environnement-et-culture\/\" \/>\n<meta property=\"og:locale\" content=\"fr_FR\" \/>\n<meta property=\"og:type\" content=\"article\" \/>\n<meta property=\"og:title\" content=\"Nature, environnement et culture - Schweizer Bergf\u00fchrerverband SBV-ASGM\" \/>\n<meta property=\"og:url\" content=\"https:\/\/sbv-asgm.ch\/fr\/nature-environnement-et-culture\/\" \/>\n<meta property=\"og:site_name\" content=\"Schweizer Bergf\u00fchrerverband SBV-ASGM\" \/>\n<meta property=\"article:modified_time\" content=\"2026-03-24T16:24:09+00:00\" \/>\n<meta property=\"og:image\" content=\"https:\/\/sbv-asgm.ch\/wp-content\/uploads\/UNESCO_Alpinismus.webp\" \/>\n<meta name=\"twitter:card\" content=\"summary_large_image\" \/>\n<meta name=\"twitter:label1\" content=\"Dur\u00e9e de lecture estim\u00e9e\" \/>\n\t<meta name=\"twitter:data1\" content=\"3 minutes\" \/>\n<script type=\"application\/ld+json\" class=\"yoast-schema-graph\">{\"@context\":\"https:\\\/\\\/schema.org\",\"@graph\":[{\"@type\":\"WebPage\",\"@id\":\"https:\\\/\\\/sbv-asgm.ch\\\/fr\\\/nature-environnement-et-culture\\\/\",\"url\":\"https:\\\/\\\/sbv-asgm.ch\\\/fr\\\/nature-environnement-et-culture\\\/\",\"name\":\"Nature, environnement et culture - Schweizer Bergf\u00fchrerverband SBV-ASGM\",\"isPartOf\":{\"@id\":\"https:\\\/\\\/sbv-asgm.ch\\\/fr\\\/#website\"},\"primaryImageOfPage\":{\"@id\":\"https:\\\/\\\/sbv-asgm.ch\\\/fr\\\/nature-environnement-et-culture\\\/#primaryimage\"},\"image\":{\"@id\":\"https:\\\/\\\/sbv-asgm.ch\\\/fr\\\/nature-environnement-et-culture\\\/#primaryimage\"},\"thumbnailUrl\":\"https:\\\/\\\/sbv-asgm.ch\\\/wp-content\\\/uploads\\\/UNESCO_Alpinismus.webp\",\"datePublished\":\"2026-01-12T01:23:51+00:00\",\"dateModified\":\"2026-03-24T16:24:09+00:00\",\"breadcrumb\":{\"@id\":\"https:\\\/\\\/sbv-asgm.ch\\\/fr\\\/nature-environnement-et-culture\\\/#breadcrumb\"},\"inLanguage\":\"fr-FR\",\"potentialAction\":[{\"@type\":\"ReadAction\",\"target\":[\"https:\\\/\\\/sbv-asgm.ch\\\/fr\\\/nature-environnement-et-culture\\\/\"]}]},{\"@type\":\"ImageObject\",\"inLanguage\":\"fr-FR\",\"@id\":\"https:\\\/\\\/sbv-asgm.ch\\\/fr\\\/nature-environnement-et-culture\\\/#primaryimage\",\"url\":\"https:\\\/\\\/sbv-asgm.ch\\\/wp-content\\\/uploads\\\/UNESCO_Alpinismus.webp\",\"contentUrl\":\"https:\\\/\\\/sbv-asgm.ch\\\/wp-content\\\/uploads\\\/UNESCO_Alpinismus.webp\"},{\"@type\":\"BreadcrumbList\",\"@id\":\"https:\\\/\\\/sbv-asgm.ch\\\/fr\\\/nature-environnement-et-culture\\\/#breadcrumb\",\"itemListElement\":[{\"@type\":\"ListItem\",\"position\":1,\"name\":\"Startseite\",\"item\":\"https:\\\/\\\/sbv-asgm.ch\\\/fr\\\/accociation-suisse-des-guides-de-montagne-sbv-asgm\\\/\"},{\"@type\":\"ListItem\",\"position\":2,\"name\":\"Nature, environnement et culture\"}]},{\"@type\":\"WebSite\",\"@id\":\"https:\\\/\\\/sbv-asgm.ch\\\/fr\\\/#website\",\"url\":\"https:\\\/\\\/sbv-asgm.ch\\\/fr\\\/\",\"name\":\"Schweizer Bergf\u00fchrerverband SBV-ASGM\",\"description\":\"Bergf\u00fchrer, Wanderleiter, Kletterlehrer, H\u00f6henarbeiter\",\"publisher\":{\"@id\":\"https:\\\/\\\/sbv-asgm.ch\\\/fr\\\/#organization\"},\"potentialAction\":[{\"@type\":\"SearchAction\",\"target\":{\"@type\":\"EntryPoint\",\"urlTemplate\":\"https:\\\/\\\/sbv-asgm.ch\\\/fr\\\/?s={search_term_string}\"},\"query-input\":{\"@type\":\"PropertyValueSpecification\",\"valueRequired\":true,\"valueName\":\"search_term_string\"}}],\"inLanguage\":\"fr-FR\"},{\"@type\":\"Organization\",\"@id\":\"https:\\\/\\\/sbv-asgm.ch\\\/fr\\\/#organization\",\"name\":\"Schweizer Bergf\u00fchrerverband SBV-ASGM\",\"alternateName\":\"SBV-ASGM\",\"url\":\"https:\\\/\\\/sbv-asgm.ch\\\/fr\\\/\",\"logo\":{\"@type\":\"ImageObject\",\"inLanguage\":\"fr-FR\",\"@id\":\"https:\\\/\\\/sbv-asgm.ch\\\/fr\\\/#\\\/schema\\\/logo\\\/image\\\/\",\"url\":\"https:\\\/\\\/sbv-asgm.ch\\\/wp-content\\\/uploads\\\/logo-sbv-asgm.png\",\"contentUrl\":\"https:\\\/\\\/sbv-asgm.ch\\\/wp-content\\\/uploads\\\/logo-sbv-asgm.png\",\"width\":400,\"height\":130,\"caption\":\"Schweizer Bergf\u00fchrerverband SBV-ASGM\"},\"image\":{\"@id\":\"https:\\\/\\\/sbv-asgm.ch\\\/fr\\\/#\\\/schema\\\/logo\\\/image\\\/\"}}]}<\/script>\n<!-- \/ Yoast SEO plugin. -->","yoast_head_json":{"title":"Nature, environnement et culture - Schweizer Bergf\u00fchrerverband SBV-ASGM","robots":{"index":"index","follow":"follow","max-snippet":"max-snippet:-1","max-image-preview":"max-image-preview:large","max-video-preview":"max-video-preview:-1"},"canonical":"https:\/\/sbv-asgm.ch\/fr\/nature-environnement-et-culture\/","og_locale":"fr_FR","og_type":"article","og_title":"Nature, environnement et culture - Schweizer Bergf\u00fchrerverband SBV-ASGM","og_url":"https:\/\/sbv-asgm.ch\/fr\/nature-environnement-et-culture\/","og_site_name":"Schweizer Bergf\u00fchrerverband SBV-ASGM","article_modified_time":"2026-03-24T16:24:09+00:00","og_image":[{"url":"https:\/\/sbv-asgm.ch\/wp-content\/uploads\/UNESCO_Alpinismus.webp","type":"","width":"","height":""}],"twitter_card":"summary_large_image","twitter_misc":{"Dur\u00e9e de lecture estim\u00e9e":"3 minutes"},"schema":{"@context":"https:\/\/schema.org","@graph":[{"@type":"WebPage","@id":"https:\/\/sbv-asgm.ch\/fr\/nature-environnement-et-culture\/","url":"https:\/\/sbv-asgm.ch\/fr\/nature-environnement-et-culture\/","name":"Nature, environnement et culture - Schweizer Bergf\u00fchrerverband SBV-ASGM","isPartOf":{"@id":"https:\/\/sbv-asgm.ch\/fr\/#website"},"primaryImageOfPage":{"@id":"https:\/\/sbv-asgm.ch\/fr\/nature-environnement-et-culture\/#primaryimage"},"image":{"@id":"https:\/\/sbv-asgm.ch\/fr\/nature-environnement-et-culture\/#primaryimage"},"thumbnailUrl":"https:\/\/sbv-asgm.ch\/wp-content\/uploads\/UNESCO_Alpinismus.webp","datePublished":"2026-01-12T01:23:51+00:00","dateModified":"2026-03-24T16:24:09+00:00","breadcrumb":{"@id":"https:\/\/sbv-asgm.ch\/fr\/nature-environnement-et-culture\/#breadcrumb"},"inLanguage":"fr-FR","potentialAction":[{"@type":"ReadAction","target":["https:\/\/sbv-asgm.ch\/fr\/nature-environnement-et-culture\/"]}]},{"@type":"ImageObject","inLanguage":"fr-FR","@id":"https:\/\/sbv-asgm.ch\/fr\/nature-environnement-et-culture\/#primaryimage","url":"https:\/\/sbv-asgm.ch\/wp-content\/uploads\/UNESCO_Alpinismus.webp","contentUrl":"https:\/\/sbv-asgm.ch\/wp-content\/uploads\/UNESCO_Alpinismus.webp"},{"@type":"BreadcrumbList","@id":"https:\/\/sbv-asgm.ch\/fr\/nature-environnement-et-culture\/#breadcrumb","itemListElement":[{"@type":"ListItem","position":1,"name":"Startseite","item":"https:\/\/sbv-asgm.ch\/fr\/accociation-suisse-des-guides-de-montagne-sbv-asgm\/"},{"@type":"ListItem","position":2,"name":"Nature, environnement et culture"}]},{"@type":"WebSite","@id":"https:\/\/sbv-asgm.ch\/fr\/#website","url":"https:\/\/sbv-asgm.ch\/fr\/","name":"Schweizer Bergf\u00fchrerverband SBV-ASGM","description":"Bergf\u00fchrer, Wanderleiter, Kletterlehrer, H\u00f6henarbeiter","publisher":{"@id":"https:\/\/sbv-asgm.ch\/fr\/#organization"},"potentialAction":[{"@type":"SearchAction","target":{"@type":"EntryPoint","urlTemplate":"https:\/\/sbv-asgm.ch\/fr\/?s={search_term_string}"},"query-input":{"@type":"PropertyValueSpecification","valueRequired":true,"valueName":"search_term_string"}}],"inLanguage":"fr-FR"},{"@type":"Organization","@id":"https:\/\/sbv-asgm.ch\/fr\/#organization","name":"Schweizer Bergf\u00fchrerverband SBV-ASGM","alternateName":"SBV-ASGM","url":"https:\/\/sbv-asgm.ch\/fr\/","logo":{"@type":"ImageObject","inLanguage":"fr-FR","@id":"https:\/\/sbv-asgm.ch\/fr\/#\/schema\/logo\/image\/","url":"https:\/\/sbv-asgm.ch\/wp-content\/uploads\/logo-sbv-asgm.png","contentUrl":"https:\/\/sbv-asgm.ch\/wp-content\/uploads\/logo-sbv-asgm.png","width":400,"height":130,"caption":"Schweizer Bergf\u00fchrerverband SBV-ASGM"},"image":{"@id":"https:\/\/sbv-asgm.ch\/fr\/#\/schema\/logo\/image\/"}}]}},"publishpress_future_action":{"enabled":false,"date":"2026-05-01 13:39:12","action":"change-status","newStatus":"draft","terms":[],"taxonomy":"translation_priority","extraData":[]},"publishpress_future_workflow_manual_trigger":{"enabledWorkflows":[]},"_links":{"self":[{"href":"https:\/\/sbv-asgm.ch\/fr\/wp-json\/wp\/v2\/pages\/44157","targetHints":{"allow":["GET"]}}],"collection":[{"href":"https:\/\/sbv-asgm.ch\/fr\/wp-json\/wp\/v2\/pages"}],"about":[{"href":"https:\/\/sbv-asgm.ch\/fr\/wp-json\/wp\/v2\/types\/page"}],"author":[{"embeddable":true,"href":"https:\/\/sbv-asgm.ch\/fr\/wp-json\/wp\/v2\/users\/17"}],"replies":[{"embeddable":true,"href":"https:\/\/sbv-asgm.ch\/fr\/wp-json\/wp\/v2\/comments?post=44157"}],"version-history":[{"count":8,"href":"https:\/\/sbv-asgm.ch\/fr\/wp-json\/wp\/v2\/pages\/44157\/revisions"}],"predecessor-version":[{"id":44272,"href":"https:\/\/sbv-asgm.ch\/fr\/wp-json\/wp\/v2\/pages\/44157\/revisions\/44272"}],"wp:attachment":[{"href":"https:\/\/sbv-asgm.ch\/fr\/wp-json\/wp\/v2\/media?parent=44157"}],"curies":[{"name":"wp","href":"https:\/\/api.w.org\/{rel}","templated":true}]}}