{"id":44241,"date":"2026-01-11T23:48:23","date_gmt":"2026-01-11T22:48:23","guid":{"rendered":"https:\/\/sbv-asgm.ch\/?page_id=44241"},"modified":"2026-03-24T16:55:37","modified_gmt":"2026-03-24T15:55:37","slug":"avalanche-check","status":"publish","type":"page","link":"https:\/\/sbv-asgm.ch\/fr\/avalanche-check\/","title":{"rendered":"Avalanche Check"},"content":{"rendered":"\n<style type=\"text\/css\" data-created_by=\"avia_inline_auto\" id=\"style-css-av-1mmmjp4-59b8039433dc5068497bb2c07aa409ee\">\n.avia-section.av-1mmmjp4-59b8039433dc5068497bb2c07aa409ee{\nmargin-bottom:0px;\n}\n<\/style>\n<div id='av_section_1'  class='avia-section av-1mmmjp4-59b8039433dc5068497bb2c07aa409ee main_color avia-section-default avia-no-border-styling  avia-builder-el-0  el_before_av_section  avia-builder-el-first  avia-bg-style-scroll container_wrap sidebar_right'  ><div class='container av-section-cont-open' ><main  role=\"main\" itemprop=\"mainContentOfPage\"  class='template-page content  av-content-small alpha units'><div class='post-entry post-entry-type-page post-entry-44241'><div class='entry-content-wrapper clearfix'>\n\n<style type=\"text\/css\" data-created_by=\"avia_inline_auto\" id=\"style-css-av-mkabs052-a1cf2dc3b35ba4a70a7a741b0caf277f\">\n#top .av-special-heading.av-mkabs052-a1cf2dc3b35ba4a70a7a741b0caf277f{\npadding-bottom:10px;\n}\nbody .av-special-heading.av-mkabs052-a1cf2dc3b35ba4a70a7a741b0caf277f .av-special-heading-tag .heading-char{\nfont-size:25px;\n}\n.av-special-heading.av-mkabs052-a1cf2dc3b35ba4a70a7a741b0caf277f .av-subheading{\nfont-size:15px;\n}\n<\/style>\n<div  class='av-special-heading av-mkabs052-a1cf2dc3b35ba4a70a7a741b0caf277f av-special-heading-h1 blockquote modern-quote  avia-builder-el-1  el_before_av_one_half  avia-builder-el-first '><h1 class='av-special-heading-tag '  itemprop=\"headline\"  >Avalanche Check<\/h1><div class=\"special-heading-border\"><div class=\"special-heading-inner-border\"><\/div><\/div><\/div>\n<div  class='flex_column av-1936yqg-20671feeaa2f9e61dc5a4920b88458c6 av_one_half  avia-builder-el-2  el_after_av_heading  el_before_av_one_half  first flex_column_div  '     ><section  class='av_textblock_section av-mkaabxo6-e25fd1502958e0d3e09611370c1e90aa '   itemscope=\"itemscope\" itemtype=\"https:\/\/schema.org\/CreativeWork\" ><div class='avia_textblock linklist-vertical'  itemprop=\"text\" ><p><em><strong>avalanche-check.ch<\/strong><\/em> est un site interactif qui te permet de tester tes connaissances sur la gestion du danger d\u2019avalanche. \u00c0 l\u2019aide d\u2019un questionnaire structur\u00e9, tu es confront\u00e9 \u00e0 des situations typiques li\u00e9es \u00e0 la planification de courses, \u00e0 la prise de d\u00e9cision sur le terrain et au comportement en cas d\u2019urgence.<\/p>\n<p>Le site s\u2019adresse \u00e0 toutes les personnes qui se d\u00e9placent en montagne en hiver et qui souhaitent r\u00e9fl\u00e9chir \u00e0 leur appr\u00e9ciation du risque.<\/p>\n<p><a href=\"https:\/\/www.avalanche-check.ch\/\" target=\"_blank\" rel=\"noopener\">avalanche-check.ch<\/a><\/p>\n<\/div><\/section><\/div><div  class='flex_column av-rrrz7c-9cf7ba286fa3b65d8242a81e5ce24c9e av_one_half  avia-builder-el-4  el_after_av_one_half  avia-builder-el-last  flex_column_div  '     ><style type=\"text\/css\" data-created_by=\"avia_inline_auto\" id=\"style-css-av-mn0s7l6x-64c2de1120f8ebcc237060dae63175a9\">\n.avia-image-container.av-mn0s7l6x-64c2de1120f8ebcc237060dae63175a9 img.avia_image{\nbox-shadow:none;\n}\n.avia-image-container.av-mn0s7l6x-64c2de1120f8ebcc237060dae63175a9 .av-image-caption-overlay-center{\ncolor:#ffffff;\n}\n<\/style>\n<div  class='avia-image-container av-mn0s7l6x-64c2de1120f8ebcc237060dae63175a9 av-styling- av-img-linked avia-align-center  avia-builder-el-5  avia-builder-el-no-sibling '   itemprop=\"image\" itemscope=\"itemscope\" itemtype=\"https:\/\/schema.org\/ImageObject\" ><div class=\"avia-image-container-inner\"><div class=\"avia-image-overlay-wrap\"><a href=\"https:\/\/www.avalanche-check.ch\/\" class='avia_image '  target=\"_blank\"  rel=\"noopener noreferrer\" aria-label='avalanche-check-fr'><img decoding=\"async\" fetchpriority=\"high\" class='wp-image-44243 avia-img-lazy-loading-not-44243 avia_image ' src=\"https:\/\/sbv-asgm.ch\/wp-content\/uploads\/avalanche-check-fr-1.jpg\" alt='' title='avalanche-check-fr'  height=\"584\" width=\"1000\"  itemprop=\"thumbnailUrl\" srcset=\"https:\/\/sbv-asgm.ch\/wp-content\/uploads\/avalanche-check-fr-1.jpg 1000w, https:\/\/sbv-asgm.ch\/wp-content\/uploads\/avalanche-check-fr-1-300x175.jpg 300w, https:\/\/sbv-asgm.ch\/wp-content\/uploads\/avalanche-check-fr-1-768x449.jpg 768w, https:\/\/sbv-asgm.ch\/wp-content\/uploads\/avalanche-check-fr-1-705x412.jpg 705w\" sizes=\"(max-width: 1000px) 100vw, 1000px\" \/><\/a><\/div><\/div><\/div><\/div>\n\n<\/div><\/div><\/main><!-- close content main element --><\/div><\/div>\n<style type=\"text\/css\" data-created_by=\"avia_inline_auto\" id=\"style-css-av-2039e48-1e517ca5be1f31b86df91becdbded8c1\">\n.avia-section.av-2039e48-1e517ca5be1f31b86df91becdbded8c1{\nmargin-bottom:0px;\n}\n<\/style>\n<div id='av_section_2'  class='avia-section av-2039e48-1e517ca5be1f31b86df91becdbded8c1 main_color avia-section-default avia-no-border-styling  avia-builder-el-6  el_after_av_section  el_before_av_section  avia-bg-style-scroll container_wrap sidebar_right'  ><div class='container av-section-cont-open' ><div class='template-page content  av-content-small alpha units'><div class='post-entry post-entry-type-page post-entry-44241'><div class='entry-content-wrapper clearfix'>\n\n<style type=\"text\/css\" data-created_by=\"avia_inline_auto\" id=\"style-css-av-mkkvzepk-19f9d08d2dcedeb78c74ea543eb70033\">\nbody .av-special-heading.av-mkkvzepk-19f9d08d2dcedeb78c74ea543eb70033 .av-special-heading-tag .heading-char{\nfont-size:25px;\n}\n.av-special-heading.av-mkkvzepk-19f9d08d2dcedeb78c74ea543eb70033 .av-subheading{\nfont-size:15px;\n}\n<\/style>\n<div  class='av-special-heading av-mkkvzepk-19f9d08d2dcedeb78c74ea543eb70033 av-special-heading-h2 blockquote modern-quote  avia-builder-el-7  el_before_av_one_half  avia-builder-el-first '><h2 class='av-special-heading-tag '  itemprop=\"headline\"  >La pr\u00e9vention des avalanches nous concerne tous<\/h2><div class=\"special-heading-border\"><div class=\"special-heading-inner-border\"><\/div><\/div><\/div>\n<div  class='flex_column av-1kxf6pk-3cac40107b6826ec15ce3b10388f4048 av_one_half  avia-builder-el-8  el_after_av_heading  el_before_av_one_half  first av-break-at-tablet flex_column_div  '     ><section  class='av_textblock_section av-mkkw2jc8-cce2e304e54cd8bf256e022d40c2aa97 '   itemscope=\"itemscope\" itemtype=\"https:\/\/schema.org\/CreativeWork\" ><div class='avia_textblock'  itemprop=\"text\" ><p>La gestion du risque d\u2019avalanche a fa\u00e7onn\u00e9 l\u2019identit\u00e9 des populations alpines en Suisse et en Autriche pendant des si\u00e8cles. Elle fait partie de la culture quotidienne des communaut\u00e9s alpines et souligne l\u2019importance de la solidarit\u00e9 dans les situations de crise (\u00a9 Vid\u00e9o \u2013 Office f\u00e9d\u00e9ral de la culture, 2017).<\/p>\n<p>En tant que passionn\u00e9 de sports de montagne, toi aussi tu peux contribuer \u00e0 plus de s\u00e9curit\u00e9 en montagne. SWISS MOUNTAIN TRAINING propose une formation certifi\u00e9e en plusieurs niveaux, conforme aux standards de qualit\u00e9 et de s\u00e9curit\u00e9 des guides de montagne suisses. Elle te transmet des connaissances sur les dangers de la montagne et sur le comportement \u00e0 adopter en cas d\u2019avalanche. Plus de 8 000 randonneurs \u00e0 ski et freeriders ont d\u00e9j\u00e0 particip\u00e9.<\/p>\n<p data-start=\"83\" data-end=\"322\"><a href=\"https:\/\/swissmountaintraining.ch\/\" target=\"_blank\" rel=\"noopener\">swissmountaintraining.ch<\/a>.<\/p>\n<\/div><\/section><\/div><div  class='flex_column av-1rs7cyg-ad5ff6a02b33351ff1ff375f2890e409 av_one_half  avia-builder-el-10  el_after_av_one_half  avia-builder-el-last  av-break-at-tablet flex_column_div  '     ><style type=\"text\/css\" data-created_by=\"avia_inline_auto\" id=\"style-css-av-10ktau0-3f99930b5d219d8b6b7179b9d1ff1d5a\">\n.avia-video.av-10ktau0-3f99930b5d219d8b6b7179b9d1ff1d5a{\nbackground-image:url(https:\/\/sbv-asgm.ch\/wp-content\/uploads\/lawine-olena-pixabay.jpg);\n}\n<\/style>\n<div  class='avia-video av-10ktau0-3f99930b5d219d8b6b7179b9d1ff1d5a avia-video-16-9 av-preview-image avia-video-lightbox av-lazyload-video-embed avia-video-external-service'  itemprop=\"video\" itemtype=\"https:\/\/schema.org\/VideoObject\"  data-original_url='https:\/\/www.youtube.com\/watch?v=vMXSydLcUC4&amp;t=1s&autoplay=1&allow=\u201cautoplay\u201d'><script type='text\/html' class='av-video-tmpl'><a href='https:\/\/www.youtube.com\/watch?v=vMXSydLcUC4&amp;t=1s&autoplay=1&allow=\u201cautoplay\u201d' class='mfp-iframe lightbox-link' data-custom_class='avia-mfp-is-video avia-mfp-video-16-9  '><\/a><\/script><div class=\"av-click-to-play-overlay play-lightbox\"><div class=\"avia_playpause_icon\"><\/div><\/div><\/div><\/div>\n\n<\/div><\/div><\/div><!-- close content main div --><\/div><\/div><div id='av_section_3'  class='avia-section av-av_section-e4ef95e6d64daa5d43c9bd2540e73530 main_color avia-section-default avia-no-border-styling  avia-builder-el-12  el_after_av_section  avia-builder-el-last  avia-bg-style-scroll container_wrap sidebar_right'  ><div class='container av-section-cont-open' ><div class='template-page content  av-content-small alpha units'><div class='post-entry post-entry-type-page post-entry-44241'><div class='entry-content-wrapper clearfix'>\n\n<style type=\"text\/css\" data-created_by=\"avia_inline_auto\" id=\"style-css-av-av_heading-3a1085c9b6c1e8718846bf7cfb733164\">\n#top .av-special-heading.av-av_heading-3a1085c9b6c1e8718846bf7cfb733164{\npadding-bottom:0;\n}\nbody .av-special-heading.av-av_heading-3a1085c9b6c1e8718846bf7cfb733164 .av-special-heading-tag .heading-char{\nfont-size:25px;\n}\n.av-special-heading.av-av_heading-3a1085c9b6c1e8718846bf7cfb733164 .av-subheading{\nfont-size:15px;\n}\n<\/style>\n<div  class='av-special-heading av-av_heading-3a1085c9b6c1e8718846bf7cfb733164 av-special-heading-h2 blockquote modern-quote  avia-builder-el-13  el_before_av_one_third  avia-builder-el-first '><h2 class='av-special-heading-tag '  itemprop=\"headline\"  >Plus de s\u00e9curit\u00e9 dans l\u2019aventure<\/h2><div class=\"special-heading-border\"><div class=\"special-heading-inner-border\"><\/div><\/div><\/div>\n<div  class='flex_column av-av_one_third-206e907eadf16c647f283bae666f1fc3 av_one_third  avia-builder-el-14  el_after_av_heading  el_before_av_one_third  first flex_column_div  '     ><p>\n<style type=\"text\/css\" data-created_by=\"avia_inline_auto\" id=\"style-css-av-av_image-f9c3dc1c607a72ed781328123c4113c7\">\n.avia-image-container.av-av_image-f9c3dc1c607a72ed781328123c4113c7 img.avia_image{\nbox-shadow:none;\n}\n.avia-image-container.av-av_image-f9c3dc1c607a72ed781328123c4113c7 .av-image-caption-overlay-center{\ncolor:#ffffff;\n}\n<\/style>\n<div  class='avia-image-container av-av_image-f9c3dc1c607a72ed781328123c4113c7 av-styling- avia-align-center  avia-builder-el-15  el_before_av_textblock  avia-builder-el-first '   itemprop=\"image\" itemscope=\"itemscope\" itemtype=\"https:\/\/schema.org\/ImageObject\" ><div class=\"avia-image-container-inner\"><div class=\"avia-image-overlay-wrap\"><img decoding=\"async\" fetchpriority=\"high\" class='wp-image-44003 avia-img-lazy-loading-not-44003 avia_image ' src=\"https:\/\/sbv-asgm.ch\/wp-content\/uploads\/app-white-risk-sfl.webp\" alt='' title='app-white-risk-sfl'  height=\"790\" width=\"853\"  itemprop=\"thumbnailUrl\" srcset=\"https:\/\/sbv-asgm.ch\/wp-content\/uploads\/app-white-risk-sfl.webp 853w, https:\/\/sbv-asgm.ch\/wp-content\/uploads\/app-white-risk-sfl-300x278.webp 300w, https:\/\/sbv-asgm.ch\/wp-content\/uploads\/app-white-risk-sfl-768x711.webp 768w, https:\/\/sbv-asgm.ch\/wp-content\/uploads\/app-white-risk-sfl-705x653.webp 705w\" sizes=\"(max-width: 853px) 100vw, 853px\" \/><\/div><\/div><\/div><br \/>\n<section  class='av_textblock_section av-av_textblock-9a35963e39998f1f38fe2918e4eb667d '   itemscope=\"itemscope\" itemtype=\"https:\/\/schema.org\/CreativeWork\" ><div class='avia_textblock linklist-vertical'  itemprop=\"text\" ><h3>Application White Risk<\/h3>\n<p>L\u2019application officielle de l\u2019Institut pour l\u2019\u00e9tude de la neige et des avalanches fournit le bulletin d\u2019avalanches actuel, des donn\u00e9es sur la neige et la m\u00e9t\u00e9o ainsi que des outils professionnels pour la planification des courses.<\/p>\n<p><a href=\"https:\/\/apps.apple.com\/ch\/app\/white-risk\/id339374432?l=de\" target=\"_blank\" rel=\"noopener\">App Store<\/a><\/p>\n<p><a href=\"https:\/\/play.google.com\/store\/apps\/details?id=ch.slf.whiteriskmobile&amp;hl=de&amp;gl=US&amp;pli=1\" target=\"_blank\" rel=\"noopener\">Google Play<\/a><\/p>\n<p><a href=\"https:\/\/www.slf.ch\/de\/services-und-produkte\/white-risk-portal\/\" target=\"_blank\" rel=\"noopener\">slf.ch<\/a><\/p>\n<\/div><\/section><\/p><\/div><div  class='flex_column av-av_one_third-f2e84cb2b19024dec7a0db7bbe41280b av_one_third  avia-builder-el-17  el_after_av_one_third  el_before_av_one_third  flex_column_div  '     ><p>\n<style type=\"text\/css\" data-created_by=\"avia_inline_auto\" id=\"style-css-av-av_image-4b1028d9cbc7cf34c93515728c57d91b\">\n.avia-image-container.av-av_image-4b1028d9cbc7cf34c93515728c57d91b img.avia_image{\nbox-shadow:none;\n}\n.avia-image-container.av-av_image-4b1028d9cbc7cf34c93515728c57d91b .av-image-caption-overlay-center{\ncolor:#ffffff;\n}\n<\/style>\n<div  class='avia-image-container av-av_image-4b1028d9cbc7cf34c93515728c57d91b av-styling- avia-align-center  avia-builder-el-18  el_before_av_textblock  avia-builder-el-first '   itemprop=\"image\" itemscope=\"itemscope\" itemtype=\"https:\/\/schema.org\/ImageObject\" ><div class=\"avia-image-container-inner\"><div class=\"avia-image-overlay-wrap\"><img decoding=\"async\" fetchpriority=\"high\" class='wp-image-44001 avia-img-lazy-loading-not-44001 avia_image ' src=\"https:\/\/sbv-asgm.ch\/wp-content\/uploads\/app-echosos-ubique.webp\" alt='' title='app-echosos-ubique'  height=\"790\" width=\"853\"  itemprop=\"thumbnailUrl\" srcset=\"https:\/\/sbv-asgm.ch\/wp-content\/uploads\/app-echosos-ubique.webp 853w, https:\/\/sbv-asgm.ch\/wp-content\/uploads\/app-echosos-ubique-300x278.webp 300w, https:\/\/sbv-asgm.ch\/wp-content\/uploads\/app-echosos-ubique-768x711.webp 768w, https:\/\/sbv-asgm.ch\/wp-content\/uploads\/app-echosos-ubique-705x653.webp 705w\" sizes=\"(max-width: 853px) 100vw, 853px\" \/><\/div><\/div><\/div><br \/>\n<section  class='av_textblock_section av-av_textblock-9a35963e39998f1f38fe2918e4eb667d '   itemscope=\"itemscope\" itemtype=\"https:\/\/schema.org\/CreativeWork\" ><div class='avia_textblock linklist-vertical'  itemprop=\"text\" ><h3>Application EchoSOS<\/h3>\n<p>L\u2019application d\u2019urgence gratuite qui affiche dans le monde entier le num\u00e9ro d\u2019appel d\u2019urgence appropri\u00e9, transmet ta position aux services de secours via GPS et met \u00e0 disposition des informations m\u00e9dicales pour les premiers secours.<\/p>\n<p><a href=\"https:\/\/apps.apple.com\/ch\/app\/echosos\/id613058743\" target=\"_blank\" rel=\"noopener\">App Store<\/a><\/p>\n<p><a href=\"https:\/\/play.google.com\/store\/apps\/details?id=ch.mobilemed.echo112&amp;hl=de&amp;gl=US\" target=\"_blank\" rel=\"noopener\">Google Play<\/a><\/p>\n<p><a href=\"https:\/\/www.ubique.ch\" target=\"_blank\" rel=\"noopener\">ubique.ch<\/a><\/p>\n<\/div><\/section><\/p><\/div><div  class='flex_column av-av_one_third-822adf6e6786165c900085eb64085980 av_one_third  avia-builder-el-20  el_after_av_one_third  avia-builder-el-last  flex_column_div  '     ><p>\n<style type=\"text\/css\" data-created_by=\"avia_inline_auto\" id=\"style-css-av-av_image-371aceb08e95eb161575062060bf25a7\">\n.avia-image-container.av-av_image-371aceb08e95eb161575062060bf25a7 img.avia_image{\nbox-shadow:none;\n}\n.avia-image-container.av-av_image-371aceb08e95eb161575062060bf25a7 .av-image-caption-overlay-center{\ncolor:#ffffff;\n}\n<\/style>\n<div  class='avia-image-container av-av_image-371aceb08e95eb161575062060bf25a7 av-styling- avia-align-center  avia-builder-el-21  el_before_av_textblock  avia-builder-el-first '   itemprop=\"image\" itemscope=\"itemscope\" itemtype=\"https:\/\/schema.org\/ImageObject\" ><div class=\"avia-image-container-inner\"><div class=\"avia-image-overlay-wrap\"><img decoding=\"async\" fetchpriority=\"high\" class='wp-image-44002 avia-img-lazy-loading-not-44002 avia_image ' src=\"https:\/\/sbv-asgm.ch\/wp-content\/uploads\/app-meteo-schweiz.webp\" alt='' title='app-meteo-schweiz'  height=\"790\" width=\"853\"  itemprop=\"thumbnailUrl\" srcset=\"https:\/\/sbv-asgm.ch\/wp-content\/uploads\/app-meteo-schweiz.webp 853w, https:\/\/sbv-asgm.ch\/wp-content\/uploads\/app-meteo-schweiz-300x278.webp 300w, https:\/\/sbv-asgm.ch\/wp-content\/uploads\/app-meteo-schweiz-768x711.webp 768w, https:\/\/sbv-asgm.ch\/wp-content\/uploads\/app-meteo-schweiz-705x653.webp 705w\" sizes=\"(max-width: 853px) 100vw, 853px\" \/><\/div><\/div><\/div><br \/>\n<section  class='av_textblock_section av-av_textblock-9a35963e39998f1f38fe2918e4eb667d '   itemscope=\"itemscope\" itemtype=\"https:\/\/schema.org\/CreativeWork\" ><div class='avia_textblock linklist-vertical'  itemprop=\"text\" ><h3><strong>Application M\u00e9t\u00e9oSuisse<\/strong><\/h3>\n<p>L\u2019application m\u00e9t\u00e9o officielle de la Conf\u00e9d\u00e9ration fournit des pr\u00e9visions locales pr\u00e9cises, des alertes en cas d\u2019intemp\u00e9ries par push ainsi que des donn\u00e9es m\u00e9t\u00e9orologiques compl\u00e8tes. Compacte, claire et toujours \u00e0 jour.<\/p>\n<p><a href=\"https:\/\/apps.apple.com\/ch\/app\/meteoswiss\/id589772015?l=de\" target=\"_blank\" rel=\"noopener\">App Store<\/a><\/p>\n<p><a href=\"https:\/\/play.google.com\/store\/apps\/details?id=ch.admin.meteoswiss&amp;hl=de_CH\" target=\"_blank\" rel=\"noopener\">Google Play<\/a><\/p>\n<p><a href=\"https:\/\/www.meteosuisse.admin.ch\/services-et-publications\/service\/produits-meteorologiques-et-climatiques\/l-app-de-meteosuisse.html\" target=\"_blank\" rel=\"noopener\">meteosuisse.ch<\/a><\/p>\n<\/div><\/section><\/p><\/div>\n<\/div><\/div><\/div><!-- close content main div --><\/div><\/div><div id='after_section_3'  class='main_color av_default_container_wrap container_wrap sidebar_right'  ><div class='container av-section-cont-open' ><div class='template-page content  av-content-small alpha units'><div class='post-entry post-entry-type-page post-entry-44241'><div class='entry-content-wrapper clearfix'>\n","protected":false},"excerpt":{"rendered":"","protected":false},"author":17,"featured_media":0,"parent":0,"menu_order":23,"comment_status":"closed","ping_status":"closed","template":"","meta":{"footnotes":"","_links_to":"","_links_to_target":""},"class_list":["post-44241","page","type-page","status-publish","hentry"],"yoast_head":"<!-- This site is optimized with the Yoast SEO plugin v27.4 - https:\/\/yoast.com\/product\/yoast-seo-wordpress\/ -->\n<title>Avalanche Check - Schweizer Bergf\u00fchrerverband SBV-ASGM<\/title>\n<meta name=\"robots\" content=\"index, follow, max-snippet:-1, max-image-preview:large, max-video-preview:-1\" \/>\n<link rel=\"canonical\" href=\"https:\/\/sbv-asgm.ch\/fr\/avalanche-check\/\" \/>\n<meta property=\"og:locale\" content=\"fr_FR\" \/>\n<meta property=\"og:type\" content=\"article\" \/>\n<meta property=\"og:title\" content=\"Avalanche Check - Schweizer Bergf\u00fchrerverband SBV-ASGM\" \/>\n<meta property=\"og:url\" content=\"https:\/\/sbv-asgm.ch\/fr\/avalanche-check\/\" \/>\n<meta property=\"og:site_name\" content=\"Schweizer Bergf\u00fchrerverband SBV-ASGM\" \/>\n<meta property=\"article:modified_time\" content=\"2026-03-24T15:55:37+00:00\" \/>\n<meta name=\"twitter:card\" content=\"summary_large_image\" \/>\n<meta name=\"twitter:label1\" content=\"Dur\u00e9e de lecture estim\u00e9e\" \/>\n\t<meta name=\"twitter:data1\" content=\"2 minutes\" \/>\n<script type=\"application\/ld+json\" class=\"yoast-schema-graph\">{\"@context\":\"https:\\\/\\\/schema.org\",\"@graph\":[{\"@type\":\"WebPage\",\"@id\":\"https:\\\/\\\/sbv-asgm.ch\\\/fr\\\/avalanche-check\\\/\",\"url\":\"https:\\\/\\\/sbv-asgm.ch\\\/fr\\\/avalanche-check\\\/\",\"name\":\"Avalanche Check - Schweizer Bergf\u00fchrerverband SBV-ASGM\",\"isPartOf\":{\"@id\":\"https:\\\/\\\/sbv-asgm.ch\\\/fr\\\/#website\"},\"datePublished\":\"2026-01-11T22:48:23+00:00\",\"dateModified\":\"2026-03-24T15:55:37+00:00\",\"breadcrumb\":{\"@id\":\"https:\\\/\\\/sbv-asgm.ch\\\/fr\\\/avalanche-check\\\/#breadcrumb\"},\"inLanguage\":\"fr-FR\",\"potentialAction\":[{\"@type\":\"ReadAction\",\"target\":[\"https:\\\/\\\/sbv-asgm.ch\\\/fr\\\/avalanche-check\\\/\"]}]},{\"@type\":\"BreadcrumbList\",\"@id\":\"https:\\\/\\\/sbv-asgm.ch\\\/fr\\\/avalanche-check\\\/#breadcrumb\",\"itemListElement\":[{\"@type\":\"ListItem\",\"position\":1,\"name\":\"Startseite\",\"item\":\"https:\\\/\\\/sbv-asgm.ch\\\/fr\\\/accociation-suisse-des-guides-de-montagne-sbv-asgm\\\/\"},{\"@type\":\"ListItem\",\"position\":2,\"name\":\"Avalanche Check\"}]},{\"@type\":\"WebSite\",\"@id\":\"https:\\\/\\\/sbv-asgm.ch\\\/fr\\\/#website\",\"url\":\"https:\\\/\\\/sbv-asgm.ch\\\/fr\\\/\",\"name\":\"Schweizer Bergf\u00fchrerverband SBV-ASGM\",\"description\":\"Bergf\u00fchrer, Wanderleiter, Kletterlehrer, H\u00f6henarbeiter\",\"publisher\":{\"@id\":\"https:\\\/\\\/sbv-asgm.ch\\\/fr\\\/#organization\"},\"potentialAction\":[{\"@type\":\"SearchAction\",\"target\":{\"@type\":\"EntryPoint\",\"urlTemplate\":\"https:\\\/\\\/sbv-asgm.ch\\\/fr\\\/?s={search_term_string}\"},\"query-input\":{\"@type\":\"PropertyValueSpecification\",\"valueRequired\":true,\"valueName\":\"search_term_string\"}}],\"inLanguage\":\"fr-FR\"},{\"@type\":\"Organization\",\"@id\":\"https:\\\/\\\/sbv-asgm.ch\\\/fr\\\/#organization\",\"name\":\"Schweizer Bergf\u00fchrerverband SBV-ASGM\",\"alternateName\":\"SBV-ASGM\",\"url\":\"https:\\\/\\\/sbv-asgm.ch\\\/fr\\\/\",\"logo\":{\"@type\":\"ImageObject\",\"inLanguage\":\"fr-FR\",\"@id\":\"https:\\\/\\\/sbv-asgm.ch\\\/fr\\\/#\\\/schema\\\/logo\\\/image\\\/\",\"url\":\"https:\\\/\\\/sbv-asgm.ch\\\/wp-content\\\/uploads\\\/logo-sbv-asgm.png\",\"contentUrl\":\"https:\\\/\\\/sbv-asgm.ch\\\/wp-content\\\/uploads\\\/logo-sbv-asgm.png\",\"width\":400,\"height\":130,\"caption\":\"Schweizer Bergf\u00fchrerverband SBV-ASGM\"},\"image\":{\"@id\":\"https:\\\/\\\/sbv-asgm.ch\\\/fr\\\/#\\\/schema\\\/logo\\\/image\\\/\"}}]}<\/script>\n<!-- \/ Yoast SEO plugin. -->","yoast_head_json":{"title":"Avalanche Check - Schweizer Bergf\u00fchrerverband SBV-ASGM","robots":{"index":"index","follow":"follow","max-snippet":"max-snippet:-1","max-image-preview":"max-image-preview:large","max-video-preview":"max-video-preview:-1"},"canonical":"https:\/\/sbv-asgm.ch\/fr\/avalanche-check\/","og_locale":"fr_FR","og_type":"article","og_title":"Avalanche Check - Schweizer Bergf\u00fchrerverband SBV-ASGM","og_url":"https:\/\/sbv-asgm.ch\/fr\/avalanche-check\/","og_site_name":"Schweizer Bergf\u00fchrerverband SBV-ASGM","article_modified_time":"2026-03-24T15:55:37+00:00","twitter_card":"summary_large_image","twitter_misc":{"Dur\u00e9e de lecture estim\u00e9e":"2 minutes"},"schema":{"@context":"https:\/\/schema.org","@graph":[{"@type":"WebPage","@id":"https:\/\/sbv-asgm.ch\/fr\/avalanche-check\/","url":"https:\/\/sbv-asgm.ch\/fr\/avalanche-check\/","name":"Avalanche Check - Schweizer Bergf\u00fchrerverband SBV-ASGM","isPartOf":{"@id":"https:\/\/sbv-asgm.ch\/fr\/#website"},"datePublished":"2026-01-11T22:48:23+00:00","dateModified":"2026-03-24T15:55:37+00:00","breadcrumb":{"@id":"https:\/\/sbv-asgm.ch\/fr\/avalanche-check\/#breadcrumb"},"inLanguage":"fr-FR","potentialAction":[{"@type":"ReadAction","target":["https:\/\/sbv-asgm.ch\/fr\/avalanche-check\/"]}]},{"@type":"BreadcrumbList","@id":"https:\/\/sbv-asgm.ch\/fr\/avalanche-check\/#breadcrumb","itemListElement":[{"@type":"ListItem","position":1,"name":"Startseite","item":"https:\/\/sbv-asgm.ch\/fr\/accociation-suisse-des-guides-de-montagne-sbv-asgm\/"},{"@type":"ListItem","position":2,"name":"Avalanche Check"}]},{"@type":"WebSite","@id":"https:\/\/sbv-asgm.ch\/fr\/#website","url":"https:\/\/sbv-asgm.ch\/fr\/","name":"Schweizer Bergf\u00fchrerverband SBV-ASGM","description":"Bergf\u00fchrer, Wanderleiter, Kletterlehrer, H\u00f6henarbeiter","publisher":{"@id":"https:\/\/sbv-asgm.ch\/fr\/#organization"},"potentialAction":[{"@type":"SearchAction","target":{"@type":"EntryPoint","urlTemplate":"https:\/\/sbv-asgm.ch\/fr\/?s={search_term_string}"},"query-input":{"@type":"PropertyValueSpecification","valueRequired":true,"valueName":"search_term_string"}}],"inLanguage":"fr-FR"},{"@type":"Organization","@id":"https:\/\/sbv-asgm.ch\/fr\/#organization","name":"Schweizer Bergf\u00fchrerverband SBV-ASGM","alternateName":"SBV-ASGM","url":"https:\/\/sbv-asgm.ch\/fr\/","logo":{"@type":"ImageObject","inLanguage":"fr-FR","@id":"https:\/\/sbv-asgm.ch\/fr\/#\/schema\/logo\/image\/","url":"https:\/\/sbv-asgm.ch\/wp-content\/uploads\/logo-sbv-asgm.png","contentUrl":"https:\/\/sbv-asgm.ch\/wp-content\/uploads\/logo-sbv-asgm.png","width":400,"height":130,"caption":"Schweizer Bergf\u00fchrerverband SBV-ASGM"},"image":{"@id":"https:\/\/sbv-asgm.ch\/fr\/#\/schema\/logo\/image\/"}}]}},"publishpress_future_action":{"enabled":false,"date":"2026-05-01 13:39:01","action":"change-status","newStatus":"draft","terms":[],"taxonomy":"translation_priority","extraData":[]},"publishpress_future_workflow_manual_trigger":{"enabledWorkflows":[]},"_links":{"self":[{"href":"https:\/\/sbv-asgm.ch\/fr\/wp-json\/wp\/v2\/pages\/44241","targetHints":{"allow":["GET"]}}],"collection":[{"href":"https:\/\/sbv-asgm.ch\/fr\/wp-json\/wp\/v2\/pages"}],"about":[{"href":"https:\/\/sbv-asgm.ch\/fr\/wp-json\/wp\/v2\/types\/page"}],"author":[{"embeddable":true,"href":"https:\/\/sbv-asgm.ch\/fr\/wp-json\/wp\/v2\/users\/17"}],"replies":[{"embeddable":true,"href":"https:\/\/sbv-asgm.ch\/fr\/wp-json\/wp\/v2\/comments?post=44241"}],"version-history":[{"count":9,"href":"https:\/\/sbv-asgm.ch\/fr\/wp-json\/wp\/v2\/pages\/44241\/revisions"}],"predecessor-version":[{"id":44254,"href":"https:\/\/sbv-asgm.ch\/fr\/wp-json\/wp\/v2\/pages\/44241\/revisions\/44254"}],"wp:attachment":[{"href":"https:\/\/sbv-asgm.ch\/fr\/wp-json\/wp\/v2\/media?parent=44241"}],"curies":[{"name":"wp","href":"https:\/\/api.w.org\/{rel}","templated":true}]}}