{"id":44418,"date":"2025-11-24T13:19:47","date_gmt":"2025-11-24T12:19:47","guid":{"rendered":"https:\/\/sbv-asgm.ch\/?page_id=44418"},"modified":"2026-03-30T11:21:19","modified_gmt":"2026-03-30T09:21:19","slug":"canyoning-guide-asgm","status":"publish","type":"page","link":"https:\/\/sbv-asgm.ch\/fr\/canyoning-guide-asgm\/","title":{"rendered":"Canyoning Guide ASGM"},"content":{"rendered":"<div id='av_section_1'  class='avia-section av-1mlm3me-270611e0f4ccd87cac5dc6ff4eab4f29 main_color avia-section-default avia-no-border-styling  avia-builder-el-0  avia-builder-el-no-sibling  avia-bg-style-scroll container_wrap sidebar_right'  ><div class='container av-section-cont-open' ><main  role=\"main\" itemprop=\"mainContentOfPage\"  class='template-page content  av-content-small alpha units'><div class='post-entry post-entry-type-page post-entry-44418'><div class='entry-content-wrapper clearfix'>\n\n<style type=\"text\/css\" data-created_by=\"avia_inline_auto\" id=\"style-css-av-mid3tbdy-fad5d4ff8e5e1bc8c120420dfe48be0c\">\n#top .av-special-heading.av-mid3tbdy-fad5d4ff8e5e1bc8c120420dfe48be0c{\npadding-bottom:10px;\n}\nbody .av-special-heading.av-mid3tbdy-fad5d4ff8e5e1bc8c120420dfe48be0c .av-special-heading-tag .heading-char{\nfont-size:25px;\n}\n.av-special-heading.av-mid3tbdy-fad5d4ff8e5e1bc8c120420dfe48be0c .av-subheading{\nfont-size:15px;\n}\n<\/style>\n<div  class='av-special-heading av-mid3tbdy-fad5d4ff8e5e1bc8c120420dfe48be0c av-special-heading-h1 blockquote modern-quote  avia-builder-el-1  el_before_av_three_fifth  avia-builder-el-first '><h1 class='av-special-heading-tag '  itemprop=\"headline\"  >Canyoning Guide ASGM<\/h1><div class='av-subheading av-subheading_below'><p>Formation additionelles pour les guides de montagne et les aspirants<\/p>\n<\/div><div class=\"special-heading-border\"><div class=\"special-heading-inner-border\"><\/div><\/div><\/div>\n<div  class='flex_column av-128ahti-be57f5286c262198fd99718984420ab6 av_three_fifth  avia-builder-el-2  el_after_av_heading  el_before_av_two_fifth  first av-break-at-tablet flex_column_div  '     ><p><section  class='av_textblock_section av-mid3y7ub-0fc4cf0053c80df788cf614d7dd06c80 '   itemscope=\"itemscope\" itemtype=\"https:\/\/schema.org\/CreativeWork\" ><div class='avia_textblock'  itemprop=\"text\" ><p>L\u2019Association suisse des guides de montagne propose un cours de base ainsi que des cours de formation continue pour l\u2019encadrement commercial de courses de canyoning. Les points forts portent sur la gestion des cordes sp\u00e9cifique au canyoning ainsi que sur la nage en eaux vives.<\/p>\n<p>Le cours de base est exclusivement r\u00e9serv\u00e9 aux guides de montagne et aux aspirant\u00b7e\u00b7s guides. Les cours de formation continue sont ouverts uniquement aux personnes ayant suivi le cours de base.<\/p>\n<\/div><\/section><br \/>\n<div  class='togglecontainer av-mmrmqix6-a407c9569873885d5205afa35d8b3212  avia-builder-el-4  el_after_av_textblock  avia-builder-el-last ' >\n<section class='av_toggle_section av-mmrml20r-6b995a5c9406b087611bdbd3b27886f8'  itemscope=\"itemscope\" itemtype=\"https:\/\/schema.org\/CreativeWork\" ><div role=\"tablist\" class=\"single_toggle\" data-tags=\"{Tout} \"  ><p id='toggle-toggle-id-1' data-fake-id='#toggle-id-1' class='toggler  activeTitle av-title-above '  itemprop=\"headline\"  role='tab' tabindex='0' aria-controls='toggle-id-1' data-slide-speed=\"200\" data-title=\"Cours actuels\" data-title-open=\"\" data-aria_collapsed=\"Cliquez pour \u00e9tendre : Cours actuels\" data-aria_expanded=\"Cliquez pour r\u00e9duire : Cours actuels\">Cours actuels<span class=\"toggle_icon\"><span class=\"vert_icon\"><\/span><span class=\"hor_icon\"><\/span><\/span><\/p><div id='toggle-id-1' aria-labelledby='toggle-toggle-id-1' role='region' class='toggle_wrap  active_tc av-title-above' style='display:block;' ><div class='toggle_content invers-color '  itemprop=\"text\" ><ul class=\"ecs-event-list\"><li class=\"ecs-event canyoning-asgm_ecs_category\"><h4 class=\"entry-title summary\"><a href=\"https:\/\/sbv-asgm.ch\/fr\/kurs\/cours-de-base-de-canyoning-2026-27-partie-2\/\" rel=\"bookmark\">Cours de base de canyoning 2026\/27 Partie 2<\/a><\/h4><span class=\"duration time\"><span class=\"tribe-event-date-start\">mer 16.06.2027<\/span> - <span class=\"tribe-event-date-end\">ven 18.06.2027<\/span><\/span><\/li><\/ul><script type=\"application\/ld+json\">\r\n[{\"@context\":\"http:\/\/schema.org\",\"@type\":\"Event\",\"name\":\"Cours de base de canyoning 2026\/27 Partie 2\",\"description\":\"&lt;p&gt;D\\u00e9tails de la formation et informations d\\u2019inscription \\u00e0 suivre.&lt;\/p&gt;\\\\n\",\"url\":\"https:\/\/sbv-asgm.ch\/fr\/kurs\/cours-de-base-de-canyoning-2026-27-partie-2\/\",\"eventAttendanceMode\":\"https:\/\/schema.org\/OfflineEventAttendanceMode\",\"eventStatus\":\"https:\/\/schema.org\/EventScheduled\",\"startDate\":\"2027-06-16T00:00:00+02:00\",\"endDate\":\"2027-06-18T23:59:59+02:00\",\"organizer\":{\"@type\":\"Person\",\"name\":\"Association suisse des guides de montagne\",\"description\":\"\",\"url\":\"\",\"telephone\":\"+41 31 370 18 78\",\"email\":\"&#97;&#117;s&#98;&#105;&#108;d&#117;&#110;&#103;&#64;&#115;&#98;v-as&#103;&#109;&#46;c&#104;\",\"sameAs\":\"\"},\"performer\":\"Organization\"}]\r\n<\/script><!--\n Event listing powered by The Events Calendar Shortcode\n https:\/\/eventcalendarnewsletter.com\/the-events-calendar-shortcode\/ \n-->\n<\/div><\/div><\/div><\/section>\n<section class='av_toggle_section av-mmrmo4j5-2a70b8ad0e47cc762478680eb0b5b1c1'  itemscope=\"itemscope\" itemtype=\"https:\/\/schema.org\/CreativeWork\" ><div role=\"tablist\" class=\"single_toggle\" data-tags=\"{Tout} \"  ><p id='toggle-toggle-id-2' data-fake-id='#toggle-id-2' class='toggler  av-title-above '  itemprop=\"headline\"  role='tab' tabindex='0' aria-controls='toggle-id-2' data-slide-speed=\"200\" data-title=\"Structure de la formation\" data-title-open=\"\" data-aria_collapsed=\"Cliquez pour \u00e9tendre : Structure de la formation\" data-aria_expanded=\"Cliquez pour r\u00e9duire : Structure de la formation\">Structure de la formation<span class=\"toggle_icon\"><span class=\"vert_icon\"><\/span><span class=\"hor_icon\"><\/span><\/span><\/p><div id='toggle-id-2' aria-labelledby='toggle-toggle-id-2' role='region' class='toggle_wrap  av-title-above'  ><div class='toggle_content invers-color '  itemprop=\"text\" ><p><a href=\"https:\/\/sbv-asgm.ch\/wp-content\/uploads\/D_d_Struktur_Canyoningausbildung-SBV-IVBV_2022.pdf\" target=\"_blank\" rel=\"noopener\">Infosheet Structure de la formation de guide de canyoning ASGM<\/a><\/p>\n<\/div><\/div><\/div><\/section>\n<section class='av_toggle_section av-mmrmo4j5-1-1d5f66b489a1e21ddf157774a8ac02a4'  itemscope=\"itemscope\" itemtype=\"https:\/\/schema.org\/CreativeWork\" ><div role=\"tablist\" class=\"single_toggle\" data-tags=\"{Tout} \"  ><p id='toggle-toggle-id-3' data-fake-id='#toggle-id-3' class='toggler  av-title-above '  itemprop=\"headline\"  role='tab' tabindex='0' aria-controls='toggle-id-3' data-slide-speed=\"200\" data-title=\"Location d\u2019\u00e9quipement\" data-title-open=\"\" data-aria_collapsed=\"Cliquez pour \u00e9tendre : Location d\u2019\u00e9quipement\" data-aria_expanded=\"Cliquez pour r\u00e9duire : Location d\u2019\u00e9quipement\">Location d\u2019\u00e9quipement<span class=\"toggle_icon\"><span class=\"vert_icon\"><\/span><span class=\"hor_icon\"><\/span><\/span><\/p><div id='toggle-id-3' aria-labelledby='toggle-toggle-id-3' role='region' class='toggle_wrap  av-title-above'  ><div class='toggle_content invers-color '  itemprop=\"text\" ><p><a href=\"https:\/\/sbv-asgm.ch\/wp-content\/uploads\/D_Moeglichkeit_Ausruestung-zu-mieten_20220407.pdf\" target=\"_blank\" rel=\"noopener\">Liste des prestataires<\/a><\/p>\n<\/div><\/div><\/div><\/section>\n<\/div><\/p><\/div><div  class='flex_column av-u6p96e-6313d68762d6ce27abd276acc42cc9ea av_two_fifth av-break-at-tablet flex_column_div  '     ><style type=\"text\/css\" data-created_by=\"avia_inline_auto\" id=\"style-css-av-mid46ob0-9b05da8c6f6c0c8c3824cdc304bb86b1\">\n.avia-video.av-mid46ob0-9b05da8c6f6c0c8c3824cdc304bb86b1{\nbackground-image:url(https:\/\/sbv-asgm.ch\/wp-content\/uploads\/Canyoning_Seil.jpg);\n}\n<\/style>\n<div  class='avia-video av-mid46ob0-9b05da8c6f6c0c8c3824cdc304bb86b1 avia-video-16-9 av-preview-image avia-video-lightbox av-lazyload-video-embed avia-video-external-service'  itemprop=\"video\" itemtype=\"https:\/\/schema.org\/VideoObject\"  data-original_url='https:\/\/www.youtube.com\/watch?v=wBGZT_C8IMU&amp;t=6s&autoplay=1&allow=\u201cautoplay\u201d'><script type='text\/html' class='av-video-tmpl'><a href='https:\/\/www.youtube.com\/watch?v=wBGZT_C8IMU&amp;t=6s&autoplay=1&allow=\u201cautoplay\u201d' class='mfp-iframe lightbox-link' data-custom_class='avia-mfp-is-video avia-mfp-video-16-9  '><\/a><\/script><div class=\"av-click-to-play-overlay play-lightbox\"><div class=\"avia_playpause_icon\"><\/div><\/div><\/div><\/div><\/div><\/div><\/main><!-- close content main element --><\/div><\/div><div id='after_section_1'  class='main_color av_default_container_wrap container_wrap sidebar_right'  ><div class='container av-section-cont-open' ><div class='template-page content  av-content-small alpha units'><div class='post-entry post-entry-type-page post-entry-44418'><div class='entry-content-wrapper clearfix'>\n","protected":false},"excerpt":{"rendered":"","protected":false},"author":17,"featured_media":0,"parent":0,"menu_order":29,"comment_status":"closed","ping_status":"closed","template":"","meta":{"footnotes":"","_links_to":"","_links_to_target":""},"class_list":["post-44418","page","type-page","status-publish","hentry","cat_canyoning-asgm"],"yoast_head":"<!-- This site is optimized with the Yoast SEO plugin v27.4 - https:\/\/yoast.com\/product\/yoast-seo-wordpress\/ -->\n<title>Canyoning Guide ASGM - Schweizer Bergf\u00fchrerverband SBV-ASGM<\/title>\n<meta name=\"robots\" content=\"index, follow, max-snippet:-1, max-image-preview:large, max-video-preview:-1\" \/>\n<link rel=\"canonical\" href=\"https:\/\/sbv-asgm.ch\/fr\/canyoning-guide-asgm\/\" \/>\n<meta property=\"og:locale\" content=\"fr_FR\" \/>\n<meta property=\"og:type\" content=\"article\" \/>\n<meta property=\"og:title\" content=\"Canyoning Guide ASGM - Schweizer Bergf\u00fchrerverband SBV-ASGM\" \/>\n<meta property=\"og:url\" content=\"https:\/\/sbv-asgm.ch\/fr\/canyoning-guide-asgm\/\" \/>\n<meta property=\"og:site_name\" content=\"Schweizer Bergf\u00fchrerverband SBV-ASGM\" \/>\n<meta property=\"article:modified_time\" content=\"2026-03-30T09:21:19+00:00\" \/>\n<meta name=\"twitter:card\" content=\"summary_large_image\" \/>\n<meta name=\"twitter:label1\" content=\"Dur\u00e9e de lecture estim\u00e9e\" \/>\n\t<meta name=\"twitter:data1\" content=\"1 minute\" \/>\n<script type=\"application\/ld+json\" class=\"yoast-schema-graph\">{\"@context\":\"https:\\\/\\\/schema.org\",\"@graph\":[{\"@type\":\"WebPage\",\"@id\":\"https:\\\/\\\/sbv-asgm.ch\\\/fr\\\/canyoning-guide-asgm\\\/\",\"url\":\"https:\\\/\\\/sbv-asgm.ch\\\/fr\\\/canyoning-guide-asgm\\\/\",\"name\":\"Canyoning Guide ASGM - Schweizer Bergf\u00fchrerverband SBV-ASGM\",\"isPartOf\":{\"@id\":\"https:\\\/\\\/sbv-asgm.ch\\\/fr\\\/#website\"},\"datePublished\":\"2025-11-24T12:19:47+00:00\",\"dateModified\":\"2026-03-30T09:21:19+00:00\",\"breadcrumb\":{\"@id\":\"https:\\\/\\\/sbv-asgm.ch\\\/fr\\\/canyoning-guide-asgm\\\/#breadcrumb\"},\"inLanguage\":\"fr-FR\",\"potentialAction\":[{\"@type\":\"ReadAction\",\"target\":[\"https:\\\/\\\/sbv-asgm.ch\\\/fr\\\/canyoning-guide-asgm\\\/\"]}]},{\"@type\":\"BreadcrumbList\",\"@id\":\"https:\\\/\\\/sbv-asgm.ch\\\/fr\\\/canyoning-guide-asgm\\\/#breadcrumb\",\"itemListElement\":[{\"@type\":\"ListItem\",\"position\":1,\"name\":\"Startseite\",\"item\":\"https:\\\/\\\/sbv-asgm.ch\\\/fr\\\/accociation-suisse-des-guides-de-montagne-sbv-asgm\\\/\"},{\"@type\":\"ListItem\",\"position\":2,\"name\":\"Canyoning Guide ASGM\"}]},{\"@type\":\"WebSite\",\"@id\":\"https:\\\/\\\/sbv-asgm.ch\\\/fr\\\/#website\",\"url\":\"https:\\\/\\\/sbv-asgm.ch\\\/fr\\\/\",\"name\":\"Schweizer Bergf\u00fchrerverband SBV-ASGM\",\"description\":\"Bergf\u00fchrer, Wanderleiter, Kletterlehrer, H\u00f6henarbeiter\",\"publisher\":{\"@id\":\"https:\\\/\\\/sbv-asgm.ch\\\/fr\\\/#organization\"},\"potentialAction\":[{\"@type\":\"SearchAction\",\"target\":{\"@type\":\"EntryPoint\",\"urlTemplate\":\"https:\\\/\\\/sbv-asgm.ch\\\/fr\\\/?s={search_term_string}\"},\"query-input\":{\"@type\":\"PropertyValueSpecification\",\"valueRequired\":true,\"valueName\":\"search_term_string\"}}],\"inLanguage\":\"fr-FR\"},{\"@type\":\"Organization\",\"@id\":\"https:\\\/\\\/sbv-asgm.ch\\\/fr\\\/#organization\",\"name\":\"Schweizer Bergf\u00fchrerverband SBV-ASGM\",\"alternateName\":\"SBV-ASGM\",\"url\":\"https:\\\/\\\/sbv-asgm.ch\\\/fr\\\/\",\"logo\":{\"@type\":\"ImageObject\",\"inLanguage\":\"fr-FR\",\"@id\":\"https:\\\/\\\/sbv-asgm.ch\\\/fr\\\/#\\\/schema\\\/logo\\\/image\\\/\",\"url\":\"https:\\\/\\\/sbv-asgm.ch\\\/wp-content\\\/uploads\\\/logo-sbv-asgm.png\",\"contentUrl\":\"https:\\\/\\\/sbv-asgm.ch\\\/wp-content\\\/uploads\\\/logo-sbv-asgm.png\",\"width\":400,\"height\":130,\"caption\":\"Schweizer Bergf\u00fchrerverband SBV-ASGM\"},\"image\":{\"@id\":\"https:\\\/\\\/sbv-asgm.ch\\\/fr\\\/#\\\/schema\\\/logo\\\/image\\\/\"}}]}<\/script>\n<!-- \/ Yoast SEO plugin. -->","yoast_head_json":{"title":"Canyoning Guide ASGM - Schweizer Bergf\u00fchrerverband SBV-ASGM","robots":{"index":"index","follow":"follow","max-snippet":"max-snippet:-1","max-image-preview":"max-image-preview:large","max-video-preview":"max-video-preview:-1"},"canonical":"https:\/\/sbv-asgm.ch\/fr\/canyoning-guide-asgm\/","og_locale":"fr_FR","og_type":"article","og_title":"Canyoning Guide ASGM - Schweizer Bergf\u00fchrerverband SBV-ASGM","og_url":"https:\/\/sbv-asgm.ch\/fr\/canyoning-guide-asgm\/","og_site_name":"Schweizer Bergf\u00fchrerverband SBV-ASGM","article_modified_time":"2026-03-30T09:21:19+00:00","twitter_card":"summary_large_image","twitter_misc":{"Dur\u00e9e de lecture estim\u00e9e":"1 minute"},"schema":{"@context":"https:\/\/schema.org","@graph":[{"@type":"WebPage","@id":"https:\/\/sbv-asgm.ch\/fr\/canyoning-guide-asgm\/","url":"https:\/\/sbv-asgm.ch\/fr\/canyoning-guide-asgm\/","name":"Canyoning Guide ASGM - Schweizer Bergf\u00fchrerverband SBV-ASGM","isPartOf":{"@id":"https:\/\/sbv-asgm.ch\/fr\/#website"},"datePublished":"2025-11-24T12:19:47+00:00","dateModified":"2026-03-30T09:21:19+00:00","breadcrumb":{"@id":"https:\/\/sbv-asgm.ch\/fr\/canyoning-guide-asgm\/#breadcrumb"},"inLanguage":"fr-FR","potentialAction":[{"@type":"ReadAction","target":["https:\/\/sbv-asgm.ch\/fr\/canyoning-guide-asgm\/"]}]},{"@type":"BreadcrumbList","@id":"https:\/\/sbv-asgm.ch\/fr\/canyoning-guide-asgm\/#breadcrumb","itemListElement":[{"@type":"ListItem","position":1,"name":"Startseite","item":"https:\/\/sbv-asgm.ch\/fr\/accociation-suisse-des-guides-de-montagne-sbv-asgm\/"},{"@type":"ListItem","position":2,"name":"Canyoning Guide ASGM"}]},{"@type":"WebSite","@id":"https:\/\/sbv-asgm.ch\/fr\/#website","url":"https:\/\/sbv-asgm.ch\/fr\/","name":"Schweizer Bergf\u00fchrerverband SBV-ASGM","description":"Bergf\u00fchrer, Wanderleiter, Kletterlehrer, H\u00f6henarbeiter","publisher":{"@id":"https:\/\/sbv-asgm.ch\/fr\/#organization"},"potentialAction":[{"@type":"SearchAction","target":{"@type":"EntryPoint","urlTemplate":"https:\/\/sbv-asgm.ch\/fr\/?s={search_term_string}"},"query-input":{"@type":"PropertyValueSpecification","valueRequired":true,"valueName":"search_term_string"}}],"inLanguage":"fr-FR"},{"@type":"Organization","@id":"https:\/\/sbv-asgm.ch\/fr\/#organization","name":"Schweizer Bergf\u00fchrerverband SBV-ASGM","alternateName":"SBV-ASGM","url":"https:\/\/sbv-asgm.ch\/fr\/","logo":{"@type":"ImageObject","inLanguage":"fr-FR","@id":"https:\/\/sbv-asgm.ch\/fr\/#\/schema\/logo\/image\/","url":"https:\/\/sbv-asgm.ch\/wp-content\/uploads\/logo-sbv-asgm.png","contentUrl":"https:\/\/sbv-asgm.ch\/wp-content\/uploads\/logo-sbv-asgm.png","width":400,"height":130,"caption":"Schweizer Bergf\u00fchrerverband SBV-ASGM"},"image":{"@id":"https:\/\/sbv-asgm.ch\/fr\/#\/schema\/logo\/image\/"}}]}},"publishpress_future_action":{"enabled":false,"date":"2026-05-01 13:39:08","action":"change-status","newStatus":"draft","terms":[],"taxonomy":"translation_priority","extraData":[]},"publishpress_future_workflow_manual_trigger":{"enabledWorkflows":[]},"_links":{"self":[{"href":"https:\/\/sbv-asgm.ch\/fr\/wp-json\/wp\/v2\/pages\/44418","targetHints":{"allow":["GET"]}}],"collection":[{"href":"https:\/\/sbv-asgm.ch\/fr\/wp-json\/wp\/v2\/pages"}],"about":[{"href":"https:\/\/sbv-asgm.ch\/fr\/wp-json\/wp\/v2\/types\/page"}],"author":[{"embeddable":true,"href":"https:\/\/sbv-asgm.ch\/fr\/wp-json\/wp\/v2\/users\/17"}],"replies":[{"embeddable":true,"href":"https:\/\/sbv-asgm.ch\/fr\/wp-json\/wp\/v2\/comments?post=44418"}],"version-history":[{"count":6,"href":"https:\/\/sbv-asgm.ch\/fr\/wp-json\/wp\/v2\/pages\/44418\/revisions"}],"predecessor-version":[{"id":44671,"href":"https:\/\/sbv-asgm.ch\/fr\/wp-json\/wp\/v2\/pages\/44418\/revisions\/44671"}],"wp:attachment":[{"href":"https:\/\/sbv-asgm.ch\/fr\/wp-json\/wp\/v2\/media?parent=44418"}],"curies":[{"name":"wp","href":"https:\/\/api.w.org\/{rel}","templated":true}]}}