{"id":5704,"date":"2018-11-15T07:46:17","date_gmt":"2018-11-15T06:46:17","guid":{"rendered":"https:\/\/sbv-asgm.ch\/?page_id=5704"},"modified":"2023-10-31T10:43:56","modified_gmt":"2023-10-31T09:43:56","slug":"declaration-de-confidentialite","status":"publish","type":"page","link":"https:\/\/sbv-asgm.ch\/fr\/declaration-de-confidentialite\/","title":{"rendered":"D\u00e9claration de confidentialit\u00e9"},"content":{"rendered":"<div id='grid-top'  class='av-layout-grid-container av-jlkld06b-2312b7cdc114b9f52da6688e90ca0a55 entry-content-wrapper main_color av-flex-cells av-break-at-tablet  avia-builder-el-0  el_before_av_section  avia-builder-el-first   container_wrap sidebar_right'  >\n\n<style type=\"text\/css\" data-created_by=\"avia_inline_auto\" id=\"style-css-av-jkzq5-af0f97fdba31cafe86d4682dc04c2e01\">\n.flex_cell.av-jkzq5-af0f97fdba31cafe86d4682dc04c2e01{\nvertical-align:middle;\n}\n.responsive #top #wrap_all .flex_cell.av-jkzq5-af0f97fdba31cafe86d4682dc04c2e01{\npadding:0px 0px 0px 0px !important;\n}\n<\/style>\n<div class='flex_cell av-jkzq5-af0f97fdba31cafe86d4682dc04c2e01 av-gridrow-cell av_two_third no_margin  avia-builder-el-1  el_before_av_cell_one_third  avia-builder-el-first  content-align-middle av-zero-padding'  ><div class='flex_cell_inner'><div  class='avia-slideshow av-k4q180nw-6373d33ed104be88ce30a64d38c9daef avia-slideshow-no scaling av_slideshow avia-slide-slider  avia-builder-el-2  avia-builder-el-no-sibling  grid-top-slider av-slideshow-ui av-control-default av-slideshow-manual av-loop-once av-loop-manual-endless av-default-height-applied avia-slideshow-1' data-slideshow-options=\"{&quot;animation&quot;:&quot;slide&quot;,&quot;autoplay&quot;:false,&quot;loop_autoplay&quot;:&quot;once&quot;,&quot;interval&quot;:5,&quot;loop_manual&quot;:&quot;manual-endless&quot;,&quot;autoplay_stopper&quot;:false,&quot;noNavigation&quot;:false,&quot;bg_slider&quot;:false,&quot;keep_padding&quot;:false,&quot;hoverpause&quot;:false,&quot;show_slide_delay&quot;:0}\"  itemprop=\"image\" itemscope=\"itemscope\" itemtype=\"https:\/\/schema.org\/ImageObject\" ><ul class='avia-slideshow-inner ' style='padding-bottom: 48.636363636364%;'><li  class='avia-slideshow-slide av-k4q180nw-6373d33ed104be88ce30a64d38c9daef__0  av-single-slide slide-1 slide-odd'><div data-rel='slideshow-1' class='avia-slide-wrap '   ><img decoding=\"async\" fetchpriority=\"high\" class=\"wp-image-13938 avia-img-lazy-loading-not-13938\"  src=\"https:\/\/sbv-asgm.ch\/wp-content\/uploads\/datenschutzerklaerung-matterhorn-1100x535-2.jpg\" width=\"1100\" height=\"535\" title='Matterhorn (Photo Klaus Dieter von Wangenheim sur Pixabay)' alt='Matterhorn (Photo Klaus Dieter von Wangenheim sur Pixabay)'  itemprop=\"thumbnailUrl\" srcset=\"https:\/\/sbv-asgm.ch\/wp-content\/uploads\/datenschutzerklaerung-matterhorn-1100x535-2.jpg 1100w, https:\/\/sbv-asgm.ch\/wp-content\/uploads\/datenschutzerklaerung-matterhorn-1100x535-2-300x146.jpg 300w, https:\/\/sbv-asgm.ch\/wp-content\/uploads\/datenschutzerklaerung-matterhorn-1100x535-2-1030x501.jpg 1030w, https:\/\/sbv-asgm.ch\/wp-content\/uploads\/datenschutzerklaerung-matterhorn-1100x535-2-768x374.jpg 768w, https:\/\/sbv-asgm.ch\/wp-content\/uploads\/datenschutzerklaerung-matterhorn-1100x535-2-705x343.jpg 705w\" sizes=\"(max-width: 1100px) 100vw, 1100px\" \/><\/div><\/li><\/ul><\/div>\n<\/div><\/div>\n<style type=\"text\/css\" data-created_by=\"avia_inline_auto\" id=\"style-css-av-afdzh-74b55c7421c38037f510ccbb5ade4175\">\n.flex_cell.av-afdzh-74b55c7421c38037f510ccbb5ade4175{\nvertical-align:middle;\n}\n.responsive #top #wrap_all .flex_cell.av-afdzh-74b55c7421c38037f510ccbb5ade4175{\npadding:30px 30px 10px 30px !important;\n}\n<\/style>\n<div class='flex_cell av-afdzh-74b55c7421c38037f510ccbb5ade4175 av-gridrow-cell av_one_third no_margin  avia-builder-el-3  el_after_av_cell_two_third  avia-builder-el-last  grid-top-bf content-align-middle'  ><div class='flex_cell_inner'><section  class='av_textblock_section av-jlklc0tk-71c9ae695cabee779fc61d9514ce9f7c '   itemscope=\"itemscope\" itemtype=\"https:\/\/schema.org\/CreativeWork\" ><div class='avia_textblock h1-menu'  itemprop=\"text\" ><h1>D\u00e9claration de confidentialit\u00e9<\/h1>\n<\/div><\/section>\n<\/div><\/div>\n<\/div>\n<div id='haftung'  class='avia-section av-jlkqkni4-c3c5e3e62cf324b39ffe3a185a9350c8 main_color avia-section-default avia-no-border-styling  avia-builder-el-5  el_after_av_layout_row  avia-builder-el-last  avia-bg-style-scroll container_wrap sidebar_right'  ><div class='container av-section-cont-open' ><div class='template-page content  av-content-small alpha units'><div class='post-entry post-entry-type-page post-entry-5704'><div class='entry-content-wrapper clearfix'>\n\n<style type=\"text\/css\" data-created_by=\"avia_inline_auto\" id=\"style-css-av-hl10c-f1561dbc3ae2daaeaf4cc36dd59dee6a\">\n.flex_column.av-hl10c-f1561dbc3ae2daaeaf4cc36dd59dee6a{\nborder-radius:0px 0px 0px 0px;\npadding:0px 0px 0px 0px;\n}\n<\/style>\n<div  class='flex_column av-hl10c-f1561dbc3ae2daaeaf4cc36dd59dee6a av_two_third  avia-builder-el-6  el_before_av_one_third  avia-builder-el-first  first av-break-at-tablet flex_column_div av-zero-column-padding  '     ><div  class='togglecontainer av-jnj38xow-138ae3b7212b41332cb8ade3773a0b2a  avia-builder-el-7  avia-builder-el-no-sibling ' >\n<section class='av_toggle_section av-84ebaw-0143a6c8150bb19fe42c4ca469766e19'  itemscope=\"itemscope\" itemtype=\"https:\/\/schema.org\/CreativeWork\" ><div role=\"tablist\" class=\"single_toggle\" data-tags=\"{Tout} \"  ><p id='toggle-toggle-id-1' data-fake-id='#toggle-id-1' class='toggler  av-title-above '  itemprop=\"headline\"  role='tab' tabindex='0' aria-controls='toggle-id-1' data-slide-speed=\"200\" data-title=\"A. Informations sur la collecte de donn\u00e9es \u00e0 caract\u00e8re personnel\" data-title-open=\"\" data-aria_collapsed=\"Cliquez pour \u00e9tendre : A. Informations sur la collecte de donn\u00e9es \u00e0 caract\u00e8re personnel\" data-aria_expanded=\"Cliquez pour r\u00e9duire : A. Informations sur la collecte de donn\u00e9es \u00e0 caract\u00e8re personnel\">A. Informations sur la collecte de donn\u00e9es \u00e0 caract\u00e8re personnel<span class=\"toggle_icon\"><span class=\"vert_icon\"><\/span><span class=\"hor_icon\"><\/span><\/span><\/p><div id='toggle-id-1' aria-labelledby='toggle-toggle-id-1' role='region' class='toggle_wrap  av-title-above'  ><div class='toggle_content invers-color '  itemprop=\"text\" ><p><strong>1. Champ d&rsquo;application<\/strong><\/p>\n<p>Cette d\u00e9claration s&rsquo;applique aux pages Internet qui peuvent \u00eatre consult\u00e9es sur https:\/\/sbv-asgm.ch Veuillez noter que https:\/\/sbv-asgm.ch peut renvoyer \u00e0 d&rsquo;autres sites Web pour lesquels des r\u00e8gles de protection des donn\u00e9es diff\u00e9rentes peuvent s&rsquo;appliquer.<\/p>\n<p><strong>2. Personne responsable<\/strong><\/p>\n<p>Responsable du traitement est :<\/p>\n<p>Pierre Mathey<br \/>\nAssociation suisse des guides de montagne<br \/>\nMonbijoustrasse 61<br \/>\ncase postale<br \/>\n3000 Berne 14<br \/>\n+41 31 370 18 79<br \/>\npierre.mathey@4000plus.ch<br \/>\nsbv-asgm.ch<\/p>\n<p><strong>3. Transmission de donn\u00e9es \u00e0 des tiers<br \/>\n<\/strong><\/p>\n<p><strong>Principe<\/strong><\/p>\n<p>Nous pouvons \u00eatre amen\u00e9s \u00e0 recourir aux services de tiers ou d&rsquo;entreprises partenaires et \u00e0 leur confier le traitement de vos donn\u00e9es. Nous nous assurons par contrat que les tiers et les entreprises partenaires respectent les conditions de la protection des donn\u00e9es. Dans certaines circonstances, nous sommes \u00e9galement tenus de communiquer vos donn\u00e9es aux autorit\u00e9s. Nous ne transmettons vos donn\u00e9es personnelles que si :<\/p>\n<ul>\n<li>vous avez donn\u00e9 votre accord ;<\/li>\n<li>cela est n\u00e9cessaire pour l&rsquo;ex\u00e9cution du contrat ou des mesures pr\u00e9contractuelles ainsi que pour faire valoir nos droits ;<\/li>\n<li>il existe une obligation l\u00e9gale de le faire ;<\/li>\n<li>nous y avons un int\u00e9r\u00eat l\u00e9gitime et vos int\u00e9r\u00eats contraires ne pr\u00e9valent pas<\/li>\n<\/ul>\n<p><strong>Transmission \u00e0 l&rsquo;\u00e9tranger<\/strong><\/p>\n<p>Dans certaines circonstances, le traitement des contrats peut entra\u00eener la transmission de vos donn\u00e9es personnelles \u00e0 des entreprises \u00e0 l&rsquo;\u00e9tranger. Ces entreprises sont tenues de respecter la protection des donn\u00e9es dans la m\u00eame mesure que nous-m\u00eames. Le transfert peut avoir lieu dans le monde entier. Si le niveau de protection des donn\u00e9es ne correspond pas \u00e0 celui de l&rsquo;espace EEE, nous proc\u00e9dons \u00e0 une \u00e9valuation pr\u00e9alable des risques et nous nous assurons par contrat que la m\u00eame protection que dans l&rsquo;espace EEE est garantie (par exemple au moyen des nouvelles clauses contractuelles standard de la Commission europ\u00e9enne ou d&rsquo;autres mesures prescrites par la loi). Si notre \u00e9valuation des risques s&rsquo;av\u00e8re n\u00e9gative, nous prenons des mesures techniques suppl\u00e9mentaires pour prot\u00e9ger vos donn\u00e9es.<\/p>\n<\/div><\/div><\/div><\/section>\n<section class='av_toggle_section av-6e7svs-4f644af9b1ea1eaa6b7d12905a97331e'  itemscope=\"itemscope\" itemtype=\"https:\/\/schema.org\/CreativeWork\" ><div role=\"tablist\" class=\"single_toggle\" data-tags=\"{Tout} \"  ><p id='toggle-toggle-id-2' data-fake-id='#toggle-id-2' class='toggler  av-title-above '  itemprop=\"headline\"  role='tab' tabindex='0' aria-controls='toggle-id-2' data-slide-speed=\"200\" data-title=\"B. Traitement des donn\u00e9es\" data-title-open=\"\" data-aria_collapsed=\"Cliquez pour \u00e9tendre : B. Traitement des donn\u00e9es\" data-aria_expanded=\"Cliquez pour r\u00e9duire : B. Traitement des donn\u00e9es\">B. Traitement des donn\u00e9es<span class=\"toggle_icon\"><span class=\"vert_icon\"><\/span><span class=\"hor_icon\"><\/span><\/span><\/p><div id='toggle-id-2' aria-labelledby='toggle-toggle-id-2' role='region' class='toggle_wrap  av-title-above'  ><div class='toggle_content invers-color '  itemprop=\"text\" ><p><strong>1. Traitement g\u00e9n\u00e9ral des donn\u00e9es lors de la visite de notre site web<\/strong><\/p>\n<p>Si vous n&rsquo;utilisez le site Web qu&rsquo;\u00e0 des fins d&rsquo;information, c&rsquo;est-\u00e0-dire si vous ne nous fournissez aucune autre information, nous ne recueillons que les donn\u00e9es personnelles que votre navigateur transmet \u00e0 notre serveur. Lorsque ces donn\u00e9es sont stock\u00e9es, elles ne sont pas affect\u00e9es \u00e0 une personne sp\u00e9cifique. Lorsque vous consultez notre site Web, nous recueillons les renseignements suivants qui sont techniquement n\u00e9cessaires pour que nous puissions vous pr\u00e9senter notre site Web et pour assurer la stabilit\u00e9 et la s\u00e9curit\u00e9 :<\/p>\n<ul>\n<li>adresse IP<\/li>\n<li>Date et heure de la demande<\/li>\n<li>Fuseau horaire par rapport \u00e0 l&rsquo;heure de Greenwich (GMT) Fuseau horaire<\/li>\n<li>Contenu de la demande (page concr\u00e8te)<\/li>\n<li>Code d&rsquo;\u00e9tat de l&rsquo;acc\u00e8s\/de l&rsquo;\u00e9tat HTTP<\/li>\n<li>Quantit\u00e9 de donn\u00e9es transf\u00e9r\u00e9es dans chaque cas<\/li>\n<li>Page Web d&rsquo;o\u00f9 provient la demande<\/li>\n<li>Navigateur (y compris la langue et la version)<\/li>\n<li>Syst\u00e8me d&rsquo;exploitation et version du logiciel de navigation.<\/li>\n<\/ul>\n<p><strong>2. contact par email<\/strong><\/p>\n<p>Lorsque vous nous contactez par e-mail, nous enregistrons les donn\u00e9es que vous nous fournissez (votre adresse e-mail, votre nom et votre num\u00e9ro de t\u00e9l\u00e9phone le cas \u00e9ch\u00e9ant) afin de prendre rendez-vous ou de r\u00e9pondre \u00e0 vos questions. Nous effa\u00e7ons les donn\u00e9es qui en d\u00e9coulent apr\u00e8s que le stockage n&rsquo;est plus n\u00e9cessaire ou limitons le traitement si des obligations l\u00e9gales de stockage existent.<\/p>\n<p><strong>3. les cookies<\/strong><\/p>\n<p>En plus des donn\u00e9es susmentionn\u00e9es, des cookies sont stock\u00e9s sur votre ordinateur lorsque vous utilisez notre site Web. Les cookies sont de petits fichiers texte qui sont stock\u00e9s sur votre disque dur et qui sont affect\u00e9s au navigateur que vous utilisez et \u00e0 travers lesquels certaines informations sont transmises \u00e0 l&#8217;emplacement qui a plac\u00e9 le cookie (ici par nous). Les cookies ne peuvent pas ex\u00e9cuter de programmes ou transmettre des virus \u00e0 votre ordinateur. Ils servent \u00e0 rendre l&rsquo;offre Internet plus conviviale et plus efficace dans l&rsquo;ensemble.<\/p>\n<p>Notre site Web utilise les types de cookies suivants, dont la port\u00e9e et la fonction sont expliqu\u00e9es ci-dessous :<\/p>\n<p>Cookies transitoires (voir ci-dessous 3.1)<\/p>\n<p>les cookies persistants (voir 3.2 ci-dessous).<\/p>\n<p>3.1 T\u00e9moins transitoires<\/p>\n<p>Les cookies transitoires sont automatiquement supprim\u00e9s lorsque vous fermez votre navigateur. Cela inclut en particulier les cookies de session. Ils stockent un identifiant de session, qui peut \u00eatre utilis\u00e9 pour affecter diverses requ\u00eates de votre navigateur \u00e0 la session partag\u00e9e. Cela permet \u00e0 votre ordinateur d&rsquo;\u00eatre reconnu lorsque vous revenez sur notre site Web. Les cookies de session sont supprim\u00e9s lorsque vous vous d\u00e9connectez ou fermez votre navigateur.<\/p>\n<p>3.2 T\u00e9moins persistants<\/p>\n<p>Les cookies persistants sont automatiquement supprim\u00e9s apr\u00e8s une p\u00e9riode sp\u00e9cifi\u00e9e, qui peut varier en fonction du cookie. Vous pouvez supprimer les cookies dans les param\u00e8tres de s\u00e9curit\u00e9 de votre navigateur \u00e0 tout moment.<\/p>\n<p>3.3 R\u00e9glage des cookies<\/p>\n<p>Vous pouvez configurer les param\u00e8tres de votre navigateur en fonction de vos souhaits et, par exemple, refuser l&rsquo;acceptation de cookies tiers ou de tous les cookies. Nous attirons votre attention sur le fait que vous ne pourrez peut-\u00eatre pas utiliser toutes les fonctions de ce site Web.<\/p>\n<p><strong>4. Google Maps<\/strong><\/p>\n<p>Cette page utilise le service de carte Google Maps via une API. Le fournisseur est Google Inc, 1600 Amphitheatre Parkway, Mountain View, CA 94043, USA.<\/p>\n<p>Pour utiliser les fonctions de Google Maps, il est n\u00e9cessaire de stocker votre adresse IP. Ces informations sont g\u00e9n\u00e9ralement transf\u00e9r\u00e9es \u00e0 un serveur Google aux \u00c9tats-Unis et y sont stock\u00e9es. Le fournisseur de ce site n&rsquo;a aucune influence sur ce transfert de donn\u00e9es.<\/p>\n<p>L&rsquo;utilisation de Google Maps est dans l&rsquo;int\u00e9r\u00eat d&rsquo;une pr\u00e9sentation attrayante de nos offres en ligne et d&rsquo;une r\u00e9cup\u00e9ration facile des lieux indiqu\u00e9s par nous sur le site. Ceci constitue un int\u00e9r\u00eat l\u00e9gitime au sens de l&rsquo;art. 6 al. 1 lit. f DSGVO.<\/p>\n<p>Vous trouverez de plus amples informations sur la mani\u00e8re dont nous traitons les donn\u00e9es des utilisateurs dans les r\u00e8gles de confidentialit\u00e9 de Google :<br \/>\n<a href=\"https:\/\/www.google.de\/intl\/de\/policies\/privacy\/\" target=\"_blank\" rel=\"noopener\">https:\/\/www.google.de\/intl\/de\/policies\/privacy\/.<\/a><\/p>\n<\/div><\/div><\/div><\/section>\n<section class='av_toggle_section av-4rt6fs-d58607ce93626305c92254d2225ecc98'  itemscope=\"itemscope\" itemtype=\"https:\/\/schema.org\/CreativeWork\" ><div role=\"tablist\" class=\"single_toggle\" data-tags=\"{Tout} \"  ><p id='toggle-toggle-id-3' data-fake-id='#toggle-id-3' class='toggler  av-title-above '  itemprop=\"headline\"  role='tab' tabindex='0' aria-controls='toggle-id-3' data-slide-speed=\"200\" data-title=\"C. Vos droits\" data-title-open=\"\" data-aria_collapsed=\"Cliquez pour \u00e9tendre : C. Vos droits\" data-aria_expanded=\"Cliquez pour r\u00e9duire : C. Vos droits\">C. Vos droits<span class=\"toggle_icon\"><span class=\"vert_icon\"><\/span><span class=\"hor_icon\"><\/span><\/span><\/p><div id='toggle-id-3' aria-labelledby='toggle-toggle-id-3' role='region' class='toggle_wrap  av-title-above'  ><div class='toggle_content invers-color '  itemprop=\"text\" ><p>Vous avez le droit de r\u00e9voquer \u00e0 tout moment votre consentement \u00e0 l&rsquo;utilisation de vos donn\u00e9es personnelles et de recevoir des informations sur toutes vos donn\u00e9es personnelles que nous enregistrons, de les v\u00e9rifier, de les corriger si n\u00e9cessaire, de les bloquer ou de les faire supprimer. Veuillez contacter le bureau responsable (voir coordonn\u00e9es ci-dessus).<\/p>\n<p>Une suppression ne peut avoir lieu que si nous sommes l\u00e9galement tenus de conserver vos donn\u00e9es personnelles. Dans ce cas, les donn\u00e9es seront bloqu\u00e9es.<\/p>\n<\/div><\/div><\/div><\/section>\n<section class='av_toggle_section av-2uz96w-f9d9d498194af74d2ad6f9d728d738f4'  itemscope=\"itemscope\" itemtype=\"https:\/\/schema.org\/CreativeWork\" ><div role=\"tablist\" class=\"single_toggle\" data-tags=\"{Tout} \"  ><p id='toggle-toggle-id-4' data-fake-id='#toggle-id-4' class='toggler  av-title-above '  itemprop=\"headline\"  role='tab' tabindex='0' aria-controls='toggle-id-4' data-slide-speed=\"200\" data-title=\"D. Susceptible de changer\" data-title-open=\"\" data-aria_collapsed=\"Cliquez pour \u00e9tendre : D. Susceptible de changer\" data-aria_expanded=\"Cliquez pour r\u00e9duire : D. Susceptible de changer\">D. Susceptible de changer<span class=\"toggle_icon\"><span class=\"vert_icon\"><\/span><span class=\"hor_icon\"><\/span><\/span><\/p><div id='toggle-id-4' aria-labelledby='toggle-toggle-id-4' role='region' class='toggle_wrap  av-title-above'  ><div class='toggle_content invers-color '  itemprop=\"text\" ><p>Nous nous r\u00e9servons le droit de modifier cette d\u00e9claration \u00e0 tout moment. Elle n&rsquo;\u00e9tablit aucun droit contractuel.<\/p>\n<p><strong>Situation : Septembre 2018<\/strong><\/p>\n<\/div><\/div><\/div><\/section>\n<\/div><\/div>\n<style type=\"text\/css\" data-created_by=\"avia_inline_auto\" id=\"style-css-av-b76bg-2a9c2fb4265f151576df734a5d1870b9\">\n.flex_column.av-b76bg-2a9c2fb4265f151576df734a5d1870b9{\nborder-radius:0px 0px 0px 0px;\npadding:0px 0px 0px 0px;\n}\n<\/style>\n<div  class='flex_column av-b76bg-2a9c2fb4265f151576df734a5d1870b9 av_one_third  avia-builder-el-8  el_after_av_two_third  avia-builder-el-last  av-break-at-tablet flex_column_div av-zero-column-padding  '     ><\/div><\/div><\/div><\/div><!-- close content main div --><\/div><\/div><div id='after_section_1'  class='main_color av_default_container_wrap container_wrap sidebar_right'  ><div class='container av-section-cont-open' ><div class='template-page content  av-content-small alpha units'><div class='post-entry post-entry-type-page post-entry-5704'><div class='entry-content-wrapper clearfix'>\n","protected":false},"excerpt":{"rendered":"","protected":false},"author":17,"featured_media":0,"parent":0,"menu_order":77,"comment_status":"closed","ping_status":"closed","template":"","meta":{"_acf_changed":false,"footnotes":"","_links_to":"","_links_to_target":""},"class_list":["post-5704","page","type-page","status-publish","hentry"],"acf":[],"yoast_head":"<!-- This site is optimized with the Yoast SEO plugin v27.4 - https:\/\/yoast.com\/product\/yoast-seo-wordpress\/ -->\n<title>D\u00e9claration de confidentialit\u00e9 - Schweizer Bergf\u00fchrerverband SBV-ASGM<\/title>\n<meta name=\"robots\" content=\"index, follow, max-snippet:-1, max-image-preview:large, max-video-preview:-1\" \/>\n<link rel=\"canonical\" href=\"https:\/\/sbv-asgm.ch\/fr\/declaration-de-confidentialite\/\" \/>\n<meta property=\"og:locale\" content=\"fr_FR\" \/>\n<meta property=\"og:type\" content=\"article\" \/>\n<meta property=\"og:title\" content=\"D\u00e9claration de confidentialit\u00e9 - Schweizer Bergf\u00fchrerverband SBV-ASGM\" \/>\n<meta property=\"og:url\" content=\"https:\/\/sbv-asgm.ch\/fr\/declaration-de-confidentialite\/\" \/>\n<meta property=\"og:site_name\" content=\"Schweizer Bergf\u00fchrerverband SBV-ASGM\" \/>\n<meta property=\"article:modified_time\" content=\"2023-10-31T09:43:56+00:00\" \/>\n<meta name=\"twitter:card\" content=\"summary_large_image\" \/>\n<meta name=\"twitter:label1\" content=\"Dur\u00e9e de lecture estim\u00e9e\" \/>\n\t<meta name=\"twitter:data1\" content=\"7 minutes\" \/>\n<script type=\"application\/ld+json\" class=\"yoast-schema-graph\">{\"@context\":\"https:\\\/\\\/schema.org\",\"@graph\":[{\"@type\":\"WebPage\",\"@id\":\"https:\\\/\\\/sbv-asgm.ch\\\/fr\\\/declaration-de-confidentialite\\\/\",\"url\":\"https:\\\/\\\/sbv-asgm.ch\\\/fr\\\/declaration-de-confidentialite\\\/\",\"name\":\"D\u00e9claration de confidentialit\u00e9 - Schweizer Bergf\u00fchrerverband SBV-ASGM\",\"isPartOf\":{\"@id\":\"https:\\\/\\\/sbv-asgm.ch\\\/fr\\\/#website\"},\"datePublished\":\"2018-11-15T06:46:17+00:00\",\"dateModified\":\"2023-10-31T09:43:56+00:00\",\"breadcrumb\":{\"@id\":\"https:\\\/\\\/sbv-asgm.ch\\\/fr\\\/declaration-de-confidentialite\\\/#breadcrumb\"},\"inLanguage\":\"fr-FR\",\"potentialAction\":[{\"@type\":\"ReadAction\",\"target\":[\"https:\\\/\\\/sbv-asgm.ch\\\/fr\\\/declaration-de-confidentialite\\\/\"]}]},{\"@type\":\"BreadcrumbList\",\"@id\":\"https:\\\/\\\/sbv-asgm.ch\\\/fr\\\/declaration-de-confidentialite\\\/#breadcrumb\",\"itemListElement\":[{\"@type\":\"ListItem\",\"position\":1,\"name\":\"Startseite\",\"item\":\"https:\\\/\\\/sbv-asgm.ch\\\/fr\\\/\"},{\"@type\":\"ListItem\",\"position\":2,\"name\":\"D\u00e9claration de confidentialit\u00e9\"}]},{\"@type\":\"WebSite\",\"@id\":\"https:\\\/\\\/sbv-asgm.ch\\\/fr\\\/#website\",\"url\":\"https:\\\/\\\/sbv-asgm.ch\\\/fr\\\/\",\"name\":\"Schweizer Bergf\u00fchrerverband SBV-ASGM\",\"description\":\"Bergf\u00fchrer, Wanderleiter, Kletterlehrer, H\u00f6henarbeiter\",\"publisher\":{\"@id\":\"https:\\\/\\\/sbv-asgm.ch\\\/fr\\\/#organization\"},\"potentialAction\":[{\"@type\":\"SearchAction\",\"target\":{\"@type\":\"EntryPoint\",\"urlTemplate\":\"https:\\\/\\\/sbv-asgm.ch\\\/fr\\\/?s={search_term_string}\"},\"query-input\":{\"@type\":\"PropertyValueSpecification\",\"valueRequired\":true,\"valueName\":\"search_term_string\"}}],\"inLanguage\":\"fr-FR\"},{\"@type\":\"Organization\",\"@id\":\"https:\\\/\\\/sbv-asgm.ch\\\/fr\\\/#organization\",\"name\":\"Schweizer Bergf\u00fchrerverband SBV-ASGM\",\"alternateName\":\"SBV-ASGM\",\"url\":\"https:\\\/\\\/sbv-asgm.ch\\\/fr\\\/\",\"logo\":{\"@type\":\"ImageObject\",\"inLanguage\":\"fr-FR\",\"@id\":\"https:\\\/\\\/sbv-asgm.ch\\\/fr\\\/#\\\/schema\\\/logo\\\/image\\\/\",\"url\":\"https:\\\/\\\/sbv-asgm.ch\\\/wp-content\\\/uploads\\\/logo-sbv-asgm.png\",\"contentUrl\":\"https:\\\/\\\/sbv-asgm.ch\\\/wp-content\\\/uploads\\\/logo-sbv-asgm.png\",\"width\":400,\"height\":130,\"caption\":\"Schweizer Bergf\u00fchrerverband SBV-ASGM\"},\"image\":{\"@id\":\"https:\\\/\\\/sbv-asgm.ch\\\/fr\\\/#\\\/schema\\\/logo\\\/image\\\/\"}}]}<\/script>\n<!-- \/ Yoast SEO plugin. -->","yoast_head_json":{"title":"D\u00e9claration de confidentialit\u00e9 - Schweizer Bergf\u00fchrerverband SBV-ASGM","robots":{"index":"index","follow":"follow","max-snippet":"max-snippet:-1","max-image-preview":"max-image-preview:large","max-video-preview":"max-video-preview:-1"},"canonical":"https:\/\/sbv-asgm.ch\/fr\/declaration-de-confidentialite\/","og_locale":"fr_FR","og_type":"article","og_title":"D\u00e9claration de confidentialit\u00e9 - Schweizer Bergf\u00fchrerverband SBV-ASGM","og_url":"https:\/\/sbv-asgm.ch\/fr\/declaration-de-confidentialite\/","og_site_name":"Schweizer Bergf\u00fchrerverband SBV-ASGM","article_modified_time":"2023-10-31T09:43:56+00:00","twitter_card":"summary_large_image","twitter_misc":{"Dur\u00e9e de lecture estim\u00e9e":"7 minutes"},"schema":{"@context":"https:\/\/schema.org","@graph":[{"@type":"WebPage","@id":"https:\/\/sbv-asgm.ch\/fr\/declaration-de-confidentialite\/","url":"https:\/\/sbv-asgm.ch\/fr\/declaration-de-confidentialite\/","name":"D\u00e9claration de confidentialit\u00e9 - Schweizer Bergf\u00fchrerverband SBV-ASGM","isPartOf":{"@id":"https:\/\/sbv-asgm.ch\/fr\/#website"},"datePublished":"2018-11-15T06:46:17+00:00","dateModified":"2023-10-31T09:43:56+00:00","breadcrumb":{"@id":"https:\/\/sbv-asgm.ch\/fr\/declaration-de-confidentialite\/#breadcrumb"},"inLanguage":"fr-FR","potentialAction":[{"@type":"ReadAction","target":["https:\/\/sbv-asgm.ch\/fr\/declaration-de-confidentialite\/"]}]},{"@type":"BreadcrumbList","@id":"https:\/\/sbv-asgm.ch\/fr\/declaration-de-confidentialite\/#breadcrumb","itemListElement":[{"@type":"ListItem","position":1,"name":"Startseite","item":"https:\/\/sbv-asgm.ch\/fr\/"},{"@type":"ListItem","position":2,"name":"D\u00e9claration de confidentialit\u00e9"}]},{"@type":"WebSite","@id":"https:\/\/sbv-asgm.ch\/fr\/#website","url":"https:\/\/sbv-asgm.ch\/fr\/","name":"Schweizer Bergf\u00fchrerverband SBV-ASGM","description":"Bergf\u00fchrer, Wanderleiter, Kletterlehrer, H\u00f6henarbeiter","publisher":{"@id":"https:\/\/sbv-asgm.ch\/fr\/#organization"},"potentialAction":[{"@type":"SearchAction","target":{"@type":"EntryPoint","urlTemplate":"https:\/\/sbv-asgm.ch\/fr\/?s={search_term_string}"},"query-input":{"@type":"PropertyValueSpecification","valueRequired":true,"valueName":"search_term_string"}}],"inLanguage":"fr-FR"},{"@type":"Organization","@id":"https:\/\/sbv-asgm.ch\/fr\/#organization","name":"Schweizer Bergf\u00fchrerverband SBV-ASGM","alternateName":"SBV-ASGM","url":"https:\/\/sbv-asgm.ch\/fr\/","logo":{"@type":"ImageObject","inLanguage":"fr-FR","@id":"https:\/\/sbv-asgm.ch\/fr\/#\/schema\/logo\/image\/","url":"https:\/\/sbv-asgm.ch\/wp-content\/uploads\/logo-sbv-asgm.png","contentUrl":"https:\/\/sbv-asgm.ch\/wp-content\/uploads\/logo-sbv-asgm.png","width":400,"height":130,"caption":"Schweizer Bergf\u00fchrerverband SBV-ASGM"},"image":{"@id":"https:\/\/sbv-asgm.ch\/fr\/#\/schema\/logo\/image\/"}}]}},"publishpress_future_action":{"enabled":false,"date":"2026-04-27 14:30:17","action":"change-status","newStatus":"draft","terms":[],"taxonomy":"translation_priority","extraData":[]},"publishpress_future_workflow_manual_trigger":{"enabledWorkflows":[]},"_links":{"self":[{"href":"https:\/\/sbv-asgm.ch\/fr\/wp-json\/wp\/v2\/pages\/5704","targetHints":{"allow":["GET"]}}],"collection":[{"href":"https:\/\/sbv-asgm.ch\/fr\/wp-json\/wp\/v2\/pages"}],"about":[{"href":"https:\/\/sbv-asgm.ch\/fr\/wp-json\/wp\/v2\/types\/page"}],"author":[{"embeddable":true,"href":"https:\/\/sbv-asgm.ch\/fr\/wp-json\/wp\/v2\/users\/17"}],"replies":[{"embeddable":true,"href":"https:\/\/sbv-asgm.ch\/fr\/wp-json\/wp\/v2\/comments?post=5704"}],"version-history":[{"count":28,"href":"https:\/\/sbv-asgm.ch\/fr\/wp-json\/wp\/v2\/pages\/5704\/revisions"}],"predecessor-version":[{"id":34059,"href":"https:\/\/sbv-asgm.ch\/fr\/wp-json\/wp\/v2\/pages\/5704\/revisions\/34059"}],"wp:attachment":[{"href":"https:\/\/sbv-asgm.ch\/fr\/wp-json\/wp\/v2\/media?parent=5704"}],"curies":[{"name":"wp","href":"https:\/\/api.w.org\/{rel}","templated":true}]}}