{"id":6154,"date":"2018-09-25T14:42:46","date_gmt":"2018-09-25T12:42:46","guid":{"rendered":"https:\/\/sbv-asgm.ch\/?page_id=6154"},"modified":"2024-12-09T09:20:59","modified_gmt":"2024-12-09T08:20:59","slug":"contact","status":"publish","type":"page","link":"https:\/\/sbv-asgm.ch\/fr\/contact\/","title":{"rendered":"Contact"},"content":{"rendered":"<section  class='av_textblock_section av-av_textblock-9ee6daaf882f31bf75966532cda9493c '   itemscope=\"itemscope\" itemtype=\"https:\/\/schema.org\/CreativeWork\" ><div class='avia_textblock'  itemprop=\"text\" ><\/div><\/section>\n<\/div><\/div><\/div><!-- close content main div --><\/div><\/div><div id='grid-top'  class='av-layout-grid-container av-jlkld06b-2312b7cdc114b9f52da6688e90ca0a55 entry-content-wrapper main_color av-flex-cells av-break-at-tablet  avia-builder-el-1  el_after_av_textblock  el_before_av_textblock  grid-row-not-first  container_wrap sidebar_right'  >\n\n<style type=\"text\/css\" data-created_by=\"avia_inline_auto\" id=\"style-css-av-jkzq5-af0f97fdba31cafe86d4682dc04c2e01\">\n.flex_cell.av-jkzq5-af0f97fdba31cafe86d4682dc04c2e01{\nvertical-align:middle;\n}\n.responsive #top #wrap_all .flex_cell.av-jkzq5-af0f97fdba31cafe86d4682dc04c2e01{\npadding:0px 0px 0px 0px !important;\n}\n<\/style>\n<div class='flex_cell av-jkzq5-af0f97fdba31cafe86d4682dc04c2e01 av-gridrow-cell av_two_third no_margin  avia-builder-el-2  el_before_av_cell_one_third  avia-builder-el-first  content-align-middle av-zero-padding'  ><div class='flex_cell_inner'><div  class='avia-slideshow av-k4q17h16-30c8b901ed647e5cd13e3bf371f43227 avia-slideshow-no scaling av_slideshow avia-slide-slider  avia-builder-el-3  avia-builder-el-no-sibling  grid-top-slider av-slideshow-ui av-control-default av-slideshow-manual av-loop-once av-loop-manual-endless av-default-height-applied avia-slideshow-1' data-slideshow-options=\"{&quot;animation&quot;:&quot;slide&quot;,&quot;autoplay&quot;:false,&quot;loop_autoplay&quot;:&quot;once&quot;,&quot;interval&quot;:5,&quot;loop_manual&quot;:&quot;manual-endless&quot;,&quot;autoplay_stopper&quot;:false,&quot;noNavigation&quot;:false,&quot;bg_slider&quot;:false,&quot;keep_padding&quot;:false,&quot;hoverpause&quot;:false,&quot;show_slide_delay&quot;:0}\"  itemprop=\"image\" itemscope=\"itemscope\" itemtype=\"https:\/\/schema.org\/ImageObject\" ><ul class='avia-slideshow-inner ' style='padding-bottom: 48.636363636364%;'><li  class='avia-slideshow-slide av-k4q17h16-30c8b901ed647e5cd13e3bf371f43227__0  av-single-slide slide-1 slide-odd'><div data-rel='slideshow-1' class='avia-slide-wrap '   ><img decoding=\"async\" fetchpriority=\"high\" class=\"wp-image-14032 avia-img-lazy-loading-not-14032\"  src=\"https:\/\/sbv-asgm.ch\/wp-content\/uploads\/anton-dinkel-engelhoerner-1100x535-1.jpg\" width=\"1100\" height=\"535\" title='Engelh\u00f6rner (Photo Anton Dinkel)' alt='Engelh\u00f6rner (Photo Anton Dinkel)'  itemprop=\"thumbnailUrl\" srcset=\"https:\/\/sbv-asgm.ch\/wp-content\/uploads\/anton-dinkel-engelhoerner-1100x535-1.jpg 1100w, https:\/\/sbv-asgm.ch\/wp-content\/uploads\/anton-dinkel-engelhoerner-1100x535-1-300x146.jpg 300w, https:\/\/sbv-asgm.ch\/wp-content\/uploads\/anton-dinkel-engelhoerner-1100x535-1-1030x501.jpg 1030w, https:\/\/sbv-asgm.ch\/wp-content\/uploads\/anton-dinkel-engelhoerner-1100x535-1-768x374.jpg 768w, https:\/\/sbv-asgm.ch\/wp-content\/uploads\/anton-dinkel-engelhoerner-1100x535-1-705x343.jpg 705w\" sizes=\"(max-width: 1100px) 100vw, 1100px\" \/><\/div><\/li><\/ul><\/div>\n<\/div><\/div>\n<style type=\"text\/css\" data-created_by=\"avia_inline_auto\" id=\"style-css-av-afdzh-74b55c7421c38037f510ccbb5ade4175\">\n.flex_cell.av-afdzh-74b55c7421c38037f510ccbb5ade4175{\nvertical-align:middle;\n}\n.responsive #top #wrap_all .flex_cell.av-afdzh-74b55c7421c38037f510ccbb5ade4175{\npadding:30px 30px 10px 30px !important;\n}\n<\/style>\n<div class='flex_cell av-afdzh-74b55c7421c38037f510ccbb5ade4175 av-gridrow-cell av_one_third no_margin  avia-builder-el-4  el_after_av_cell_two_third  avia-builder-el-last  grid-top-bf content-align-middle'  ><div class='flex_cell_inner'>\n<style type=\"text\/css\" data-created_by=\"avia_inline_auto\" id=\"style-css-av-jlklc0tk-9265a016a21a433f14b4a3b0bd7c4808\">\n#top .av_textblock_section.av-jlklc0tk-9265a016a21a433f14b4a3b0bd7c4808 .avia_textblock{\ncolor:#ffffff;\n}\n<\/style>\n<section  class='av_textblock_section av-jlklc0tk-9265a016a21a433f14b4a3b0bd7c4808 '   itemscope=\"itemscope\" itemtype=\"https:\/\/schema.org\/CreativeWork\" ><div class='avia_textblock h1-menu av_inherit_color'  itemprop=\"text\" ><h1>Contact<\/h1>\n<\/div><\/section>\n<\/div><\/div>\n<\/div><div id='after_grid_row_1'  class='main_color av_default_container_wrap container_wrap sidebar_right'  ><div class='container av-section-cont-open' ><div class='template-page content  av-content-small alpha units'><div class='post-entry post-entry-type-page post-entry-6154'><div class='entry-content-wrapper clearfix'>\n<section  class='av_textblock_section av-av_textblock-9ee6daaf882f31bf75966532cda9493c '   itemscope=\"itemscope\" itemtype=\"https:\/\/schema.org\/CreativeWork\" ><div class='avia_textblock'  itemprop=\"text\" ><\/div><\/section>\n<\/div><\/div><\/div><!-- close content main div --><\/div><\/div><div id='secretariat-general'  class='avia-section av-360rhn-487d4a7733e0fcc1f61d0e616693d313 main_color avia-section-default avia-no-border-styling  avia-builder-el-7  el_after_av_textblock  el_before_av_section  avia-bg-style-scroll container_wrap sidebar_right'  ><div class='container av-section-cont-open' ><div class='template-page content  av-content-small alpha units'><div class='post-entry post-entry-type-page post-entry-6154'><div class='entry-content-wrapper clearfix'>\n\n<style type=\"text\/css\" data-created_by=\"avia_inline_auto\" id=\"style-css-av-2wyup6-e4e87030cceaf0065722e3108ffbc330\">\n#top .av-special-heading.av-2wyup6-e4e87030cceaf0065722e3108ffbc330{\npadding-bottom:20px;\n}\nbody .av-special-heading.av-2wyup6-e4e87030cceaf0065722e3108ffbc330 .av-special-heading-tag .heading-char{\nfont-size:25px;\n}\n.av-special-heading.av-2wyup6-e4e87030cceaf0065722e3108ffbc330 .av-subheading{\nfont-size:15px;\n}\n<\/style>\n<div  class='av-special-heading av-2wyup6-e4e87030cceaf0065722e3108ffbc330 av-special-heading-h2 blockquote modern-quote  avia-builder-el-8  el_before_av_one_fourth  avia-builder-el-first  av-linked-heading'><h2 class='av-special-heading-tag '  itemprop=\"headline\"  >Nous sommes \u00e0 votre service<\/h2><div class=\"special-heading-border\"><div class=\"special-heading-inner-border\"><\/div><\/div><\/div>\n\n<style type=\"text\/css\" data-created_by=\"avia_inline_auto\" id=\"style-css-av-2xr9m3-4-499b1c076a96c57cede1f40fe1231589\">\n.flex_column.av-2xr9m3-4-499b1c076a96c57cede1f40fe1231589{\nborder-radius:0px 0px 0px 0px;\npadding:0px 0px 0px 0px;\n}\n<\/style>\n<div  class='flex_column av-2xr9m3-4-499b1c076a96c57cede1f40fe1231589 av_one_fourth  avia-builder-el-9  el_after_av_heading  el_before_av_one_fourth  first flex_column_div av-zero-column-padding  '     ><p><section  class='av_textblock_section av-lfz51nyp-bf6fbb97967474e956f93f97b4c6180e '   itemscope=\"itemscope\" itemtype=\"https:\/\/schema.org\/CreativeWork\" ><div class='avia_textblock'  itemprop=\"text\" ><p><strong>Secr\u00e9tariat g\u00e9n\u00e9ral<br \/>\n<\/strong><\/p>\n<\/div><\/section><br \/>\n<section  class='av_textblock_section av-lfz4xndt-71afda7f6c21f53c06f774f09055201c '   itemscope=\"itemscope\" itemtype=\"https:\/\/schema.org\/CreativeWork\" ><div class='avia_textblock'  itemprop=\"text\" ><p>Monbijoustrasse 61<br \/>\ncase postale<br \/>\n3000 Berne 14<strong><br \/>\n<\/strong><\/p>\n<\/div><\/section><\/p><\/div>\n<style type=\"text\/css\" data-created_by=\"avia_inline_auto\" id=\"style-css-av-2xr9m3-dee680351a917270a4b626382d427822\">\n.flex_column.av-2xr9m3-dee680351a917270a4b626382d427822{\nborder-radius:0px 0px 0px 0px;\npadding:0px 0px 0px 0px;\n}\n<\/style>\n<div  class='flex_column av-2xr9m3-dee680351a917270a4b626382d427822 av_one_fourth  avia-builder-el-12  el_after_av_one_fourth  el_before_av_one_fourth  flex_column_div av-zero-column-padding  '     ><p><section  class='av_textblock_section av-jooivasz-6d95c09c4b39c6f49d33b1c95025e0fc '   itemscope=\"itemscope\" itemtype=\"https:\/\/schema.org\/CreativeWork\" ><div class='avia_textblock'  itemprop=\"text\" ><p><strong>Heures d&rsquo;ouverture<\/strong><strong><br \/>\n<\/strong><\/p>\n<\/div><\/section><br \/>\n<section  class='av_textblock_section av-jmhvpkq9-89dbc6f1a3695a2115254263f9319e98 '   itemscope=\"itemscope\" itemtype=\"https:\/\/schema.org\/CreativeWork\" ><div class='avia_textblock'  itemprop=\"text\" ><p>Du lundi au jeudi<br \/>\nde 13 h 30 \u00e0 16 h 30<\/p>\n<\/div><\/section><\/p><\/div>\n<style type=\"text\/css\" data-created_by=\"avia_inline_auto\" id=\"style-css-av-2xr9m3-10-223bb53deb9fc695e3608a6242bc7b70\">\n.flex_column.av-2xr9m3-10-223bb53deb9fc695e3608a6242bc7b70{\nborder-radius:0px 0px 0px 0px;\npadding:0px 0px 0px 0px;\n}\n<\/style>\n<div  class='flex_column av-2xr9m3-10-223bb53deb9fc695e3608a6242bc7b70 av_one_fourth  avia-builder-el-15  el_after_av_one_fourth  el_before_av_one_fourth  flex_column_div av-zero-column-padding  '     ><p><section  class='av_textblock_section av-jooivasz-9-b9f1baa84a236157fd80b4318baad434 '   itemscope=\"itemscope\" itemtype=\"https:\/\/schema.org\/CreativeWork\" ><div class='avia_textblock'  itemprop=\"text\" ><p><strong>Administration<\/strong><\/p>\n<p>(lundi-mardi-jeudi)<\/p>\n<\/div><\/section><br \/>\n\n<style type=\"text\/css\" data-created_by=\"avia_inline_auto\" id=\"style-css-av-jmhvpkq9-8-1ffe6ad681fac2cee09d9e721830ddc4\">\n#top .av_textblock_section.av-jmhvpkq9-8-1ffe6ad681fac2cee09d9e721830ddc4 .avia_textblock{\nfont-size:18px;\n}\n<\/style>\n<section  class='av_textblock_section av-jmhvpkq9-8-1ffe6ad681fac2cee09d9e721830ddc4 '   itemscope=\"itemscope\" itemtype=\"https:\/\/schema.org\/CreativeWork\" ><div class='avia_textblock'  itemprop=\"text\" ><p><a href=\"tel:+41313701879\">\u00bb +41 31 370 18 79<\/a><br \/>\n<a href=\"mailto:info@sbv-asgm.ch\">\u00bb info@sbv-asgm.ch<\/a><\/p>\n<p><span style=\"color: #ff0000;\">\u00a0<\/span><\/p>\n<\/div><\/section><\/p><\/div>\n<style type=\"text\/css\" data-created_by=\"avia_inline_auto\" id=\"style-css-av-2xr9m3-7-6c0bb84a23901604aec66a1bb21f6c2f\">\n.flex_column.av-2xr9m3-7-6c0bb84a23901604aec66a1bb21f6c2f{\nborder-radius:0px 0px 0px 0px;\npadding:0px 0px 0px 0px;\n}\n<\/style>\n<div  class='flex_column av-2xr9m3-7-6c0bb84a23901604aec66a1bb21f6c2f av_one_fourth  avia-builder-el-18  el_after_av_one_fourth  avia-builder-el-last  flex_column_div av-zero-column-padding  '     ><p><section  class='av_textblock_section av-jooivasz-6-94432f2aa892d6b74a1ec468deb2e3f4 '   itemscope=\"itemscope\" itemtype=\"https:\/\/schema.org\/CreativeWork\" ><div class='avia_textblock'  itemprop=\"text\" ><p><strong>Formation<\/strong><\/p>\n<p>(lundi-mardi-mercredi)<\/p>\n<\/div><\/section><br \/>\n\n<style type=\"text\/css\" data-created_by=\"avia_inline_auto\" id=\"style-css-av-jmhvpkq9-5-ea223ee3f245ea9aaa851ad8daacdd2d\">\n#top .av_textblock_section.av-jmhvpkq9-5-ea223ee3f245ea9aaa851ad8daacdd2d .avia_textblock{\nfont-size:18px;\n}\n<\/style>\n<section  class='av_textblock_section av-jmhvpkq9-5-ea223ee3f245ea9aaa851ad8daacdd2d '   itemscope=\"itemscope\" itemtype=\"https:\/\/schema.org\/CreativeWork\" ><div class='avia_textblock'  itemprop=\"text\" ><p><a href=\"tel:+41313701878\">\u00bb +41 31 370 18 78<\/a><br \/>\n<a href=\"mailto:ausbildung@sbv-asgm.ch\">\u00bb ausbildung@sbv-asgm.ch<\/a><\/p>\n<p><span style=\"color: #ff0000;\">\u00a0<\/span><\/p>\n<\/div><\/section><\/p><\/div><\/div><\/div><\/div><!-- close content main div --><\/div><\/div><div id='av_section_2'  class='avia-section av-2rpdpm-ce0cdb0593841e09d48485dc63c2e28c main_color avia-section-no-padding avia-no-border-styling  avia-builder-el-21  el_after_av_section  el_before_av_section  avia-bg-style-scroll container_wrap sidebar_right'  ><div class='container av-section-cont-open' ><div class='template-page content  av-content-small alpha units'><div class='post-entry post-entry-type-page post-entry-6154'><div class='entry-content-wrapper clearfix'>\n<div  class='av_gmaps_sc_main_wrap av_gmaps_main_wrap '><div id='av_gmap_0' class='avia-google-map-container avia-google-map-sc av_gmaps_show_unconditionally av-no-fallback-img ' data-mapid='av_gmap_0'  style='height: 550px;'><a class=\"av_gmaps_browser_disabled av_text_confirm_link av_text_confirm_link_visible\" href=\"https:\/\/www.google.com\/maps\/search\/?api=1&#038;query=Monbijoustrasse%2061%203000%20Bern%20%20Switzerland\" target=\"_blank\">Les cartes ont \u00e9t\u00e9 d\u00e9sactiv\u00e9es par le visiteur sur ce site. Cliquer pour ouvrir la carte dans une nouvelle fen\u00eatre.<\/a><\/div><\/div>\n<\/p>\n<\/div><\/div><\/div><!-- close content main div --><\/div><\/div><div id='informations-bancaires'  class='avia-section av-360rhn-11-4b4554c4f7b3738c1382d25be2d5b809 main_color avia-section-default avia-no-border-styling  avia-builder-el-23  el_after_av_section  avia-builder-el-last  avia-bg-style-scroll container_wrap sidebar_right'  ><div class='container av-section-cont-open' ><div class='template-page content  av-content-small alpha units'><div class='post-entry post-entry-type-page post-entry-6154'><div class='entry-content-wrapper clearfix'>\n\n\n<style type=\"text\/css\" data-created_by=\"avia_inline_auto\" id=\"style-css-av-2xr9m3-3-f01853e2a74881a8d12f7a8f4da3b13f\">\n.flex_column.av-2xr9m3-3-f01853e2a74881a8d12f7a8f4da3b13f{\nborder-radius:0px 0px 0px 0px;\npadding:0px 0px 0px 0px;\n}\n<\/style>\n<div  class='flex_column av-2xr9m3-3-f01853e2a74881a8d12f7a8f4da3b13f av_two_fifth  avia-builder-el-25  el_after_av_heading  el_before_av_two_fifth  first av-break-at-tablet flex_column_div av-zero-column-padding  '     ><\/div>\n<style type=\"text\/css\" data-created_by=\"avia_inline_auto\" id=\"style-css-av-2xr9m3-2-008a4eb84eac6bbfb4d74d17b58c605b\">\n.flex_column.av-2xr9m3-2-008a4eb84eac6bbfb4d74d17b58c605b{\nborder-radius:0px 0px 0px 0px;\npadding:0px 0px 0px 0px;\n}\n<\/style>\n<div  class='flex_column av-2xr9m3-2-008a4eb84eac6bbfb4d74d17b58c605b av_two_fifth  avia-builder-el-26  el_after_av_two_fifth  el_before_av_one_fifth  av-break-at-tablet flex_column_div av-zero-column-padding  '     ><\/div>\n<style type=\"text\/css\" data-created_by=\"avia_inline_auto\" id=\"style-css-av-2xr9m3-1-f0c9c23424b83dbf2bfa72a70ab4016e\">\n.flex_column.av-2xr9m3-1-f0c9c23424b83dbf2bfa72a70ab4016e{\nborder-radius:0px 0px 0px 0px;\npadding:0px 0px 0px 0px;\n}\n<\/style>\n<div  class='flex_column av-2xr9m3-1-f0c9c23424b83dbf2bfa72a70ab4016e av_one_fifth  avia-builder-el-27  el_after_av_two_fifth  avia-builder-el-last  av-break-at-tablet flex_column_div av-zero-column-padding  '     ><\/div>\n<\/div><\/div><\/div><!-- close content main div --><\/div><\/div><div id='after_section_3'  class='main_color av_default_container_wrap container_wrap sidebar_right'  ><div class='container av-section-cont-open' ><div class='template-page content  av-content-small alpha units'><div class='post-entry post-entry-type-page post-entry-6154'><div class='entry-content-wrapper clearfix'>\n","protected":false},"excerpt":{"rendered":"","protected":false},"author":17,"featured_media":0,"parent":0,"menu_order":74,"comment_status":"closed","ping_status":"closed","template":"","meta":{"_acf_changed":false,"footnotes":"","_links_to":"","_links_to_target":""},"class_list":["post-6154","page","type-page","status-publish","hentry"],"acf":[],"yoast_head":"<!-- This site is optimized with the Yoast SEO plugin v27.4 - https:\/\/yoast.com\/product\/yoast-seo-wordpress\/ -->\n<title>Contact - Schweizer Bergf\u00fchrerverband SBV-ASGM<\/title>\n<meta name=\"robots\" content=\"index, follow, max-snippet:-1, max-image-preview:large, max-video-preview:-1\" \/>\n<link rel=\"canonical\" href=\"https:\/\/sbv-asgm.ch\/fr\/contact\/\" \/>\n<meta property=\"og:locale\" content=\"fr_FR\" \/>\n<meta property=\"og:type\" content=\"article\" \/>\n<meta property=\"og:title\" content=\"Contact - Schweizer Bergf\u00fchrerverband SBV-ASGM\" \/>\n<meta property=\"og:url\" content=\"https:\/\/sbv-asgm.ch\/fr\/contact\/\" \/>\n<meta property=\"og:site_name\" content=\"Schweizer Bergf\u00fchrerverband SBV-ASGM\" \/>\n<meta property=\"article:modified_time\" content=\"2024-12-09T08:20:59+00:00\" \/>\n<meta name=\"twitter:card\" content=\"summary_large_image\" \/>\n<meta name=\"twitter:label1\" content=\"Dur\u00e9e de lecture estim\u00e9e\" \/>\n\t<meta name=\"twitter:data1\" content=\"1 minute\" \/>\n<script type=\"application\/ld+json\" class=\"yoast-schema-graph\">{\"@context\":\"https:\\\/\\\/schema.org\",\"@graph\":[{\"@type\":\"WebPage\",\"@id\":\"https:\\\/\\\/sbv-asgm.ch\\\/fr\\\/contact\\\/\",\"url\":\"https:\\\/\\\/sbv-asgm.ch\\\/fr\\\/contact\\\/\",\"name\":\"Contact - Schweizer Bergf\u00fchrerverband SBV-ASGM\",\"isPartOf\":{\"@id\":\"https:\\\/\\\/sbv-asgm.ch\\\/fr\\\/#website\"},\"datePublished\":\"2018-09-25T12:42:46+00:00\",\"dateModified\":\"2024-12-09T08:20:59+00:00\",\"breadcrumb\":{\"@id\":\"https:\\\/\\\/sbv-asgm.ch\\\/fr\\\/contact\\\/#breadcrumb\"},\"inLanguage\":\"fr-FR\",\"potentialAction\":[{\"@type\":\"ReadAction\",\"target\":[\"https:\\\/\\\/sbv-asgm.ch\\\/fr\\\/contact\\\/\"]}]},{\"@type\":\"BreadcrumbList\",\"@id\":\"https:\\\/\\\/sbv-asgm.ch\\\/fr\\\/contact\\\/#breadcrumb\",\"itemListElement\":[{\"@type\":\"ListItem\",\"position\":1,\"name\":\"Startseite\",\"item\":\"https:\\\/\\\/sbv-asgm.ch\\\/fr\\\/\"},{\"@type\":\"ListItem\",\"position\":2,\"name\":\"Contact\"}]},{\"@type\":\"WebSite\",\"@id\":\"https:\\\/\\\/sbv-asgm.ch\\\/fr\\\/#website\",\"url\":\"https:\\\/\\\/sbv-asgm.ch\\\/fr\\\/\",\"name\":\"Schweizer Bergf\u00fchrerverband SBV-ASGM\",\"description\":\"Bergf\u00fchrer, Wanderleiter, Kletterlehrer, H\u00f6henarbeiter\",\"publisher\":{\"@id\":\"https:\\\/\\\/sbv-asgm.ch\\\/fr\\\/#organization\"},\"potentialAction\":[{\"@type\":\"SearchAction\",\"target\":{\"@type\":\"EntryPoint\",\"urlTemplate\":\"https:\\\/\\\/sbv-asgm.ch\\\/fr\\\/?s={search_term_string}\"},\"query-input\":{\"@type\":\"PropertyValueSpecification\",\"valueRequired\":true,\"valueName\":\"search_term_string\"}}],\"inLanguage\":\"fr-FR\"},{\"@type\":\"Organization\",\"@id\":\"https:\\\/\\\/sbv-asgm.ch\\\/fr\\\/#organization\",\"name\":\"Schweizer Bergf\u00fchrerverband SBV-ASGM\",\"alternateName\":\"SBV-ASGM\",\"url\":\"https:\\\/\\\/sbv-asgm.ch\\\/fr\\\/\",\"logo\":{\"@type\":\"ImageObject\",\"inLanguage\":\"fr-FR\",\"@id\":\"https:\\\/\\\/sbv-asgm.ch\\\/fr\\\/#\\\/schema\\\/logo\\\/image\\\/\",\"url\":\"https:\\\/\\\/sbv-asgm.ch\\\/wp-content\\\/uploads\\\/logo-sbv-asgm.png\",\"contentUrl\":\"https:\\\/\\\/sbv-asgm.ch\\\/wp-content\\\/uploads\\\/logo-sbv-asgm.png\",\"width\":400,\"height\":130,\"caption\":\"Schweizer Bergf\u00fchrerverband SBV-ASGM\"},\"image\":{\"@id\":\"https:\\\/\\\/sbv-asgm.ch\\\/fr\\\/#\\\/schema\\\/logo\\\/image\\\/\"}}]}<\/script>\n<!-- \/ Yoast SEO plugin. -->","yoast_head_json":{"title":"Contact - Schweizer Bergf\u00fchrerverband SBV-ASGM","robots":{"index":"index","follow":"follow","max-snippet":"max-snippet:-1","max-image-preview":"max-image-preview:large","max-video-preview":"max-video-preview:-1"},"canonical":"https:\/\/sbv-asgm.ch\/fr\/contact\/","og_locale":"fr_FR","og_type":"article","og_title":"Contact - Schweizer Bergf\u00fchrerverband SBV-ASGM","og_url":"https:\/\/sbv-asgm.ch\/fr\/contact\/","og_site_name":"Schweizer Bergf\u00fchrerverband SBV-ASGM","article_modified_time":"2024-12-09T08:20:59+00:00","twitter_card":"summary_large_image","twitter_misc":{"Dur\u00e9e de lecture estim\u00e9e":"1 minute"},"schema":{"@context":"https:\/\/schema.org","@graph":[{"@type":"WebPage","@id":"https:\/\/sbv-asgm.ch\/fr\/contact\/","url":"https:\/\/sbv-asgm.ch\/fr\/contact\/","name":"Contact - Schweizer Bergf\u00fchrerverband SBV-ASGM","isPartOf":{"@id":"https:\/\/sbv-asgm.ch\/fr\/#website"},"datePublished":"2018-09-25T12:42:46+00:00","dateModified":"2024-12-09T08:20:59+00:00","breadcrumb":{"@id":"https:\/\/sbv-asgm.ch\/fr\/contact\/#breadcrumb"},"inLanguage":"fr-FR","potentialAction":[{"@type":"ReadAction","target":["https:\/\/sbv-asgm.ch\/fr\/contact\/"]}]},{"@type":"BreadcrumbList","@id":"https:\/\/sbv-asgm.ch\/fr\/contact\/#breadcrumb","itemListElement":[{"@type":"ListItem","position":1,"name":"Startseite","item":"https:\/\/sbv-asgm.ch\/fr\/"},{"@type":"ListItem","position":2,"name":"Contact"}]},{"@type":"WebSite","@id":"https:\/\/sbv-asgm.ch\/fr\/#website","url":"https:\/\/sbv-asgm.ch\/fr\/","name":"Schweizer Bergf\u00fchrerverband SBV-ASGM","description":"Bergf\u00fchrer, Wanderleiter, Kletterlehrer, H\u00f6henarbeiter","publisher":{"@id":"https:\/\/sbv-asgm.ch\/fr\/#organization"},"potentialAction":[{"@type":"SearchAction","target":{"@type":"EntryPoint","urlTemplate":"https:\/\/sbv-asgm.ch\/fr\/?s={search_term_string}"},"query-input":{"@type":"PropertyValueSpecification","valueRequired":true,"valueName":"search_term_string"}}],"inLanguage":"fr-FR"},{"@type":"Organization","@id":"https:\/\/sbv-asgm.ch\/fr\/#organization","name":"Schweizer Bergf\u00fchrerverband SBV-ASGM","alternateName":"SBV-ASGM","url":"https:\/\/sbv-asgm.ch\/fr\/","logo":{"@type":"ImageObject","inLanguage":"fr-FR","@id":"https:\/\/sbv-asgm.ch\/fr\/#\/schema\/logo\/image\/","url":"https:\/\/sbv-asgm.ch\/wp-content\/uploads\/logo-sbv-asgm.png","contentUrl":"https:\/\/sbv-asgm.ch\/wp-content\/uploads\/logo-sbv-asgm.png","width":400,"height":130,"caption":"Schweizer Bergf\u00fchrerverband SBV-ASGM"},"image":{"@id":"https:\/\/sbv-asgm.ch\/fr\/#\/schema\/logo\/image\/"}}]}},"publishpress_future_action":{"enabled":false,"date":"2026-04-27 14:30:27","action":"change-status","newStatus":"draft","terms":[],"taxonomy":"translation_priority","extraData":[]},"publishpress_future_workflow_manual_trigger":{"enabledWorkflows":[]},"_links":{"self":[{"href":"https:\/\/sbv-asgm.ch\/fr\/wp-json\/wp\/v2\/pages\/6154","targetHints":{"allow":["GET"]}}],"collection":[{"href":"https:\/\/sbv-asgm.ch\/fr\/wp-json\/wp\/v2\/pages"}],"about":[{"href":"https:\/\/sbv-asgm.ch\/fr\/wp-json\/wp\/v2\/types\/page"}],"author":[{"embeddable":true,"href":"https:\/\/sbv-asgm.ch\/fr\/wp-json\/wp\/v2\/users\/17"}],"replies":[{"embeddable":true,"href":"https:\/\/sbv-asgm.ch\/fr\/wp-json\/wp\/v2\/comments?post=6154"}],"version-history":[{"count":43,"href":"https:\/\/sbv-asgm.ch\/fr\/wp-json\/wp\/v2\/pages\/6154\/revisions"}],"predecessor-version":[{"id":37203,"href":"https:\/\/sbv-asgm.ch\/fr\/wp-json\/wp\/v2\/pages\/6154\/revisions\/37203"}],"wp:attachment":[{"href":"https:\/\/sbv-asgm.ch\/fr\/wp-json\/wp\/v2\/media?parent=6154"}],"curies":[{"name":"wp","href":"https:\/\/api.w.org\/{rel}","templated":true}]}}